{"id":8821,"date":"2024-11-05T14:04:32","date_gmt":"2024-11-05T14:04:32","guid":{"rendered":"https:\/\/startvita.pt\/site\/?post_type=product&#038;p=8821"},"modified":"2024-11-05T14:59:35","modified_gmt":"2024-11-05T14:59:35","slug":"porta-multiuso-duas-folhas","status":"publish","type":"product","link":"https:\/\/startvita.pt\/site\/loja\/porta-multiuso-duas-folhas\/","title":{"rendered":"Porta Multiuso Cinzenta (2 Folhas)"},"content":{"rendered":"<p>Porta Multiuso Dupla Folha, com ou sem grelha de ventila\u00e7\u00e3o, Cor Cinzenta RAL 7035<\/p>\n","protected":false},"excerpt":{"rendered":"<p>IVA Inclu\u00eddo<\/p>\n<p>Caracter\u00edsticas: Aro tr\u00eas lados em MC3 em a\u00e7o de alta resist\u00eancia de 1.5mm. Com alojamento para guarni\u00e7\u00e3o de fumos fr\u00edos. Folha de chapa de a\u00e7o galvanizado tipo skinpass. Isolamento interno de Poliestireno de 20 kg\/m3. Duas dobradi\u00e7as homologadas NORMA D.I.N., duas com accionamento por mola de fecho<br \/>\nsemiautom\u00e1tico. Seis unhas de encaixe em obra de 155x30x1,5. Fechadura NORMA D.I.N., e canh\u00e3o de chave patenteada. Puxador (cor negro de serie). Modelo M0. Dois fechos de culatra na folha passiva.<\/p>\n","protected":false},"featured_media":8822,"template":"","meta":[],"product_brand":[],"product_cat":[101],"product_tag":[],"class_list":{"0":"post-8821","1":"product","2":"type-product","3":"status-publish","4":"has-post-thumbnail","6":"product_cat-porta-multiusos","8":"first","9":"instock","10":"shipping-taxable","11":"purchasable","12":"product-type-composite"},"composite_virtual":false,"composite_layout":"paged","composite_add_to_cart_form_location":"default","composite_editable_in_cart":false,"composite_sold_individually_context":"product","composite_shop_price_calc":"defaults","composite_components":[{"id":"1641921484","title":"Porta Multiuso","description":"","query_type":"product_ids","query_ids":[8823],"default_option_id":8823,"thumbnail_id":"","thumbnail_src":"","quantity_min":1,"quantity_max":1,"priced_individually":true,"shipped_individually":false,"optional":false,"discount":"","options_style":"dropdowns","pagination_style":"classic","display_prices":"absolute","show_sorting_options":false,"show_filtering_options":false,"attribute_filter_ids":[],"select_action":"view","product_title_visible":true,"product_descr_visible":true,"product_price_visible":true,"product_thumb_visible":true,"subtotal_visible_product":true,"subtotal_visible_cart":true,"subtotal_visible_orders":true}],"composite_scenarios":[],"yoast_head":"<!-- This site is optimized with the Yoast SEO Premium plugin v24.1 (Yoast SEO v27.3) - https:\/\/yoast.com\/product\/yoast-seo-premium-wordpress\/ -->\n<title>Porta Multiuso Cinzenta (2 Folhas) - Startvita<\/title>\n<meta name=\"description\" content=\"Porta Multiuso Roper, com ou sem grelha de ventila\u00e7\u00e3o, em chapa de a\u00e7o galvanizado com isolamento interno de poliestireno de 20kg\/m3 de cor Branca RAL 9010.\" \/>\n<meta name=\"robots\" content=\"index, follow, max-snippet:-1, max-image-preview:large, max-video-preview:-1\" \/>\n<link rel=\"canonical\" href=\"https:\/\/startvita.pt\/site\/loja\/porta-multiuso-duas-folhas\/\" \/>\n<meta property=\"og:locale\" content=\"pt_PT\" \/>\n<meta property=\"og:type\" content=\"article\" \/>\n<meta property=\"og:title\" content=\"Porta Multiuso Cinzenta (2 Folhas)\" \/>\n<meta property=\"og:description\" content=\"Porta Multiuso Roper, com ou sem grelha de ventila\u00e7\u00e3o, em chapa de a\u00e7o galvanizado com isolamento interno de poliestireno de 20kg\/m3 de cor Branca RAL 9010.\" \/>\n<meta property=\"og:url\" content=\"https:\/\/startvita.pt\/site\/loja\/porta-multiuso-duas-folhas\/\" \/>\n<meta property=\"og:site_name\" content=\"Startvita\" \/>\n<meta property=\"article:publisher\" content=\"https:\/\/www.facebook.com\/Startvita.Lda\" \/>\n<meta property=\"article:modified_time\" content=\"2024-11-05T14:59:35+00:00\" \/>\n<meta property=\"og:image\" content=\"https:\/\/startvita.pt\/site\/wp-content\/uploads\/2024\/11\/porta-MT-dupla-cinzenta.png?v=1730816981\" \/>\n\t<meta property=\"og:image:width\" content=\"1997\" \/>\n\t<meta property=\"og:image:height\" content=\"1870\" \/>\n\t<meta property=\"og:image:type\" content=\"image\/png\" \/>\n<meta name=\"twitter:card\" content=\"summary_large_image\" \/>\n<meta name=\"twitter:label1\" content=\"Tempo estimado de leitura\" \/>\n\t<meta name=\"twitter:data1\" content=\"1 minuto\" \/>\n<script type=\"application\/ld+json\" class=\"yoast-schema-graph\">{\"@context\":\"https:\\\/\\\/schema.org\",\"@graph\":[{\"@type\":\"WebPage\",\"@id\":\"https:\\\/\\\/startvita.pt\\\/site\\\/loja\\\/porta-multiuso-duas-folhas\\\/\",\"url\":\"https:\\\/\\\/startvita.pt\\\/site\\\/loja\\\/porta-multiuso-duas-folhas\\\/\",\"name\":\"Porta Multiuso Cinzenta (2 Folhas) - Startvita\",\"isPartOf\":{\"@id\":\"https:\\\/\\\/startvita.pt\\\/site\\\/#website\"},\"primaryImageOfPage\":{\"@id\":\"https:\\\/\\\/startvita.pt\\\/site\\\/loja\\\/porta-multiuso-duas-folhas\\\/#primaryimage\"},\"image\":{\"@id\":\"https:\\\/\\\/startvita.pt\\\/site\\\/loja\\\/porta-multiuso-duas-folhas\\\/#primaryimage\"},\"thumbnailUrl\":\"https:\\\/\\\/startvita.pt\\\/site\\\/wp-content\\\/uploads\\\/2024\\\/11\\\/porta-MT-dupla-cinzenta.png?v=1730816981\",\"datePublished\":\"2024-11-05T14:04:32+00:00\",\"dateModified\":\"2024-11-05T14:59:35+00:00\",\"description\":\"Porta Multiuso Roper, com ou sem grelha de ventila\u00e7\u00e3o, em chapa de a\u00e7o galvanizado com isolamento interno de poliestireno de 20kg\\\/m3 de cor Branca RAL 9010.\",\"breadcrumb\":{\"@id\":\"https:\\\/\\\/startvita.pt\\\/site\\\/loja\\\/porta-multiuso-duas-folhas\\\/#breadcrumb\"},\"inLanguage\":\"pt-PT\",\"potentialAction\":[{\"@type\":\"ReadAction\",\"target\":[\"https:\\\/\\\/startvita.pt\\\/site\\\/loja\\\/porta-multiuso-duas-folhas\\\/\"]}]},{\"@type\":\"ImageObject\",\"inLanguage\":\"pt-PT\",\"@id\":\"https:\\\/\\\/startvita.pt\\\/site\\\/loja\\\/porta-multiuso-duas-folhas\\\/#primaryimage\",\"url\":\"https:\\\/\\\/startvita.pt\\\/site\\\/wp-content\\\/uploads\\\/2024\\\/11\\\/porta-MT-dupla-cinzenta.png?v=1730816981\",\"contentUrl\":\"https:\\\/\\\/startvita.pt\\\/site\\\/wp-content\\\/uploads\\\/2024\\\/11\\\/porta-MT-dupla-cinzenta.png?v=1730816981\",\"width\":1997,\"height\":1870,\"caption\":\"Porta Multiuso Dupla cinzenta\"},{\"@type\":\"BreadcrumbList\",\"@id\":\"https:\\\/\\\/startvita.pt\\\/site\\\/loja\\\/porta-multiuso-duas-folhas\\\/#breadcrumb\",\"itemListElement\":[{\"@type\":\"ListItem\",\"position\":1,\"name\":\"In\u00edcio\",\"item\":\"https:\\\/\\\/startvita.pt\\\/site\\\/\"},{\"@type\":\"ListItem\",\"position\":2,\"name\":\"Loja\",\"item\":\"https:\\\/\\\/startvita.pt\\\/site\\\/loja\\\/\"},{\"@type\":\"ListItem\",\"position\":3,\"name\":\"Porta Multiuso Cinzenta (2 Folhas)\"}]},{\"@type\":\"WebSite\",\"@id\":\"https:\\\/\\\/startvita.pt\\\/site\\\/#website\",\"url\":\"https:\\\/\\\/startvita.pt\\\/site\\\/\",\"name\":\"Startvita Portas Blindadas\",\"description\":\"Portas Blindadas\",\"publisher\":{\"@id\":\"https:\\\/\\\/startvita.pt\\\/site\\\/#organization\"},\"alternateName\":\"Startvita\",\"potentialAction\":[{\"@type\":\"SearchAction\",\"target\":{\"@type\":\"EntryPoint\",\"urlTemplate\":\"https:\\\/\\\/startvita.pt\\\/site\\\/?s={search_term_string}\"},\"query-input\":{\"@type\":\"PropertyValueSpecification\",\"valueRequired\":true,\"valueName\":\"search_term_string\"}}],\"inLanguage\":\"pt-PT\"},{\"@type\":\"Organization\",\"@id\":\"https:\\\/\\\/startvita.pt\\\/site\\\/#organization\",\"name\":\"Startvita Portas Blindadas\",\"alternateName\":\"Startvita, Lda.\",\"url\":\"https:\\\/\\\/startvita.pt\\\/site\\\/\",\"logo\":{\"@type\":\"ImageObject\",\"inLanguage\":\"pt-PT\",\"@id\":\"https:\\\/\\\/startvita.pt\\\/site\\\/#\\\/schema\\\/logo\\\/image\\\/\",\"url\":\"https:\\\/\\\/startvita.pt\\\/site\\\/wp-content\\\/uploads\\\/2014\\\/08\\\/Logo_seo.png\",\"contentUrl\":\"https:\\\/\\\/startvita.pt\\\/site\\\/wp-content\\\/uploads\\\/2014\\\/08\\\/Logo_seo.png\",\"width\":691,\"height\":691,\"caption\":\"Startvita Portas Blindadas\"},\"image\":{\"@id\":\"https:\\\/\\\/startvita.pt\\\/site\\\/#\\\/schema\\\/logo\\\/image\\\/\"},\"sameAs\":[\"https:\\\/\\\/www.facebook.com\\\/Startvita.Lda\",\"https:\\\/\\\/www.instagram.com\\\/startvita_portas\\\/\"],\"description\":\"Com\u00e9rcio e montagem de Portas Blindadas, Port\u00f5es Seccion\u00e1veis e Automatismos, Serralharia Port\u00f5es e Gradeamentos. Temos tamb\u00e9m Portas Corta-Fogo, Portas Multiuso, Portas de Interior, entre outros.\",\"email\":\"geral@startvita.pt\",\"telephone\":\"212216028\",\"legalName\":\"Startvita - Portas e Automatismos Unipessoal, Lda.\",\"foundingDate\":\"2006-02-07\",\"vatID\":\"507634322\",\"numberOfEmployees\":{\"@type\":\"QuantitativeValue\",\"minValue\":\"1\",\"maxValue\":\"10\"},\"publishingPrinciples\":\"https:\\\/\\\/startvita.pt\\\/site\\\/produtos-seguranca-startvita\\\/\"}]}<\/script>\n<!-- \/ Yoast SEO Premium plugin. -->","yoast_head_json":{"title":"Porta Multiuso Cinzenta (2 Folhas) - Startvita","description":"Porta Multiuso Roper, com ou sem grelha de ventila\u00e7\u00e3o, em chapa de a\u00e7o galvanizado com isolamento interno de poliestireno de 20kg\/m3 de cor Branca RAL 9010.","robots":{"index":"index","follow":"follow","max-snippet":"max-snippet:-1","max-image-preview":"max-image-preview:large","max-video-preview":"max-video-preview:-1"},"canonical":"https:\/\/startvita.pt\/site\/loja\/porta-multiuso-duas-folhas\/","og_locale":"pt_PT","og_type":"article","og_title":"Porta Multiuso Cinzenta (2 Folhas)","og_description":"Porta Multiuso Roper, com ou sem grelha de ventila\u00e7\u00e3o, em chapa de a\u00e7o galvanizado com isolamento interno de poliestireno de 20kg\/m3 de cor Branca RAL 9010.","og_url":"https:\/\/startvita.pt\/site\/loja\/porta-multiuso-duas-folhas\/","og_site_name":"Startvita","article_publisher":"https:\/\/www.facebook.com\/Startvita.Lda","article_modified_time":"2024-11-05T14:59:35+00:00","og_image":[{"width":1997,"height":1870,"url":"https:\/\/startvita.pt\/site\/wp-content\/uploads\/2024\/11\/porta-MT-dupla-cinzenta.png?v=1730816981","type":"image\/png"}],"twitter_card":"summary_large_image","twitter_misc":{"Tempo estimado de leitura":"1 minuto"},"schema":{"@context":"https:\/\/schema.org","@graph":[{"@type":"WebPage","@id":"https:\/\/startvita.pt\/site\/loja\/porta-multiuso-duas-folhas\/","url":"https:\/\/startvita.pt\/site\/loja\/porta-multiuso-duas-folhas\/","name":"Porta Multiuso Cinzenta (2 Folhas) - Startvita","isPartOf":{"@id":"https:\/\/startvita.pt\/site\/#website"},"primaryImageOfPage":{"@id":"https:\/\/startvita.pt\/site\/loja\/porta-multiuso-duas-folhas\/#primaryimage"},"image":{"@id":"https:\/\/startvita.pt\/site\/loja\/porta-multiuso-duas-folhas\/#primaryimage"},"thumbnailUrl":"https:\/\/startvita.pt\/site\/wp-content\/uploads\/2024\/11\/porta-MT-dupla-cinzenta.png?v=1730816981","datePublished":"2024-11-05T14:04:32+00:00","dateModified":"2024-11-05T14:59:35+00:00","description":"Porta Multiuso Roper, com ou sem grelha de ventila\u00e7\u00e3o, em chapa de a\u00e7o galvanizado com isolamento interno de poliestireno de 20kg\/m3 de cor Branca RAL 9010.","breadcrumb":{"@id":"https:\/\/startvita.pt\/site\/loja\/porta-multiuso-duas-folhas\/#breadcrumb"},"inLanguage":"pt-PT","potentialAction":[{"@type":"ReadAction","target":["https:\/\/startvita.pt\/site\/loja\/porta-multiuso-duas-folhas\/"]}]},{"@type":"ImageObject","inLanguage":"pt-PT","@id":"https:\/\/startvita.pt\/site\/loja\/porta-multiuso-duas-folhas\/#primaryimage","url":"https:\/\/startvita.pt\/site\/wp-content\/uploads\/2024\/11\/porta-MT-dupla-cinzenta.png?v=1730816981","contentUrl":"https:\/\/startvita.pt\/site\/wp-content\/uploads\/2024\/11\/porta-MT-dupla-cinzenta.png?v=1730816981","width":1997,"height":1870,"caption":"Porta Multiuso Dupla cinzenta"},{"@type":"BreadcrumbList","@id":"https:\/\/startvita.pt\/site\/loja\/porta-multiuso-duas-folhas\/#breadcrumb","itemListElement":[{"@type":"ListItem","position":1,"name":"In\u00edcio","item":"https:\/\/startvita.pt\/site\/"},{"@type":"ListItem","position":2,"name":"Loja","item":"https:\/\/startvita.pt\/site\/loja\/"},{"@type":"ListItem","position":3,"name":"Porta Multiuso Cinzenta (2 Folhas)"}]},{"@type":"WebSite","@id":"https:\/\/startvita.pt\/site\/#website","url":"https:\/\/startvita.pt\/site\/","name":"Startvita Portas Blindadas","description":"Portas Blindadas","publisher":{"@id":"https:\/\/startvita.pt\/site\/#organization"},"alternateName":"Startvita","potentialAction":[{"@type":"SearchAction","target":{"@type":"EntryPoint","urlTemplate":"https:\/\/startvita.pt\/site\/?s={search_term_string}"},"query-input":{"@type":"PropertyValueSpecification","valueRequired":true,"valueName":"search_term_string"}}],"inLanguage":"pt-PT"},{"@type":"Organization","@id":"https:\/\/startvita.pt\/site\/#organization","name":"Startvita Portas Blindadas","alternateName":"Startvita, Lda.","url":"https:\/\/startvita.pt\/site\/","logo":{"@type":"ImageObject","inLanguage":"pt-PT","@id":"https:\/\/startvita.pt\/site\/#\/schema\/logo\/image\/","url":"https:\/\/startvita.pt\/site\/wp-content\/uploads\/2014\/08\/Logo_seo.png","contentUrl":"https:\/\/startvita.pt\/site\/wp-content\/uploads\/2014\/08\/Logo_seo.png","width":691,"height":691,"caption":"Startvita Portas Blindadas"},"image":{"@id":"https:\/\/startvita.pt\/site\/#\/schema\/logo\/image\/"},"sameAs":["https:\/\/www.facebook.com\/Startvita.Lda","https:\/\/www.instagram.com\/startvita_portas\/"],"description":"Com\u00e9rcio e montagem de Portas Blindadas, Port\u00f5es Seccion\u00e1veis e Automatismos, Serralharia Port\u00f5es e Gradeamentos. Temos tamb\u00e9m Portas Corta-Fogo, Portas Multiuso, Portas de Interior, entre outros.","email":"geral@startvita.pt","telephone":"212216028","legalName":"Startvita - Portas e Automatismos Unipessoal, Lda.","foundingDate":"2006-02-07","vatID":"507634322","numberOfEmployees":{"@type":"QuantitativeValue","minValue":"1","maxValue":"10"},"publishingPrinciples":"https:\/\/startvita.pt\/site\/produtos-seguranca-startvita\/"}]}},"_links":{"self":[{"href":"https:\/\/startvita.pt\/site\/wp-json\/wp\/v2\/product\/8821","targetHints":{"allow":["GET"]}}],"collection":[{"href":"https:\/\/startvita.pt\/site\/wp-json\/wp\/v2\/product"}],"about":[{"href":"https:\/\/startvita.pt\/site\/wp-json\/wp\/v2\/types\/product"}],"wp:featuredmedia":[{"embeddable":true,"href":"https:\/\/startvita.pt\/site\/wp-json\/wp\/v2\/media\/8822"}],"wp:attachment":[{"href":"https:\/\/startvita.pt\/site\/wp-json\/wp\/v2\/media?parent=8821"}],"wp:term":[{"taxonomy":"product_brand","embeddable":true,"href":"https:\/\/startvita.pt\/site\/wp-json\/wp\/v2\/product_brand?post=8821"},{"taxonomy":"product_cat","embeddable":true,"href":"https:\/\/startvita.pt\/site\/wp-json\/wp\/v2\/product_cat?post=8821"},{"taxonomy":"product_tag","embeddable":true,"href":"https:\/\/startvita.pt\/site\/wp-json\/wp\/v2\/product_tag?post=8821"}],"curies":[{"name":"wp","href":"https:\/\/api.w.org\/{rel}","templated":true}]}}