{"id":6412,"date":"2022-01-20T12:01:54","date_gmt":"2022-01-20T12:01:54","guid":{"rendered":"https:\/\/startvita.pt\/site\/?post_type=product&#038;p=6412"},"modified":"2022-01-24T10:45:55","modified_gmt":"2022-01-24T10:45:55","slug":"revestimento-em-aluminio","status":"publish","type":"product","link":"https:\/\/startvita.pt\/site\/loja\/revestimento-em-aluminio\/","title":{"rendered":"3. Revestimento em Alum\u00ednio"},"content":{"rendered":"","protected":false},"excerpt":{"rendered":"<p>IVA Inclu\u00eddo<\/p>\n<p>Revestimento para porta de alta seguran\u00e7a Dierre.<br \/>\nPainel em Alum\u00ednio, para moradia \/ em contato com o exterior (intemp\u00e9rie)<\/p>\n<p>Material por encomenda &#8211; Prazo de entrega: 3 a 4 semanas<\/p>\n","protected":false},"featured_media":5116,"template":"","meta":[],"product_brand":[],"product_cat":[125],"product_tag":[],"class_list":{"0":"post-6412","1":"product","2":"type-product","3":"status-publish","4":"has-post-thumbnail","6":"product_cat-revestimentos","8":"first","9":"instock","10":"shipping-taxable","11":"purchasable","12":"product-type-composite"},"composite_virtual":false,"composite_layout":"paged","composite_add_to_cart_form_location":"default","composite_editable_in_cart":false,"composite_sold_individually_context":"product","composite_shop_price_calc":"defaults","composite_components":[{"id":"1642681679","title":"Modelo:","description":"","query_type":"product_ids","query_ids":[7105],"default_option_id":7105,"thumbnail_id":"","thumbnail_src":"","quantity_min":1,"quantity_max":1,"priced_individually":true,"shipped_individually":false,"optional":false,"discount":"","options_style":"dropdowns","pagination_style":"classic","display_prices":"absolute","show_sorting_options":false,"show_filtering_options":false,"attribute_filter_ids":[],"select_action":"view","product_title_visible":true,"product_descr_visible":true,"product_price_visible":true,"product_thumb_visible":true,"subtotal_visible_product":true,"subtotal_visible_cart":true,"subtotal_visible_orders":true},{"id":"1642681770","title":"Medidas:","description":"","query_type":"product_ids","query_ids":[7222],"default_option_id":7222,"thumbnail_id":"","thumbnail_src":"","quantity_min":1,"quantity_max":1,"priced_individually":false,"shipped_individually":false,"optional":false,"discount":"","options_style":"dropdowns","pagination_style":"classic","display_prices":"absolute","show_sorting_options":false,"show_filtering_options":false,"attribute_filter_ids":[],"select_action":"view","product_title_visible":true,"product_descr_visible":true,"product_price_visible":true,"product_thumb_visible":true,"subtotal_visible_product":true,"subtotal_visible_cart":true,"subtotal_visible_orders":true},{"id":"1642682187","title":"Cor \/ Ral: ","description":"","query_type":"product_ids","query_ids":[7239],"default_option_id":7239,"thumbnail_id":"","thumbnail_src":"","quantity_min":1,"quantity_max":1,"priced_individually":false,"shipped_individually":false,"optional":false,"discount":"","options_style":"dropdowns","pagination_style":"classic","display_prices":"absolute","show_sorting_options":false,"show_filtering_options":false,"attribute_filter_ids":[],"select_action":"view","product_title_visible":true,"product_descr_visible":true,"product_price_visible":true,"product_thumb_visible":true,"subtotal_visible_product":true,"subtotal_visible_cart":true,"subtotal_visible_orders":true},{"id":"1642769337","title":"Montagem","description":"","query_type":"product_ids","query_ids":[7274],"default_option_id":7274,"thumbnail_id":"","thumbnail_src":"","quantity_min":1,"quantity_max":1,"priced_individually":true,"shipped_individually":false,"optional":false,"discount":"","options_style":"dropdowns","pagination_style":"classic","display_prices":"absolute","show_sorting_options":false,"show_filtering_options":false,"attribute_filter_ids":[],"select_action":"view","product_title_visible":true,"product_descr_visible":true,"product_price_visible":true,"product_thumb_visible":true,"subtotal_visible_product":true,"subtotal_visible_cart":true,"subtotal_visible_orders":true}],"composite_scenarios":[],"yoast_head":"<!-- This site is optimized with the Yoast SEO Premium plugin v24.1 (Yoast SEO v27.4) - https:\/\/yoast.com\/product\/yoast-seo-premium-wordpress\/ -->\n<title>3. Revestimento em Alum\u00ednio - Startvita<\/title>\n<meta name=\"robots\" content=\"index, follow, max-snippet:-1, max-image-preview:large, max-video-preview:-1\" \/>\n<link rel=\"canonical\" href=\"https:\/\/startvita.pt\/site\/loja\/revestimento-em-aluminio\/\" \/>\n<meta property=\"og:locale\" content=\"pt_PT\" \/>\n<meta property=\"og:type\" content=\"article\" \/>\n<meta property=\"og:title\" content=\"3. Revestimento em Alum\u00ednio\" \/>\n<meta property=\"og:description\" content=\"IVA Inclu\u00eddo  Revestimento para porta de alta seguran\u00e7a Dierre. Painel em Alum\u00ednio, para moradia \/ em contato com o exterior (intemp\u00e9rie)  Material por encomenda - Prazo de entrega: 3 a 4 semanas\" \/>\n<meta property=\"og:url\" content=\"https:\/\/startvita.pt\/site\/loja\/revestimento-em-aluminio\/\" \/>\n<meta property=\"og:site_name\" content=\"Startvita\" \/>\n<meta property=\"article:publisher\" content=\"https:\/\/www.facebook.com\/Startvita.Lda\" \/>\n<meta property=\"article:modified_time\" content=\"2022-01-24T10:45:55+00:00\" \/>\n<meta property=\"og:image\" content=\"https:\/\/startvita.pt\/site\/wp-content\/uploads\/2022\/01\/Aluminio.png?v=1641828525\" \/>\n\t<meta property=\"og:image:width\" content=\"442\" \/>\n\t<meta property=\"og:image:height\" content=\"458\" \/>\n\t<meta property=\"og:image:type\" content=\"image\/png\" \/>\n<meta name=\"twitter:card\" content=\"summary_large_image\" \/>\n<script type=\"application\/ld+json\" class=\"yoast-schema-graph\">{\"@context\":\"https:\\\/\\\/schema.org\",\"@graph\":[{\"@type\":\"WebPage\",\"@id\":\"https:\\\/\\\/startvita.pt\\\/site\\\/loja\\\/revestimento-em-aluminio\\\/\",\"url\":\"https:\\\/\\\/startvita.pt\\\/site\\\/loja\\\/revestimento-em-aluminio\\\/\",\"name\":\"3. Revestimento em Alum\u00ednio - Startvita\",\"isPartOf\":{\"@id\":\"https:\\\/\\\/startvita.pt\\\/site\\\/#website\"},\"primaryImageOfPage\":{\"@id\":\"https:\\\/\\\/startvita.pt\\\/site\\\/loja\\\/revestimento-em-aluminio\\\/#primaryimage\"},\"image\":{\"@id\":\"https:\\\/\\\/startvita.pt\\\/site\\\/loja\\\/revestimento-em-aluminio\\\/#primaryimage\"},\"thumbnailUrl\":\"https:\\\/\\\/startvita.pt\\\/site\\\/wp-content\\\/uploads\\\/2022\\\/01\\\/Aluminio.png?v=1641828525\",\"datePublished\":\"2022-01-20T12:01:54+00:00\",\"dateModified\":\"2022-01-24T10:45:55+00:00\",\"breadcrumb\":{\"@id\":\"https:\\\/\\\/startvita.pt\\\/site\\\/loja\\\/revestimento-em-aluminio\\\/#breadcrumb\"},\"inLanguage\":\"pt-PT\",\"potentialAction\":[{\"@type\":\"ReadAction\",\"target\":[\"https:\\\/\\\/startvita.pt\\\/site\\\/loja\\\/revestimento-em-aluminio\\\/\"]}]},{\"@type\":\"ImageObject\",\"inLanguage\":\"pt-PT\",\"@id\":\"https:\\\/\\\/startvita.pt\\\/site\\\/loja\\\/revestimento-em-aluminio\\\/#primaryimage\",\"url\":\"https:\\\/\\\/startvita.pt\\\/site\\\/wp-content\\\/uploads\\\/2022\\\/01\\\/Aluminio.png?v=1641828525\",\"contentUrl\":\"https:\\\/\\\/startvita.pt\\\/site\\\/wp-content\\\/uploads\\\/2022\\\/01\\\/Aluminio.png?v=1641828525\",\"width\":442,\"height\":458},{\"@type\":\"BreadcrumbList\",\"@id\":\"https:\\\/\\\/startvita.pt\\\/site\\\/loja\\\/revestimento-em-aluminio\\\/#breadcrumb\",\"itemListElement\":[{\"@type\":\"ListItem\",\"position\":1,\"name\":\"In\u00edcio\",\"item\":\"https:\\\/\\\/startvita.pt\\\/site\\\/\"},{\"@type\":\"ListItem\",\"position\":2,\"name\":\"Loja\",\"item\":\"https:\\\/\\\/startvita.pt\\\/site\\\/loja\\\/\"},{\"@type\":\"ListItem\",\"position\":3,\"name\":\"3. Revestimento em Alum\u00ednio\"}]},{\"@type\":\"WebSite\",\"@id\":\"https:\\\/\\\/startvita.pt\\\/site\\\/#website\",\"url\":\"https:\\\/\\\/startvita.pt\\\/site\\\/\",\"name\":\"Startvita Portas Blindadas\",\"description\":\"Portas Blindadas\",\"publisher\":{\"@id\":\"https:\\\/\\\/startvita.pt\\\/site\\\/#organization\"},\"alternateName\":\"Startvita\",\"potentialAction\":[{\"@type\":\"SearchAction\",\"target\":{\"@type\":\"EntryPoint\",\"urlTemplate\":\"https:\\\/\\\/startvita.pt\\\/site\\\/?s={search_term_string}\"},\"query-input\":{\"@type\":\"PropertyValueSpecification\",\"valueRequired\":true,\"valueName\":\"search_term_string\"}}],\"inLanguage\":\"pt-PT\"},{\"@type\":\"Organization\",\"@id\":\"https:\\\/\\\/startvita.pt\\\/site\\\/#organization\",\"name\":\"Startvita Portas Blindadas\",\"alternateName\":\"Startvita, Lda.\",\"url\":\"https:\\\/\\\/startvita.pt\\\/site\\\/\",\"logo\":{\"@type\":\"ImageObject\",\"inLanguage\":\"pt-PT\",\"@id\":\"https:\\\/\\\/startvita.pt\\\/site\\\/#\\\/schema\\\/logo\\\/image\\\/\",\"url\":\"https:\\\/\\\/startvita.pt\\\/site\\\/wp-content\\\/uploads\\\/2014\\\/08\\\/Logo_seo.png\",\"contentUrl\":\"https:\\\/\\\/startvita.pt\\\/site\\\/wp-content\\\/uploads\\\/2014\\\/08\\\/Logo_seo.png\",\"width\":691,\"height\":691,\"caption\":\"Startvita Portas Blindadas\"},\"image\":{\"@id\":\"https:\\\/\\\/startvita.pt\\\/site\\\/#\\\/schema\\\/logo\\\/image\\\/\"},\"sameAs\":[\"https:\\\/\\\/www.facebook.com\\\/Startvita.Lda\",\"https:\\\/\\\/www.instagram.com\\\/startvita_portas\\\/\"],\"description\":\"Com\u00e9rcio e montagem de Portas Blindadas, Port\u00f5es Seccion\u00e1veis e Automatismos, Serralharia Port\u00f5es e Gradeamentos. Temos tamb\u00e9m Portas Corta-Fogo, Portas Multiuso, Portas de Interior, entre outros.\",\"email\":\"geral@startvita.pt\",\"telephone\":\"212216028\",\"legalName\":\"Startvita - Portas e Automatismos Unipessoal, Lda.\",\"foundingDate\":\"2006-02-07\",\"vatID\":\"507634322\",\"numberOfEmployees\":{\"@type\":\"QuantitativeValue\",\"minValue\":\"1\",\"maxValue\":\"10\"},\"publishingPrinciples\":\"https:\\\/\\\/startvita.pt\\\/site\\\/produtos-seguranca-startvita\\\/\"}]}<\/script>\n<!-- \/ Yoast SEO Premium plugin. -->","yoast_head_json":{"title":"3. Revestimento em Alum\u00ednio - Startvita","robots":{"index":"index","follow":"follow","max-snippet":"max-snippet:-1","max-image-preview":"max-image-preview:large","max-video-preview":"max-video-preview:-1"},"canonical":"https:\/\/startvita.pt\/site\/loja\/revestimento-em-aluminio\/","og_locale":"pt_PT","og_type":"article","og_title":"3. Revestimento em Alum\u00ednio","og_description":"IVA Inclu\u00eddo  Revestimento para porta de alta seguran\u00e7a Dierre. Painel em Alum\u00ednio, para moradia \/ em contato com o exterior (intemp\u00e9rie)  Material por encomenda - Prazo de entrega: 3 a 4 semanas","og_url":"https:\/\/startvita.pt\/site\/loja\/revestimento-em-aluminio\/","og_site_name":"Startvita","article_publisher":"https:\/\/www.facebook.com\/Startvita.Lda","article_modified_time":"2022-01-24T10:45:55+00:00","og_image":[{"width":442,"height":458,"url":"https:\/\/startvita.pt\/site\/wp-content\/uploads\/2022\/01\/Aluminio.png?v=1641828525","type":"image\/png"}],"twitter_card":"summary_large_image","schema":{"@context":"https:\/\/schema.org","@graph":[{"@type":"WebPage","@id":"https:\/\/startvita.pt\/site\/loja\/revestimento-em-aluminio\/","url":"https:\/\/startvita.pt\/site\/loja\/revestimento-em-aluminio\/","name":"3. Revestimento em Alum\u00ednio - Startvita","isPartOf":{"@id":"https:\/\/startvita.pt\/site\/#website"},"primaryImageOfPage":{"@id":"https:\/\/startvita.pt\/site\/loja\/revestimento-em-aluminio\/#primaryimage"},"image":{"@id":"https:\/\/startvita.pt\/site\/loja\/revestimento-em-aluminio\/#primaryimage"},"thumbnailUrl":"https:\/\/startvita.pt\/site\/wp-content\/uploads\/2022\/01\/Aluminio.png?v=1641828525","datePublished":"2022-01-20T12:01:54+00:00","dateModified":"2022-01-24T10:45:55+00:00","breadcrumb":{"@id":"https:\/\/startvita.pt\/site\/loja\/revestimento-em-aluminio\/#breadcrumb"},"inLanguage":"pt-PT","potentialAction":[{"@type":"ReadAction","target":["https:\/\/startvita.pt\/site\/loja\/revestimento-em-aluminio\/"]}]},{"@type":"ImageObject","inLanguage":"pt-PT","@id":"https:\/\/startvita.pt\/site\/loja\/revestimento-em-aluminio\/#primaryimage","url":"https:\/\/startvita.pt\/site\/wp-content\/uploads\/2022\/01\/Aluminio.png?v=1641828525","contentUrl":"https:\/\/startvita.pt\/site\/wp-content\/uploads\/2022\/01\/Aluminio.png?v=1641828525","width":442,"height":458},{"@type":"BreadcrumbList","@id":"https:\/\/startvita.pt\/site\/loja\/revestimento-em-aluminio\/#breadcrumb","itemListElement":[{"@type":"ListItem","position":1,"name":"In\u00edcio","item":"https:\/\/startvita.pt\/site\/"},{"@type":"ListItem","position":2,"name":"Loja","item":"https:\/\/startvita.pt\/site\/loja\/"},{"@type":"ListItem","position":3,"name":"3. Revestimento em Alum\u00ednio"}]},{"@type":"WebSite","@id":"https:\/\/startvita.pt\/site\/#website","url":"https:\/\/startvita.pt\/site\/","name":"Startvita Portas Blindadas","description":"Portas Blindadas","publisher":{"@id":"https:\/\/startvita.pt\/site\/#organization"},"alternateName":"Startvita","potentialAction":[{"@type":"SearchAction","target":{"@type":"EntryPoint","urlTemplate":"https:\/\/startvita.pt\/site\/?s={search_term_string}"},"query-input":{"@type":"PropertyValueSpecification","valueRequired":true,"valueName":"search_term_string"}}],"inLanguage":"pt-PT"},{"@type":"Organization","@id":"https:\/\/startvita.pt\/site\/#organization","name":"Startvita Portas Blindadas","alternateName":"Startvita, Lda.","url":"https:\/\/startvita.pt\/site\/","logo":{"@type":"ImageObject","inLanguage":"pt-PT","@id":"https:\/\/startvita.pt\/site\/#\/schema\/logo\/image\/","url":"https:\/\/startvita.pt\/site\/wp-content\/uploads\/2014\/08\/Logo_seo.png","contentUrl":"https:\/\/startvita.pt\/site\/wp-content\/uploads\/2014\/08\/Logo_seo.png","width":691,"height":691,"caption":"Startvita Portas Blindadas"},"image":{"@id":"https:\/\/startvita.pt\/site\/#\/schema\/logo\/image\/"},"sameAs":["https:\/\/www.facebook.com\/Startvita.Lda","https:\/\/www.instagram.com\/startvita_portas\/"],"description":"Com\u00e9rcio e montagem de Portas Blindadas, Port\u00f5es Seccion\u00e1veis e Automatismos, Serralharia Port\u00f5es e Gradeamentos. Temos tamb\u00e9m Portas Corta-Fogo, Portas Multiuso, Portas de Interior, entre outros.","email":"geral@startvita.pt","telephone":"212216028","legalName":"Startvita - Portas e Automatismos Unipessoal, Lda.","foundingDate":"2006-02-07","vatID":"507634322","numberOfEmployees":{"@type":"QuantitativeValue","minValue":"1","maxValue":"10"},"publishingPrinciples":"https:\/\/startvita.pt\/site\/produtos-seguranca-startvita\/"}]}},"_links":{"self":[{"href":"https:\/\/startvita.pt\/site\/wp-json\/wp\/v2\/product\/6412","targetHints":{"allow":["GET"]}}],"collection":[{"href":"https:\/\/startvita.pt\/site\/wp-json\/wp\/v2\/product"}],"about":[{"href":"https:\/\/startvita.pt\/site\/wp-json\/wp\/v2\/types\/product"}],"wp:featuredmedia":[{"embeddable":true,"href":"https:\/\/startvita.pt\/site\/wp-json\/wp\/v2\/media\/5116"}],"wp:attachment":[{"href":"https:\/\/startvita.pt\/site\/wp-json\/wp\/v2\/media?parent=6412"}],"wp:term":[{"taxonomy":"product_brand","embeddable":true,"href":"https:\/\/startvita.pt\/site\/wp-json\/wp\/v2\/product_brand?post=6412"},{"taxonomy":"product_cat","embeddable":true,"href":"https:\/\/startvita.pt\/site\/wp-json\/wp\/v2\/product_cat?post=6412"},{"taxonomy":"product_tag","embeddable":true,"href":"https:\/\/startvita.pt\/site\/wp-json\/wp\/v2\/product_tag?post=6412"}],"curies":[{"name":"wp","href":"https:\/\/api.w.org\/{rel}","templated":true}]}}