{"id":6281,"date":"2022-01-19T15:11:35","date_gmt":"2022-01-19T15:11:35","guid":{"rendered":"https:\/\/startvita.pt\/site\/?post_type=product&#038;p=6281"},"modified":"2024-08-08T13:01:43","modified_gmt":"2024-08-08T13:01:43","slug":"troca-de-fechadura-cilindro-mtl600","status":"publish","type":"product","link":"https:\/\/startvita.pt\/site\/loja\/troca-de-fechadura-cilindro-mtl600\/","title":{"rendered":"3. Troca de Fechadura + Cilindro MTL600"},"content":{"rendered":"<p><em>Material Exclusivo para Porta Alta Seguran\u00e7a Dierre <\/em><\/p>\n","protected":false},"excerpt":{"rendered":"<p>IVA Inclu\u00eddo<\/p>\n<p>Fechadura de Cilindro Dierre<br \/>\n+ Cilindro Seguran\u00e7a Mul-t-lock Mod. MTL600 com sistema Anti-P\u00e2nico, Anti-Quebra, Anti-Broca (Alta Resist\u00eancia), Anti-Gazua (Alta Resist\u00eancia), Anti-Bumping (Alta Resist\u00eancia) com 5 Chaves Incopi\u00e1veis Iguais<br \/>\n+ Espelhos de Entrada de chave<br \/>\n+ Escudo Protetor de Cor Preto + Kit Fixa\u00e7\u00e3o especial<br \/>\n+ Montagem Inclu\u00edda<\/p>\n","protected":false},"featured_media":6300,"template":"","meta":[],"product_brand":[],"product_cat":[124],"product_tag":[],"class_list":{"0":"post-6281","1":"product","2":"type-product","3":"status-publish","4":"has-post-thumbnail","6":"product_cat-troca-de-fechadura","8":"first","9":"instock","10":"sold-individually","11":"shipping-taxable","12":"purchasable","13":"product-type-simple"},"composite_virtual":false,"composite_layout":"","composite_add_to_cart_form_location":"","composite_editable_in_cart":false,"composite_sold_individually_context":"","composite_shop_price_calc":"","composite_components":[],"composite_scenarios":[],"yoast_head":"<!-- This site is optimized with the Yoast SEO Premium plugin v24.1 (Yoast SEO v27.3) - https:\/\/yoast.com\/product\/yoast-seo-premium-wordpress\/ -->\n<title>3. Troca de Fechadura + Cilindro MTL600 - Startvita<\/title>\n<meta name=\"description\" content=\"Troque j\u00e1 a sua fechadura! Adquira o novo sistema da Mul-Lock MTL600, com protec\u00e7\u00e3o contra Gazua e Bumping . Exclusivo para Portas Dierre\" \/>\n<meta name=\"robots\" content=\"index, follow, max-snippet:-1, max-image-preview:large, max-video-preview:-1\" \/>\n<link rel=\"canonical\" href=\"https:\/\/startvita.pt\/site\/loja\/troca-de-fechadura-cilindro-mtl600\/\" \/>\n<meta property=\"og:locale\" content=\"pt_PT\" \/>\n<meta property=\"og:type\" content=\"article\" \/>\n<meta property=\"og:title\" content=\"3. Troca de Fechadura + Cilindro MTL600\" \/>\n<meta property=\"og:description\" content=\"Troque j\u00e1 a sua fechadura! Adquira o novo sistema da Mul-Lock MTL600, com protec\u00e7\u00e3o contra Gazua e Bumping . Exclusivo para Portas Dierre\" \/>\n<meta property=\"og:url\" content=\"https:\/\/startvita.pt\/site\/loja\/troca-de-fechadura-cilindro-mtl600\/\" \/>\n<meta property=\"og:site_name\" content=\"Startvita\" \/>\n<meta property=\"article:publisher\" content=\"https:\/\/www.facebook.com\/Startvita.Lda\" \/>\n<meta property=\"article:modified_time\" content=\"2024-08-08T13:01:43+00:00\" \/>\n<meta property=\"og:image\" content=\"https:\/\/startvita.pt\/site\/wp-content\/uploads\/2014\/08\/TR-FX-INTER.png?v=1642607604\" \/>\n\t<meta property=\"og:image:width\" content=\"536\" \/>\n\t<meta property=\"og:image:height\" content=\"437\" \/>\n\t<meta property=\"og:image:type\" content=\"image\/png\" \/>\n<meta name=\"twitter:card\" content=\"summary_large_image\" \/>\n<script type=\"application\/ld+json\" class=\"yoast-schema-graph\">{\"@context\":\"https:\\\/\\\/schema.org\",\"@graph\":[{\"@type\":\"WebPage\",\"@id\":\"https:\\\/\\\/startvita.pt\\\/site\\\/loja\\\/troca-de-fechadura-cilindro-mtl600\\\/\",\"url\":\"https:\\\/\\\/startvita.pt\\\/site\\\/loja\\\/troca-de-fechadura-cilindro-mtl600\\\/\",\"name\":\"3. Troca de Fechadura + Cilindro MTL600 - Startvita\",\"isPartOf\":{\"@id\":\"https:\\\/\\\/startvita.pt\\\/site\\\/#website\"},\"primaryImageOfPage\":{\"@id\":\"https:\\\/\\\/startvita.pt\\\/site\\\/loja\\\/troca-de-fechadura-cilindro-mtl600\\\/#primaryimage\"},\"image\":{\"@id\":\"https:\\\/\\\/startvita.pt\\\/site\\\/loja\\\/troca-de-fechadura-cilindro-mtl600\\\/#primaryimage\"},\"thumbnailUrl\":\"https:\\\/\\\/startvita.pt\\\/site\\\/wp-content\\\/uploads\\\/2014\\\/08\\\/TR-FX-INTER.png?v=1642607604\",\"datePublished\":\"2022-01-19T15:11:35+00:00\",\"dateModified\":\"2024-08-08T13:01:43+00:00\",\"description\":\"Troque j\u00e1 a sua fechadura! Adquira o novo sistema da Mul-Lock MTL600, com protec\u00e7\u00e3o contra Gazua e Bumping . Exclusivo para Portas Dierre\",\"breadcrumb\":{\"@id\":\"https:\\\/\\\/startvita.pt\\\/site\\\/loja\\\/troca-de-fechadura-cilindro-mtl600\\\/#breadcrumb\"},\"inLanguage\":\"pt-PT\",\"potentialAction\":[{\"@type\":\"ReadAction\",\"target\":[\"https:\\\/\\\/startvita.pt\\\/site\\\/loja\\\/troca-de-fechadura-cilindro-mtl600\\\/\"]}]},{\"@type\":\"ImageObject\",\"inLanguage\":\"pt-PT\",\"@id\":\"https:\\\/\\\/startvita.pt\\\/site\\\/loja\\\/troca-de-fechadura-cilindro-mtl600\\\/#primaryimage\",\"url\":\"https:\\\/\\\/startvita.pt\\\/site\\\/wp-content\\\/uploads\\\/2014\\\/08\\\/TR-FX-INTER.png?v=1642607604\",\"contentUrl\":\"https:\\\/\\\/startvita.pt\\\/site\\\/wp-content\\\/uploads\\\/2014\\\/08\\\/TR-FX-INTER.png?v=1642607604\",\"width\":536,\"height\":437},{\"@type\":\"BreadcrumbList\",\"@id\":\"https:\\\/\\\/startvita.pt\\\/site\\\/loja\\\/troca-de-fechadura-cilindro-mtl600\\\/#breadcrumb\",\"itemListElement\":[{\"@type\":\"ListItem\",\"position\":1,\"name\":\"In\u00edcio\",\"item\":\"https:\\\/\\\/startvita.pt\\\/site\\\/\"},{\"@type\":\"ListItem\",\"position\":2,\"name\":\"Loja\",\"item\":\"https:\\\/\\\/startvita.pt\\\/site\\\/loja\\\/\"},{\"@type\":\"ListItem\",\"position\":3,\"name\":\"3. Troca de Fechadura + Cilindro MTL600\"}]},{\"@type\":\"WebSite\",\"@id\":\"https:\\\/\\\/startvita.pt\\\/site\\\/#website\",\"url\":\"https:\\\/\\\/startvita.pt\\\/site\\\/\",\"name\":\"Startvita Portas Blindadas\",\"description\":\"Portas Blindadas\",\"publisher\":{\"@id\":\"https:\\\/\\\/startvita.pt\\\/site\\\/#organization\"},\"alternateName\":\"Startvita\",\"potentialAction\":[{\"@type\":\"SearchAction\",\"target\":{\"@type\":\"EntryPoint\",\"urlTemplate\":\"https:\\\/\\\/startvita.pt\\\/site\\\/?s={search_term_string}\"},\"query-input\":{\"@type\":\"PropertyValueSpecification\",\"valueRequired\":true,\"valueName\":\"search_term_string\"}}],\"inLanguage\":\"pt-PT\"},{\"@type\":\"Organization\",\"@id\":\"https:\\\/\\\/startvita.pt\\\/site\\\/#organization\",\"name\":\"Startvita Portas Blindadas\",\"alternateName\":\"Startvita, Lda.\",\"url\":\"https:\\\/\\\/startvita.pt\\\/site\\\/\",\"logo\":{\"@type\":\"ImageObject\",\"inLanguage\":\"pt-PT\",\"@id\":\"https:\\\/\\\/startvita.pt\\\/site\\\/#\\\/schema\\\/logo\\\/image\\\/\",\"url\":\"https:\\\/\\\/startvita.pt\\\/site\\\/wp-content\\\/uploads\\\/2014\\\/08\\\/Logo_seo.png\",\"contentUrl\":\"https:\\\/\\\/startvita.pt\\\/site\\\/wp-content\\\/uploads\\\/2014\\\/08\\\/Logo_seo.png\",\"width\":691,\"height\":691,\"caption\":\"Startvita Portas Blindadas\"},\"image\":{\"@id\":\"https:\\\/\\\/startvita.pt\\\/site\\\/#\\\/schema\\\/logo\\\/image\\\/\"},\"sameAs\":[\"https:\\\/\\\/www.facebook.com\\\/Startvita.Lda\",\"https:\\\/\\\/www.instagram.com\\\/startvita_portas\\\/\"],\"description\":\"Com\u00e9rcio e montagem de Portas Blindadas, Port\u00f5es Seccion\u00e1veis e Automatismos, Serralharia Port\u00f5es e Gradeamentos. Temos tamb\u00e9m Portas Corta-Fogo, Portas Multiuso, Portas de Interior, entre outros.\",\"email\":\"geral@startvita.pt\",\"telephone\":\"212216028\",\"legalName\":\"Startvita - Portas e Automatismos Unipessoal, Lda.\",\"foundingDate\":\"2006-02-07\",\"vatID\":\"507634322\",\"numberOfEmployees\":{\"@type\":\"QuantitativeValue\",\"minValue\":\"1\",\"maxValue\":\"10\"},\"publishingPrinciples\":\"https:\\\/\\\/startvita.pt\\\/site\\\/produtos-seguranca-startvita\\\/\"}]}<\/script>\n<!-- \/ Yoast SEO Premium plugin. -->","yoast_head_json":{"title":"3. Troca de Fechadura + Cilindro MTL600 - Startvita","description":"Troque j\u00e1 a sua fechadura! Adquira o novo sistema da Mul-Lock MTL600, com protec\u00e7\u00e3o contra Gazua e Bumping . Exclusivo para Portas Dierre","robots":{"index":"index","follow":"follow","max-snippet":"max-snippet:-1","max-image-preview":"max-image-preview:large","max-video-preview":"max-video-preview:-1"},"canonical":"https:\/\/startvita.pt\/site\/loja\/troca-de-fechadura-cilindro-mtl600\/","og_locale":"pt_PT","og_type":"article","og_title":"3. Troca de Fechadura + Cilindro MTL600","og_description":"Troque j\u00e1 a sua fechadura! Adquira o novo sistema da Mul-Lock MTL600, com protec\u00e7\u00e3o contra Gazua e Bumping . Exclusivo para Portas Dierre","og_url":"https:\/\/startvita.pt\/site\/loja\/troca-de-fechadura-cilindro-mtl600\/","og_site_name":"Startvita","article_publisher":"https:\/\/www.facebook.com\/Startvita.Lda","article_modified_time":"2024-08-08T13:01:43+00:00","og_image":[{"width":536,"height":437,"url":"https:\/\/startvita.pt\/site\/wp-content\/uploads\/2014\/08\/TR-FX-INTER.png?v=1642607604","type":"image\/png"}],"twitter_card":"summary_large_image","schema":{"@context":"https:\/\/schema.org","@graph":[{"@type":"WebPage","@id":"https:\/\/startvita.pt\/site\/loja\/troca-de-fechadura-cilindro-mtl600\/","url":"https:\/\/startvita.pt\/site\/loja\/troca-de-fechadura-cilindro-mtl600\/","name":"3. Troca de Fechadura + Cilindro MTL600 - Startvita","isPartOf":{"@id":"https:\/\/startvita.pt\/site\/#website"},"primaryImageOfPage":{"@id":"https:\/\/startvita.pt\/site\/loja\/troca-de-fechadura-cilindro-mtl600\/#primaryimage"},"image":{"@id":"https:\/\/startvita.pt\/site\/loja\/troca-de-fechadura-cilindro-mtl600\/#primaryimage"},"thumbnailUrl":"https:\/\/startvita.pt\/site\/wp-content\/uploads\/2014\/08\/TR-FX-INTER.png?v=1642607604","datePublished":"2022-01-19T15:11:35+00:00","dateModified":"2024-08-08T13:01:43+00:00","description":"Troque j\u00e1 a sua fechadura! Adquira o novo sistema da Mul-Lock MTL600, com protec\u00e7\u00e3o contra Gazua e Bumping . Exclusivo para Portas Dierre","breadcrumb":{"@id":"https:\/\/startvita.pt\/site\/loja\/troca-de-fechadura-cilindro-mtl600\/#breadcrumb"},"inLanguage":"pt-PT","potentialAction":[{"@type":"ReadAction","target":["https:\/\/startvita.pt\/site\/loja\/troca-de-fechadura-cilindro-mtl600\/"]}]},{"@type":"ImageObject","inLanguage":"pt-PT","@id":"https:\/\/startvita.pt\/site\/loja\/troca-de-fechadura-cilindro-mtl600\/#primaryimage","url":"https:\/\/startvita.pt\/site\/wp-content\/uploads\/2014\/08\/TR-FX-INTER.png?v=1642607604","contentUrl":"https:\/\/startvita.pt\/site\/wp-content\/uploads\/2014\/08\/TR-FX-INTER.png?v=1642607604","width":536,"height":437},{"@type":"BreadcrumbList","@id":"https:\/\/startvita.pt\/site\/loja\/troca-de-fechadura-cilindro-mtl600\/#breadcrumb","itemListElement":[{"@type":"ListItem","position":1,"name":"In\u00edcio","item":"https:\/\/startvita.pt\/site\/"},{"@type":"ListItem","position":2,"name":"Loja","item":"https:\/\/startvita.pt\/site\/loja\/"},{"@type":"ListItem","position":3,"name":"3. Troca de Fechadura + Cilindro MTL600"}]},{"@type":"WebSite","@id":"https:\/\/startvita.pt\/site\/#website","url":"https:\/\/startvita.pt\/site\/","name":"Startvita Portas Blindadas","description":"Portas Blindadas","publisher":{"@id":"https:\/\/startvita.pt\/site\/#organization"},"alternateName":"Startvita","potentialAction":[{"@type":"SearchAction","target":{"@type":"EntryPoint","urlTemplate":"https:\/\/startvita.pt\/site\/?s={search_term_string}"},"query-input":{"@type":"PropertyValueSpecification","valueRequired":true,"valueName":"search_term_string"}}],"inLanguage":"pt-PT"},{"@type":"Organization","@id":"https:\/\/startvita.pt\/site\/#organization","name":"Startvita Portas Blindadas","alternateName":"Startvita, Lda.","url":"https:\/\/startvita.pt\/site\/","logo":{"@type":"ImageObject","inLanguage":"pt-PT","@id":"https:\/\/startvita.pt\/site\/#\/schema\/logo\/image\/","url":"https:\/\/startvita.pt\/site\/wp-content\/uploads\/2014\/08\/Logo_seo.png","contentUrl":"https:\/\/startvita.pt\/site\/wp-content\/uploads\/2014\/08\/Logo_seo.png","width":691,"height":691,"caption":"Startvita Portas Blindadas"},"image":{"@id":"https:\/\/startvita.pt\/site\/#\/schema\/logo\/image\/"},"sameAs":["https:\/\/www.facebook.com\/Startvita.Lda","https:\/\/www.instagram.com\/startvita_portas\/"],"description":"Com\u00e9rcio e montagem de Portas Blindadas, Port\u00f5es Seccion\u00e1veis e Automatismos, Serralharia Port\u00f5es e Gradeamentos. Temos tamb\u00e9m Portas Corta-Fogo, Portas Multiuso, Portas de Interior, entre outros.","email":"geral@startvita.pt","telephone":"212216028","legalName":"Startvita - Portas e Automatismos Unipessoal, Lda.","foundingDate":"2006-02-07","vatID":"507634322","numberOfEmployees":{"@type":"QuantitativeValue","minValue":"1","maxValue":"10"},"publishingPrinciples":"https:\/\/startvita.pt\/site\/produtos-seguranca-startvita\/"}]}},"_links":{"self":[{"href":"https:\/\/startvita.pt\/site\/wp-json\/wp\/v2\/product\/6281","targetHints":{"allow":["GET"]}}],"collection":[{"href":"https:\/\/startvita.pt\/site\/wp-json\/wp\/v2\/product"}],"about":[{"href":"https:\/\/startvita.pt\/site\/wp-json\/wp\/v2\/types\/product"}],"wp:featuredmedia":[{"embeddable":true,"href":"https:\/\/startvita.pt\/site\/wp-json\/wp\/v2\/media\/6300"}],"wp:attachment":[{"href":"https:\/\/startvita.pt\/site\/wp-json\/wp\/v2\/media?parent=6281"}],"wp:term":[{"taxonomy":"product_brand","embeddable":true,"href":"https:\/\/startvita.pt\/site\/wp-json\/wp\/v2\/product_brand?post=6281"},{"taxonomy":"product_cat","embeddable":true,"href":"https:\/\/startvita.pt\/site\/wp-json\/wp\/v2\/product_cat?post=6281"},{"taxonomy":"product_tag","embeddable":true,"href":"https:\/\/startvita.pt\/site\/wp-json\/wp\/v2\/product_tag?post=6281"}],"curies":[{"name":"wp","href":"https:\/\/api.w.org\/{rel}","templated":true}]}}