{"id":6146,"date":"2022-01-18T12:17:12","date_gmt":"2022-01-18T12:17:12","guid":{"rendered":"https:\/\/startvita.pt\/site\/?post_type=product&#038;p=6146"},"modified":"2022-01-24T17:16:38","modified_gmt":"2022-01-24T17:16:38","slug":"sistema-abertura-eletronico","status":"publish","type":"product","link":"https:\/\/startvita.pt\/site\/loja\/sistema-abertura-eletronico\/","title":{"rendered":"3. Sistema Abertura Eletr\u00f3nico"},"content":{"rendered":"<p><strong>SMART LOCKING<\/strong> &#8211; Transforme seu smartphone ou Apple Watch em sua chave. A Linus\u00ae Smart Lock permite que voc\u00ea bloqueie e desbloqueie a sua porta &#8211; n\u00e3o importa onde voc\u00ea esteja *, com o aplicativo Yale Access. (Requer Yale Connect Wi-Fi Bridge para funcionalidade remota);<br \/>\n<strong>BLOQUEIO E DESBLOQUEIO AUTOM\u00c1TICO &#8211;<\/strong> Quando voc\u00ea voltar para casa e caminhar at\u00e9 sua porta, o desbloqueio autom\u00e1tico ir\u00e1 destrancar sua porta gra\u00e7as ao geolocaliza\u00e7\u00e3o (assim que voc\u00ea e seu smartphone estiverem perto da porta), j\u00e1 n\u00e3o precisa se atrapalhar com as chaves. Possibilidade de ativar o bloqueio autom\u00e1tico quando a porta se fecha;<br \/>\n<strong>SEGURO E CONFI\u00c1VEL<\/strong> &#8211; a conta Yale Access \u00e9 protegida por autentica\u00e7\u00e3o de duplo fator, o que significa que os usu\u00e1rios ser\u00e3o solicitados a verificar a sua identidade com um e-mail ou n\u00famero de telefone. Al\u00e9m da seguran\u00e7a oferecida pelo Bluetooth, usamos encripta\u00e7\u00e3o AES e TLS. Se voc\u00ea perder seu telefone, pode desativar a app Yale Access e todas as teclas virtuais a qualquer momento;<br \/>\n<strong>CONCESS\u00c3O DE ENTRADA DESDE QUALQUER LUGAR<\/strong> &#8211; Envie chaves seguras para amigos, familiares ou pessoas em quem voc\u00ea confia instantaneamente, tudo a partir da app Yale Access. Gerir e agendar o acesso a qualquer momento;<br \/>\n<strong>INSTALA\u00c7\u00c3O SEM PROBLEMAS<\/strong> &#8211; A Linus\u00ae Smart Lock \u00e9 f\u00e1cil de instalar sobre a fechadura de cilindro existente na parte interna da porta da frente para que voc\u00ea possa manter e usar suas chaves originais. O tempo de instala\u00e7\u00e3o quando seu cilindro \u00e9 compat\u00edvel \u00e9 inferior a 3 minutos. Consulte nosso v\u00eddeo para ver se voc\u00ea pode instalar a Linus na sua fechadura de cilindro existente;<br \/>\n<strong>ALERTAS INSTANT\u00c2NEOS<\/strong> &#8211; Se algo mudar com o estado da sua porta, voc\u00ea ser\u00e1 o primeiro a saber;<br \/>\n<strong>TECNOLOGIA DOORSENSE \u2122 &#8211;<\/strong> Permite que voc\u00ea saiba se sua porta est\u00e1 fechada com seguran\u00e7a. E se algo inesperado acontecer, como deixar a porta entreaberta, voc\u00ea ser\u00e1 o primeiro a saber;<br \/>\n<strong>FUNCIONA COM<\/strong> &#8211; A Yale faz parceria com os principais sistemas dom\u00e9sticos inteligentes, assistentes de voz e plataformas de aluguer e hospedagem para controlo de bloqueio e gest\u00e3o de acesso sem esfor\u00e7o, para tal requer do sistema Yale Connect Wi-Fi Bridge para funcionalidade remota e integra\u00e7\u00f5es como o Voice Assistant;<br \/>\n<strong>VIDA DA BATERIA<\/strong> &#8211; Notifica\u00e7\u00f5es quando a bateria est\u00e1 a acabar para que possa substitu\u00ed-la proactivamente. A vida \u00fatil da bateria depende do n\u00famero de voltas por bloqueio, da suavidade da abertura da porta e do n\u00famero de aberturas por dia. Com base no uso normal, as baterias duram de 6 a 9 meses.<\/p>\n","protected":false},"excerpt":{"rendered":"<p>IVA Inclu\u00eddo<\/p>\n<p>Linus Smart Lock (cor Preto ou cor Cinzento)<br \/>\n+ Teclado Linus<br \/>\n+ Linus Wi-Fi Bridge<\/p>\n<p><em>(Este sistema s\u00f3 funciona em Fechaduras de Cilindro &#8211; necess\u00e1rio o adicionamento do cilindro compat\u00edvel)<\/em><\/p>\n","protected":false},"featured_media":6200,"template":"","meta":[],"product_brand":[],"product_cat":[123],"product_tag":[],"class_list":{"0":"post-6146","1":"product","2":"type-product","3":"status-publish","4":"has-post-thumbnail","6":"product_cat-acessorios-porta-seguranca","8":"first","9":"instock","10":"sold-individually","11":"shipping-taxable","12":"purchasable","13":"product-type-variable","14":"has-default-attributes"},"composite_virtual":false,"composite_layout":"","composite_add_to_cart_form_location":"","composite_editable_in_cart":false,"composite_sold_individually_context":"","composite_shop_price_calc":"","composite_components":[],"composite_scenarios":[],"yoast_head":"<!-- This site is optimized with the Yoast SEO Premium plugin v24.1 (Yoast SEO v27.4) - https:\/\/yoast.com\/product\/yoast-seo-premium-wordpress\/ -->\n<title>3. Sistema Abertura Eletr\u00f3nico - Startvita<\/title>\n<meta name=\"robots\" content=\"index, follow, max-snippet:-1, max-image-preview:large, max-video-preview:-1\" \/>\n<link rel=\"canonical\" href=\"https:\/\/startvita.pt\/site\/loja\/sistema-abertura-eletronico\/\" \/>\n<meta property=\"og:locale\" content=\"pt_PT\" \/>\n<meta property=\"og:type\" content=\"article\" \/>\n<meta property=\"og:title\" content=\"3. Sistema Abertura Eletr\u00f3nico\" \/>\n<meta property=\"og:description\" content=\"IVA Inclu\u00eddo  Linus Smart Lock (cor Preto ou cor Cinzento) + Teclado Linus + Linus Wi-Fi Bridge  (Este sistema s\u00f3 funciona em Fechaduras de Cilindro - necess\u00e1rio o adicionamento do cilindro compat\u00edvel)\" \/>\n<meta property=\"og:url\" content=\"https:\/\/startvita.pt\/site\/loja\/sistema-abertura-eletronico\/\" \/>\n<meta property=\"og:site_name\" content=\"Startvita\" \/>\n<meta property=\"article:publisher\" content=\"https:\/\/www.facebook.com\/Startvita.Lda\" \/>\n<meta property=\"article:modified_time\" content=\"2022-01-24T17:16:38+00:00\" \/>\n<meta property=\"og:image\" content=\"https:\/\/startvita.pt\/site\/wp-content\/uploads\/2014\/08\/linus_web_banners_desktop-2_1000-e1642515746812.jpg?v=1642515720\" \/>\n\t<meta property=\"og:image:width\" content=\"300\" \/>\n\t<meta property=\"og:image:height\" content=\"300\" \/>\n\t<meta property=\"og:image:type\" content=\"image\/jpeg\" \/>\n<meta name=\"twitter:card\" content=\"summary_large_image\" \/>\n<meta name=\"twitter:label1\" content=\"Tempo estimado de leitura\" \/>\n\t<meta name=\"twitter:data1\" content=\"2 minutos\" \/>\n<script type=\"application\/ld+json\" class=\"yoast-schema-graph\">{\"@context\":\"https:\\\/\\\/schema.org\",\"@graph\":[{\"@type\":\"WebPage\",\"@id\":\"https:\\\/\\\/startvita.pt\\\/site\\\/loja\\\/sistema-abertura-eletronico\\\/\",\"url\":\"https:\\\/\\\/startvita.pt\\\/site\\\/loja\\\/sistema-abertura-eletronico\\\/\",\"name\":\"3. Sistema Abertura Eletr\u00f3nico - Startvita\",\"isPartOf\":{\"@id\":\"https:\\\/\\\/startvita.pt\\\/site\\\/#website\"},\"primaryImageOfPage\":{\"@id\":\"https:\\\/\\\/startvita.pt\\\/site\\\/loja\\\/sistema-abertura-eletronico\\\/#primaryimage\"},\"image\":{\"@id\":\"https:\\\/\\\/startvita.pt\\\/site\\\/loja\\\/sistema-abertura-eletronico\\\/#primaryimage\"},\"thumbnailUrl\":\"https:\\\/\\\/startvita.pt\\\/site\\\/wp-content\\\/uploads\\\/2014\\\/08\\\/linus_web_banners_desktop-2_1000-e1642515746812.jpg?v=1642515720\",\"datePublished\":\"2022-01-18T12:17:12+00:00\",\"dateModified\":\"2022-01-24T17:16:38+00:00\",\"breadcrumb\":{\"@id\":\"https:\\\/\\\/startvita.pt\\\/site\\\/loja\\\/sistema-abertura-eletronico\\\/#breadcrumb\"},\"inLanguage\":\"pt-PT\",\"potentialAction\":[{\"@type\":\"ReadAction\",\"target\":[\"https:\\\/\\\/startvita.pt\\\/site\\\/loja\\\/sistema-abertura-eletronico\\\/\"]}]},{\"@type\":\"ImageObject\",\"inLanguage\":\"pt-PT\",\"@id\":\"https:\\\/\\\/startvita.pt\\\/site\\\/loja\\\/sistema-abertura-eletronico\\\/#primaryimage\",\"url\":\"https:\\\/\\\/startvita.pt\\\/site\\\/wp-content\\\/uploads\\\/2014\\\/08\\\/linus_web_banners_desktop-2_1000-e1642515746812.jpg?v=1642515720\",\"contentUrl\":\"https:\\\/\\\/startvita.pt\\\/site\\\/wp-content\\\/uploads\\\/2014\\\/08\\\/linus_web_banners_desktop-2_1000-e1642515746812.jpg?v=1642515720\",\"width\":300,\"height\":300},{\"@type\":\"BreadcrumbList\",\"@id\":\"https:\\\/\\\/startvita.pt\\\/site\\\/loja\\\/sistema-abertura-eletronico\\\/#breadcrumb\",\"itemListElement\":[{\"@type\":\"ListItem\",\"position\":1,\"name\":\"In\u00edcio\",\"item\":\"https:\\\/\\\/startvita.pt\\\/site\\\/\"},{\"@type\":\"ListItem\",\"position\":2,\"name\":\"Loja\",\"item\":\"https:\\\/\\\/startvita.pt\\\/site\\\/loja\\\/\"},{\"@type\":\"ListItem\",\"position\":3,\"name\":\"3. Sistema Abertura Eletr\u00f3nico\"}]},{\"@type\":\"WebSite\",\"@id\":\"https:\\\/\\\/startvita.pt\\\/site\\\/#website\",\"url\":\"https:\\\/\\\/startvita.pt\\\/site\\\/\",\"name\":\"Startvita Portas Blindadas\",\"description\":\"Portas Blindadas\",\"publisher\":{\"@id\":\"https:\\\/\\\/startvita.pt\\\/site\\\/#organization\"},\"alternateName\":\"Startvita\",\"potentialAction\":[{\"@type\":\"SearchAction\",\"target\":{\"@type\":\"EntryPoint\",\"urlTemplate\":\"https:\\\/\\\/startvita.pt\\\/site\\\/?s={search_term_string}\"},\"query-input\":{\"@type\":\"PropertyValueSpecification\",\"valueRequired\":true,\"valueName\":\"search_term_string\"}}],\"inLanguage\":\"pt-PT\"},{\"@type\":\"Organization\",\"@id\":\"https:\\\/\\\/startvita.pt\\\/site\\\/#organization\",\"name\":\"Startvita Portas Blindadas\",\"alternateName\":\"Startvita, Lda.\",\"url\":\"https:\\\/\\\/startvita.pt\\\/site\\\/\",\"logo\":{\"@type\":\"ImageObject\",\"inLanguage\":\"pt-PT\",\"@id\":\"https:\\\/\\\/startvita.pt\\\/site\\\/#\\\/schema\\\/logo\\\/image\\\/\",\"url\":\"https:\\\/\\\/startvita.pt\\\/site\\\/wp-content\\\/uploads\\\/2014\\\/08\\\/Logo_seo.png\",\"contentUrl\":\"https:\\\/\\\/startvita.pt\\\/site\\\/wp-content\\\/uploads\\\/2014\\\/08\\\/Logo_seo.png\",\"width\":691,\"height\":691,\"caption\":\"Startvita Portas Blindadas\"},\"image\":{\"@id\":\"https:\\\/\\\/startvita.pt\\\/site\\\/#\\\/schema\\\/logo\\\/image\\\/\"},\"sameAs\":[\"https:\\\/\\\/www.facebook.com\\\/Startvita.Lda\",\"https:\\\/\\\/www.instagram.com\\\/startvita_portas\\\/\"],\"description\":\"Com\u00e9rcio e montagem de Portas Blindadas, Port\u00f5es Seccion\u00e1veis e Automatismos, Serralharia Port\u00f5es e Gradeamentos. Temos tamb\u00e9m Portas Corta-Fogo, Portas Multiuso, Portas de Interior, entre outros.\",\"email\":\"geral@startvita.pt\",\"telephone\":\"212216028\",\"legalName\":\"Startvita - Portas e Automatismos Unipessoal, Lda.\",\"foundingDate\":\"2006-02-07\",\"vatID\":\"507634322\",\"numberOfEmployees\":{\"@type\":\"QuantitativeValue\",\"minValue\":\"1\",\"maxValue\":\"10\"},\"publishingPrinciples\":\"https:\\\/\\\/startvita.pt\\\/site\\\/produtos-seguranca-startvita\\\/\"}]}<\/script>\n<!-- \/ Yoast SEO Premium plugin. -->","yoast_head_json":{"title":"3. Sistema Abertura Eletr\u00f3nico - Startvita","robots":{"index":"index","follow":"follow","max-snippet":"max-snippet:-1","max-image-preview":"max-image-preview:large","max-video-preview":"max-video-preview:-1"},"canonical":"https:\/\/startvita.pt\/site\/loja\/sistema-abertura-eletronico\/","og_locale":"pt_PT","og_type":"article","og_title":"3. Sistema Abertura Eletr\u00f3nico","og_description":"IVA Inclu\u00eddo  Linus Smart Lock (cor Preto ou cor Cinzento) + Teclado Linus + Linus Wi-Fi Bridge  (Este sistema s\u00f3 funciona em Fechaduras de Cilindro - necess\u00e1rio o adicionamento do cilindro compat\u00edvel)","og_url":"https:\/\/startvita.pt\/site\/loja\/sistema-abertura-eletronico\/","og_site_name":"Startvita","article_publisher":"https:\/\/www.facebook.com\/Startvita.Lda","article_modified_time":"2022-01-24T17:16:38+00:00","og_image":[{"width":300,"height":300,"url":"https:\/\/startvita.pt\/site\/wp-content\/uploads\/2014\/08\/linus_web_banners_desktop-2_1000-e1642515746812.jpg?v=1642515720","type":"image\/jpeg"}],"twitter_card":"summary_large_image","twitter_misc":{"Tempo estimado de leitura":"2 minutos"},"schema":{"@context":"https:\/\/schema.org","@graph":[{"@type":"WebPage","@id":"https:\/\/startvita.pt\/site\/loja\/sistema-abertura-eletronico\/","url":"https:\/\/startvita.pt\/site\/loja\/sistema-abertura-eletronico\/","name":"3. Sistema Abertura Eletr\u00f3nico - Startvita","isPartOf":{"@id":"https:\/\/startvita.pt\/site\/#website"},"primaryImageOfPage":{"@id":"https:\/\/startvita.pt\/site\/loja\/sistema-abertura-eletronico\/#primaryimage"},"image":{"@id":"https:\/\/startvita.pt\/site\/loja\/sistema-abertura-eletronico\/#primaryimage"},"thumbnailUrl":"https:\/\/startvita.pt\/site\/wp-content\/uploads\/2014\/08\/linus_web_banners_desktop-2_1000-e1642515746812.jpg?v=1642515720","datePublished":"2022-01-18T12:17:12+00:00","dateModified":"2022-01-24T17:16:38+00:00","breadcrumb":{"@id":"https:\/\/startvita.pt\/site\/loja\/sistema-abertura-eletronico\/#breadcrumb"},"inLanguage":"pt-PT","potentialAction":[{"@type":"ReadAction","target":["https:\/\/startvita.pt\/site\/loja\/sistema-abertura-eletronico\/"]}]},{"@type":"ImageObject","inLanguage":"pt-PT","@id":"https:\/\/startvita.pt\/site\/loja\/sistema-abertura-eletronico\/#primaryimage","url":"https:\/\/startvita.pt\/site\/wp-content\/uploads\/2014\/08\/linus_web_banners_desktop-2_1000-e1642515746812.jpg?v=1642515720","contentUrl":"https:\/\/startvita.pt\/site\/wp-content\/uploads\/2014\/08\/linus_web_banners_desktop-2_1000-e1642515746812.jpg?v=1642515720","width":300,"height":300},{"@type":"BreadcrumbList","@id":"https:\/\/startvita.pt\/site\/loja\/sistema-abertura-eletronico\/#breadcrumb","itemListElement":[{"@type":"ListItem","position":1,"name":"In\u00edcio","item":"https:\/\/startvita.pt\/site\/"},{"@type":"ListItem","position":2,"name":"Loja","item":"https:\/\/startvita.pt\/site\/loja\/"},{"@type":"ListItem","position":3,"name":"3. Sistema Abertura Eletr\u00f3nico"}]},{"@type":"WebSite","@id":"https:\/\/startvita.pt\/site\/#website","url":"https:\/\/startvita.pt\/site\/","name":"Startvita Portas Blindadas","description":"Portas Blindadas","publisher":{"@id":"https:\/\/startvita.pt\/site\/#organization"},"alternateName":"Startvita","potentialAction":[{"@type":"SearchAction","target":{"@type":"EntryPoint","urlTemplate":"https:\/\/startvita.pt\/site\/?s={search_term_string}"},"query-input":{"@type":"PropertyValueSpecification","valueRequired":true,"valueName":"search_term_string"}}],"inLanguage":"pt-PT"},{"@type":"Organization","@id":"https:\/\/startvita.pt\/site\/#organization","name":"Startvita Portas Blindadas","alternateName":"Startvita, Lda.","url":"https:\/\/startvita.pt\/site\/","logo":{"@type":"ImageObject","inLanguage":"pt-PT","@id":"https:\/\/startvita.pt\/site\/#\/schema\/logo\/image\/","url":"https:\/\/startvita.pt\/site\/wp-content\/uploads\/2014\/08\/Logo_seo.png","contentUrl":"https:\/\/startvita.pt\/site\/wp-content\/uploads\/2014\/08\/Logo_seo.png","width":691,"height":691,"caption":"Startvita Portas Blindadas"},"image":{"@id":"https:\/\/startvita.pt\/site\/#\/schema\/logo\/image\/"},"sameAs":["https:\/\/www.facebook.com\/Startvita.Lda","https:\/\/www.instagram.com\/startvita_portas\/"],"description":"Com\u00e9rcio e montagem de Portas Blindadas, Port\u00f5es Seccion\u00e1veis e Automatismos, Serralharia Port\u00f5es e Gradeamentos. Temos tamb\u00e9m Portas Corta-Fogo, Portas Multiuso, Portas de Interior, entre outros.","email":"geral@startvita.pt","telephone":"212216028","legalName":"Startvita - Portas e Automatismos Unipessoal, Lda.","foundingDate":"2006-02-07","vatID":"507634322","numberOfEmployees":{"@type":"QuantitativeValue","minValue":"1","maxValue":"10"},"publishingPrinciples":"https:\/\/startvita.pt\/site\/produtos-seguranca-startvita\/"}]}},"_links":{"self":[{"href":"https:\/\/startvita.pt\/site\/wp-json\/wp\/v2\/product\/6146","targetHints":{"allow":["GET"]}}],"collection":[{"href":"https:\/\/startvita.pt\/site\/wp-json\/wp\/v2\/product"}],"about":[{"href":"https:\/\/startvita.pt\/site\/wp-json\/wp\/v2\/types\/product"}],"wp:featuredmedia":[{"embeddable":true,"href":"https:\/\/startvita.pt\/site\/wp-json\/wp\/v2\/media\/6200"}],"wp:attachment":[{"href":"https:\/\/startvita.pt\/site\/wp-json\/wp\/v2\/media?parent=6146"}],"wp:term":[{"taxonomy":"product_brand","embeddable":true,"href":"https:\/\/startvita.pt\/site\/wp-json\/wp\/v2\/product_brand?post=6146"},{"taxonomy":"product_cat","embeddable":true,"href":"https:\/\/startvita.pt\/site\/wp-json\/wp\/v2\/product_cat?post=6146"},{"taxonomy":"product_tag","embeddable":true,"href":"https:\/\/startvita.pt\/site\/wp-json\/wp\/v2\/product_tag?post=6146"}],"curies":[{"name":"wp","href":"https:\/\/api.w.org\/{rel}","templated":true}]}}