{"id":5719,"date":"2022-01-11T16:41:26","date_gmt":"2022-01-11T16:41:26","guid":{"rendered":"https:\/\/startvita.pt\/site\/?post_type=product&#038;p=5719"},"modified":"2024-11-05T12:51:40","modified_gmt":"2024-11-05T12:51:40","slug":"multiuso","status":"publish","type":"product","link":"https:\/\/startvita.pt\/site\/loja\/multiuso\/","title":{"rendered":"Medidas Multiuso Roper"},"content":{"rendered":"<p>Porta Multiuso, com ou sem grelha de ventila\u00e7\u00e3o, em chapa de a\u00e7o galvanizado com isolamento interno de poliestireno de 20kg\/m3.<\/p>\n","protected":false},"excerpt":{"rendered":"<p>Porta Multiuso, com ou sem grelha de ventila\u00e7\u00e3o, em chapa de a\u00e7o galvanizado com isolamento interno de poliestireno de 20kg\/m3.<\/p>\n","protected":false},"featured_media":5743,"template":"","meta":[],"product_brand":[],"product_cat":[84],"product_tag":[],"class_list":{"0":"post-5719","1":"product","2":"type-product","3":"status-publish","4":"has-post-thumbnail","6":"product_cat-medidas","8":"first","9":"instock","10":"sold-individually","11":"shipping-taxable","12":"purchasable","13":"product-type-variable"},"composite_virtual":false,"composite_layout":"","composite_add_to_cart_form_location":"","composite_editable_in_cart":false,"composite_sold_individually_context":"","composite_shop_price_calc":"","composite_components":[],"composite_scenarios":[],"yoast_head":"<!-- This site is optimized with the Yoast SEO Premium plugin v24.1 (Yoast SEO v27.5) - https:\/\/yoast.com\/product\/yoast-seo-premium-wordpress\/ -->\n<title>Medidas Multiuso Roper - Startvita<\/title>\n<meta name=\"description\" content=\"Porta Multiuso, com ou sem grelha de ventila\u00e7\u00e3o, em chapa de a\u00e7o galvanizado com isolamento interno de poliestireno de 20kg\/m3.\" \/>\n<meta name=\"robots\" content=\"index, follow, max-snippet:-1, max-image-preview:large, max-video-preview:-1\" \/>\n<link rel=\"canonical\" href=\"https:\/\/startvita.pt\/site\/loja\/multiuso\/\" \/>\n<meta property=\"og:locale\" content=\"pt_PT\" \/>\n<meta property=\"og:type\" content=\"article\" \/>\n<meta property=\"og:title\" content=\"Medidas Multiuso Roper\" \/>\n<meta property=\"og:description\" content=\"Porta Multiuso, com ou sem grelha de ventila\u00e7\u00e3o, em chapa de a\u00e7o galvanizado com isolamento interno de poliestireno de 20kg\/m3.\" \/>\n<meta property=\"og:url\" content=\"https:\/\/startvita.pt\/site\/loja\/multiuso\/\" \/>\n<meta property=\"og:site_name\" content=\"Startvita\" \/>\n<meta property=\"article:publisher\" content=\"https:\/\/www.facebook.com\/Startvita.Lda\" \/>\n<meta property=\"article:modified_time\" content=\"2024-11-05T12:51:40+00:00\" \/>\n<meta property=\"og:image\" content=\"https:\/\/startvita.pt\/site\/wp-content\/uploads\/2022\/01\/Porta-Multiuso-Roper.png?v=1641986816\" \/>\n\t<meta property=\"og:image:width\" content=\"664\" \/>\n\t<meta property=\"og:image:height\" content=\"688\" \/>\n\t<meta property=\"og:image:type\" content=\"image\/png\" \/>\n<meta name=\"twitter:card\" content=\"summary_large_image\" \/>\n<meta name=\"twitter:label1\" content=\"Tempo estimado de leitura\" \/>\n\t<meta name=\"twitter:data1\" content=\"1 minuto\" \/>\n<script type=\"application\/ld+json\" class=\"yoast-schema-graph\">{\"@context\":\"https:\\\/\\\/schema.org\",\"@graph\":[{\"@type\":\"WebPage\",\"@id\":\"https:\\\/\\\/startvita.pt\\\/site\\\/loja\\\/multiuso\\\/\",\"url\":\"https:\\\/\\\/startvita.pt\\\/site\\\/loja\\\/multiuso\\\/\",\"name\":\"Medidas Multiuso Roper - Startvita\",\"isPartOf\":{\"@id\":\"https:\\\/\\\/startvita.pt\\\/site\\\/#website\"},\"primaryImageOfPage\":{\"@id\":\"https:\\\/\\\/startvita.pt\\\/site\\\/loja\\\/multiuso\\\/#primaryimage\"},\"image\":{\"@id\":\"https:\\\/\\\/startvita.pt\\\/site\\\/loja\\\/multiuso\\\/#primaryimage\"},\"thumbnailUrl\":\"https:\\\/\\\/startvita.pt\\\/site\\\/wp-content\\\/uploads\\\/2022\\\/01\\\/Porta-Multiuso-Roper.png?v=1641986816\",\"datePublished\":\"2022-01-11T16:41:26+00:00\",\"dateModified\":\"2024-11-05T12:51:40+00:00\",\"description\":\"Porta Multiuso, com ou sem grelha de ventila\u00e7\u00e3o, em chapa de a\u00e7o galvanizado com isolamento interno de poliestireno de 20kg\\\/m3.\",\"breadcrumb\":{\"@id\":\"https:\\\/\\\/startvita.pt\\\/site\\\/loja\\\/multiuso\\\/#breadcrumb\"},\"inLanguage\":\"pt-PT\",\"potentialAction\":[{\"@type\":\"ReadAction\",\"target\":[\"https:\\\/\\\/startvita.pt\\\/site\\\/loja\\\/multiuso\\\/\"]}]},{\"@type\":\"ImageObject\",\"inLanguage\":\"pt-PT\",\"@id\":\"https:\\\/\\\/startvita.pt\\\/site\\\/loja\\\/multiuso\\\/#primaryimage\",\"url\":\"https:\\\/\\\/startvita.pt\\\/site\\\/wp-content\\\/uploads\\\/2022\\\/01\\\/Porta-Multiuso-Roper.png?v=1641986816\",\"contentUrl\":\"https:\\\/\\\/startvita.pt\\\/site\\\/wp-content\\\/uploads\\\/2022\\\/01\\\/Porta-Multiuso-Roper.png?v=1641986816\",\"width\":664,\"height\":688},{\"@type\":\"BreadcrumbList\",\"@id\":\"https:\\\/\\\/startvita.pt\\\/site\\\/loja\\\/multiuso\\\/#breadcrumb\",\"itemListElement\":[{\"@type\":\"ListItem\",\"position\":1,\"name\":\"In\u00edcio\",\"item\":\"https:\\\/\\\/startvita.pt\\\/site\\\/\"},{\"@type\":\"ListItem\",\"position\":2,\"name\":\"Loja\",\"item\":\"https:\\\/\\\/startvita.pt\\\/site\\\/loja\\\/\"},{\"@type\":\"ListItem\",\"position\":3,\"name\":\"Medidas Multiuso Roper\"}]},{\"@type\":\"WebSite\",\"@id\":\"https:\\\/\\\/startvita.pt\\\/site\\\/#website\",\"url\":\"https:\\\/\\\/startvita.pt\\\/site\\\/\",\"name\":\"Startvita Portas Blindadas\",\"description\":\"Portas Blindadas\",\"publisher\":{\"@id\":\"https:\\\/\\\/startvita.pt\\\/site\\\/#organization\"},\"alternateName\":\"Startvita\",\"potentialAction\":[{\"@type\":\"SearchAction\",\"target\":{\"@type\":\"EntryPoint\",\"urlTemplate\":\"https:\\\/\\\/startvita.pt\\\/site\\\/?s={search_term_string}\"},\"query-input\":{\"@type\":\"PropertyValueSpecification\",\"valueRequired\":true,\"valueName\":\"search_term_string\"}}],\"inLanguage\":\"pt-PT\"},{\"@type\":\"Organization\",\"@id\":\"https:\\\/\\\/startvita.pt\\\/site\\\/#organization\",\"name\":\"Startvita Portas Blindadas\",\"alternateName\":\"Startvita, Lda.\",\"url\":\"https:\\\/\\\/startvita.pt\\\/site\\\/\",\"logo\":{\"@type\":\"ImageObject\",\"inLanguage\":\"pt-PT\",\"@id\":\"https:\\\/\\\/startvita.pt\\\/site\\\/#\\\/schema\\\/logo\\\/image\\\/\",\"url\":\"https:\\\/\\\/startvita.pt\\\/site\\\/wp-content\\\/uploads\\\/2014\\\/08\\\/Logo_seo.png\",\"contentUrl\":\"https:\\\/\\\/startvita.pt\\\/site\\\/wp-content\\\/uploads\\\/2014\\\/08\\\/Logo_seo.png\",\"width\":691,\"height\":691,\"caption\":\"Startvita Portas Blindadas\"},\"image\":{\"@id\":\"https:\\\/\\\/startvita.pt\\\/site\\\/#\\\/schema\\\/logo\\\/image\\\/\"},\"sameAs\":[\"https:\\\/\\\/www.facebook.com\\\/Startvita.Lda\",\"https:\\\/\\\/www.instagram.com\\\/startvita_portas\\\/\"],\"description\":\"Com\u00e9rcio e montagem de Portas Blindadas, Port\u00f5es Seccion\u00e1veis e Automatismos, Serralharia Port\u00f5es e Gradeamentos. Temos tamb\u00e9m Portas Corta-Fogo, Portas Multiuso, Portas de Interior, entre outros.\",\"email\":\"geral@startvita.pt\",\"telephone\":\"212216028\",\"legalName\":\"Startvita - Portas e Automatismos Unipessoal, Lda.\",\"foundingDate\":\"2006-02-07\",\"vatID\":\"507634322\",\"numberOfEmployees\":{\"@type\":\"QuantitativeValue\",\"minValue\":\"1\",\"maxValue\":\"10\"},\"publishingPrinciples\":\"https:\\\/\\\/startvita.pt\\\/site\\\/produtos-seguranca-startvita\\\/\"}]}<\/script>\n<!-- \/ Yoast SEO Premium plugin. -->","yoast_head_json":{"title":"Medidas Multiuso Roper - Startvita","description":"Porta Multiuso, com ou sem grelha de ventila\u00e7\u00e3o, em chapa de a\u00e7o galvanizado com isolamento interno de poliestireno de 20kg\/m3.","robots":{"index":"index","follow":"follow","max-snippet":"max-snippet:-1","max-image-preview":"max-image-preview:large","max-video-preview":"max-video-preview:-1"},"canonical":"https:\/\/startvita.pt\/site\/loja\/multiuso\/","og_locale":"pt_PT","og_type":"article","og_title":"Medidas Multiuso Roper","og_description":"Porta Multiuso, com ou sem grelha de ventila\u00e7\u00e3o, em chapa de a\u00e7o galvanizado com isolamento interno de poliestireno de 20kg\/m3.","og_url":"https:\/\/startvita.pt\/site\/loja\/multiuso\/","og_site_name":"Startvita","article_publisher":"https:\/\/www.facebook.com\/Startvita.Lda","article_modified_time":"2024-11-05T12:51:40+00:00","og_image":[{"width":664,"height":688,"url":"https:\/\/startvita.pt\/site\/wp-content\/uploads\/2022\/01\/Porta-Multiuso-Roper.png?v=1641986816","type":"image\/png"}],"twitter_card":"summary_large_image","twitter_misc":{"Tempo estimado de leitura":"1 minuto"},"schema":{"@context":"https:\/\/schema.org","@graph":[{"@type":"WebPage","@id":"https:\/\/startvita.pt\/site\/loja\/multiuso\/","url":"https:\/\/startvita.pt\/site\/loja\/multiuso\/","name":"Medidas Multiuso Roper - Startvita","isPartOf":{"@id":"https:\/\/startvita.pt\/site\/#website"},"primaryImageOfPage":{"@id":"https:\/\/startvita.pt\/site\/loja\/multiuso\/#primaryimage"},"image":{"@id":"https:\/\/startvita.pt\/site\/loja\/multiuso\/#primaryimage"},"thumbnailUrl":"https:\/\/startvita.pt\/site\/wp-content\/uploads\/2022\/01\/Porta-Multiuso-Roper.png?v=1641986816","datePublished":"2022-01-11T16:41:26+00:00","dateModified":"2024-11-05T12:51:40+00:00","description":"Porta Multiuso, com ou sem grelha de ventila\u00e7\u00e3o, em chapa de a\u00e7o galvanizado com isolamento interno de poliestireno de 20kg\/m3.","breadcrumb":{"@id":"https:\/\/startvita.pt\/site\/loja\/multiuso\/#breadcrumb"},"inLanguage":"pt-PT","potentialAction":[{"@type":"ReadAction","target":["https:\/\/startvita.pt\/site\/loja\/multiuso\/"]}]},{"@type":"ImageObject","inLanguage":"pt-PT","@id":"https:\/\/startvita.pt\/site\/loja\/multiuso\/#primaryimage","url":"https:\/\/startvita.pt\/site\/wp-content\/uploads\/2022\/01\/Porta-Multiuso-Roper.png?v=1641986816","contentUrl":"https:\/\/startvita.pt\/site\/wp-content\/uploads\/2022\/01\/Porta-Multiuso-Roper.png?v=1641986816","width":664,"height":688},{"@type":"BreadcrumbList","@id":"https:\/\/startvita.pt\/site\/loja\/multiuso\/#breadcrumb","itemListElement":[{"@type":"ListItem","position":1,"name":"In\u00edcio","item":"https:\/\/startvita.pt\/site\/"},{"@type":"ListItem","position":2,"name":"Loja","item":"https:\/\/startvita.pt\/site\/loja\/"},{"@type":"ListItem","position":3,"name":"Medidas Multiuso Roper"}]},{"@type":"WebSite","@id":"https:\/\/startvita.pt\/site\/#website","url":"https:\/\/startvita.pt\/site\/","name":"Startvita Portas Blindadas","description":"Portas Blindadas","publisher":{"@id":"https:\/\/startvita.pt\/site\/#organization"},"alternateName":"Startvita","potentialAction":[{"@type":"SearchAction","target":{"@type":"EntryPoint","urlTemplate":"https:\/\/startvita.pt\/site\/?s={search_term_string}"},"query-input":{"@type":"PropertyValueSpecification","valueRequired":true,"valueName":"search_term_string"}}],"inLanguage":"pt-PT"},{"@type":"Organization","@id":"https:\/\/startvita.pt\/site\/#organization","name":"Startvita Portas Blindadas","alternateName":"Startvita, Lda.","url":"https:\/\/startvita.pt\/site\/","logo":{"@type":"ImageObject","inLanguage":"pt-PT","@id":"https:\/\/startvita.pt\/site\/#\/schema\/logo\/image\/","url":"https:\/\/startvita.pt\/site\/wp-content\/uploads\/2014\/08\/Logo_seo.png","contentUrl":"https:\/\/startvita.pt\/site\/wp-content\/uploads\/2014\/08\/Logo_seo.png","width":691,"height":691,"caption":"Startvita Portas Blindadas"},"image":{"@id":"https:\/\/startvita.pt\/site\/#\/schema\/logo\/image\/"},"sameAs":["https:\/\/www.facebook.com\/Startvita.Lda","https:\/\/www.instagram.com\/startvita_portas\/"],"description":"Com\u00e9rcio e montagem de Portas Blindadas, Port\u00f5es Seccion\u00e1veis e Automatismos, Serralharia Port\u00f5es e Gradeamentos. Temos tamb\u00e9m Portas Corta-Fogo, Portas Multiuso, Portas de Interior, entre outros.","email":"geral@startvita.pt","telephone":"212216028","legalName":"Startvita - Portas e Automatismos Unipessoal, Lda.","foundingDate":"2006-02-07","vatID":"507634322","numberOfEmployees":{"@type":"QuantitativeValue","minValue":"1","maxValue":"10"},"publishingPrinciples":"https:\/\/startvita.pt\/site\/produtos-seguranca-startvita\/"}]}},"_links":{"self":[{"href":"https:\/\/startvita.pt\/site\/wp-json\/wp\/v2\/product\/5719","targetHints":{"allow":["GET"]}}],"collection":[{"href":"https:\/\/startvita.pt\/site\/wp-json\/wp\/v2\/product"}],"about":[{"href":"https:\/\/startvita.pt\/site\/wp-json\/wp\/v2\/types\/product"}],"wp:featuredmedia":[{"embeddable":true,"href":"https:\/\/startvita.pt\/site\/wp-json\/wp\/v2\/media\/5743"}],"wp:attachment":[{"href":"https:\/\/startvita.pt\/site\/wp-json\/wp\/v2\/media?parent=5719"}],"wp:term":[{"taxonomy":"product_brand","embeddable":true,"href":"https:\/\/startvita.pt\/site\/wp-json\/wp\/v2\/product_brand?post=5719"},{"taxonomy":"product_cat","embeddable":true,"href":"https:\/\/startvita.pt\/site\/wp-json\/wp\/v2\/product_cat?post=5719"},{"taxonomy":"product_tag","embeddable":true,"href":"https:\/\/startvita.pt\/site\/wp-json\/wp\/v2\/product_tag?post=5719"}],"curies":[{"name":"wp","href":"https:\/\/api.w.org\/{rel}","templated":true}]}}