{"id":6111,"date":"2022-01-18T11:07:58","date_gmt":"2022-01-18T11:07:58","guid":{"rendered":"https:\/\/startvita.pt\/site\/?page_id=6111"},"modified":"2022-01-19T15:09:43","modified_gmt":"2022-01-19T15:09:43","slug":"acessorios-portas-blindadas","status":"publish","type":"page","link":"https:\/\/startvita.pt\/site\/acessorios-portas-blindadas\/","title":{"rendered":"Acess\u00f3rios Portas Blindadas"},"content":{"rendered":"<p>[vc_row][vc_column]\r\n\r\r\n\r\r\n<div class=\"doors_empty_space\" data-heightmobile=\"10px\" data-heighttablet=\"80px\" data-heightdesktop=\"130px\">\r\r\n\r\r\n<\/div>\r\r\n      \r\r\n\r\r\n\r\r\n\r\r\n        \r\r\n      \r\r\n    \r\n\r\r\n\r\r\n<div class=\"doors_empty_space\" data-heightmobile=\"10px\" data-heighttablet=\"80px\" data-heightdesktop=\"130px\">\r\r\n\r\r\n<\/div>\r\r\n      \r\r\n\r\r\n\r\r\n\r\r\n        \r\r\n      \r\r\n    \t\t<div class=\"wd-heading  s-behind-t behind-about text-center\" >\r\n\t\t\t\r\n      \r\n      <h2 style=\"margin:0;\" >\r\n\t\t\t\t\tAcess\u00f3rios Portas Seguran\u00e7a\t\t\t\t<\/h2>\r\n\r\n        <div style='margin-top: 10px;'><\/div>      \r\n              <h4 style=\"\" >\r\n\t\t\t\t\tCilindros de Alta Seguran\u00e7a e outros\t\t\t\t<\/h4>\r\n      \r\n      \r\n    \t\t<\/div>\r\n\r\n\t\t[\/vc_column][\/vc_row][vc_row][vc_column]<div class=\"woocommerce columns-3 \"><ul class=\"products columns-3 grid\">\r\n<li class=\"post-6118 product type-product status-publish has-post-thumbnail product_cat-acessorios-porta-seguranca first instock sold-individually shipping-taxable purchasable product-type-variable has-default-attributes\" >\r\n\t<div class='product-image-wrapper'><a href=\"https:\/\/startvita.pt\/site\/loja\/cilindros-seguranca-standard\/\"><img loading=\"lazy\" decoding=\"async\" width=\"300\" height=\"300\" src=\"https:\/\/startvita.pt\/site\/wp-content\/uploads\/2022\/01\/Icone-Cilindros-sem-anti-300x300.png?v=1642604377\" class=\"attachment-woocommerce_thumbnail size-woocommerce_thumbnail\" alt=\"1. Cilindros de Seguran\u00e7a (Sem Anti-P\u00e2nico)\" srcset=\"https:\/\/startvita.pt\/site\/wp-content\/uploads\/2022\/01\/Icone-Cilindros-sem-anti-300x300.png?v=1642604377 300w, https:\/\/startvita.pt\/site\/wp-content\/uploads\/2022\/01\/Icone-Cilindros-sem-anti-150x150.png?v=1642604377 150w, https:\/\/startvita.pt\/site\/wp-content\/uploads\/2022\/01\/Icone-Cilindros-sem-anti-140x140.png?v=1642604377 140w, https:\/\/startvita.pt\/site\/wp-content\/uploads\/2022\/01\/Icone-Cilindros-sem-anti-370x370.png?v=1642604377 370w, https:\/\/startvita.pt\/site\/wp-content\/uploads\/2022\/01\/Icone-Cilindros-sem-anti-250x250.png?v=1642604377 250w, https:\/\/startvita.pt\/site\/wp-content\/uploads\/2022\/01\/Icone-Cilindros-sem-anti-100x100.png?v=1642604377 100w\" sizes=\"auto, (max-width: 300px) 100vw, 300px\" \/><\/a><\/div><div class=\"product-details-wrapper\">\r\n              <h2 class=\"woocommerce-loop-product__title\">\r\n                <a href=\"https:\/\/startvita.pt\/site\/loja\/cilindros-seguranca-standard\/\">1. Cilindros de Seguran\u00e7a (Sem Anti-P\u00e2nico) <\/a>\r\n              <\/h2>\n\t<span class=\"price\"><span class=\"woocommerce-Price-amount amount\" aria-hidden=\"true\"><bdi><span class=\"woocommerce-Price-currencySymbol\">&euro;<\/span>65<\/bdi><\/span> <span aria-hidden=\"true\">&ndash;<\/span> <span class=\"woocommerce-Price-amount amount\" aria-hidden=\"true\"><bdi><span class=\"woocommerce-Price-currencySymbol\">&euro;<\/span>210<\/bdi><\/span><span class=\"screen-reader-text\">Price range: &euro;65 through &euro;210<\/span><\/span>\n<a href=\"https:\/\/startvita.pt\/site\/loja\/cilindros-seguranca-standard\/\"  data-quantity=\"1\" class=\"button product_type_variable add_to_cart_button\" data-product_id=\"6118\" data-product_sku=\"\" aria-label=\"Seleccione as op\u00e7\u00f5es para &ldquo;1. Cilindros de Seguran\u00e7a (Sem Anti-P\u00e2nico)&rdquo;\" rel=\"nofollow\">Ver op\u00e7\u00f5es<\/a><\/div><\/li>\r\n<li class=\"post-6075 product type-product status-publish has-post-thumbnail product_cat-acessorios-porta-seguranca  instock sold-individually shipping-taxable purchasable product-type-variable has-default-attributes\" >\r\n\t<div class='product-image-wrapper'><a href=\"https:\/\/startvita.pt\/site\/loja\/cilindros-seguranca-antipanico\/\"><img loading=\"lazy\" decoding=\"async\" width=\"300\" height=\"300\" src=\"https:\/\/startvita.pt\/site\/wp-content\/uploads\/2022\/01\/Icone-Cilindros-COM-ANTI-300x300.png?v=1642603389\" class=\"attachment-woocommerce_thumbnail size-woocommerce_thumbnail\" alt=\"2. Cilindros de Seguran\u00e7a (Com Anti-P\u00e2nico)\" srcset=\"https:\/\/startvita.pt\/site\/wp-content\/uploads\/2022\/01\/Icone-Cilindros-COM-ANTI-300x300.png?v=1642603389 300w, https:\/\/startvita.pt\/site\/wp-content\/uploads\/2022\/01\/Icone-Cilindros-COM-ANTI-150x150.png?v=1642603389 150w, https:\/\/startvita.pt\/site\/wp-content\/uploads\/2022\/01\/Icone-Cilindros-COM-ANTI-140x140.png?v=1642603389 140w, https:\/\/startvita.pt\/site\/wp-content\/uploads\/2022\/01\/Icone-Cilindros-COM-ANTI-370x370.png?v=1642603389 370w, https:\/\/startvita.pt\/site\/wp-content\/uploads\/2022\/01\/Icone-Cilindros-COM-ANTI-250x250.png?v=1642603389 250w, https:\/\/startvita.pt\/site\/wp-content\/uploads\/2022\/01\/Icone-Cilindros-COM-ANTI-100x100.png?v=1642603389 100w\" sizes=\"auto, (max-width: 300px) 100vw, 300px\" \/><\/a><\/div><div class=\"product-details-wrapper\">\r\n              <h2 class=\"woocommerce-loop-product__title\">\r\n                <a href=\"https:\/\/startvita.pt\/site\/loja\/cilindros-seguranca-antipanico\/\">2. Cilindros de Seguran\u00e7a (Com Anti-P\u00e2nico) <\/a>\r\n              <\/h2>\n\t<span class=\"price\"><span class=\"woocommerce-Price-amount amount\" aria-hidden=\"true\"><bdi><span class=\"woocommerce-Price-currencySymbol\">&euro;<\/span>215<\/bdi><\/span> <span aria-hidden=\"true\">&ndash;<\/span> <span class=\"woocommerce-Price-amount amount\" aria-hidden=\"true\"><bdi><span class=\"woocommerce-Price-currencySymbol\">&euro;<\/span>359<\/bdi><\/span><span class=\"screen-reader-text\">Price range: &euro;215 through &euro;359<\/span><\/span>\n<a href=\"https:\/\/startvita.pt\/site\/loja\/cilindros-seguranca-antipanico\/\"  data-quantity=\"1\" class=\"button product_type_variable add_to_cart_button\" data-product_id=\"6075\" data-product_sku=\"\" aria-label=\"Seleccione as op\u00e7\u00f5es para &ldquo;2. Cilindros de Seguran\u00e7a (Com Anti-P\u00e2nico)&rdquo;\" rel=\"nofollow\">Ver op\u00e7\u00f5es<\/a><\/div><\/li>\r\n<li class=\"post-6146 product type-product status-publish has-post-thumbnail product_cat-acessorios-porta-seguranca last instock sold-individually shipping-taxable purchasable product-type-variable has-default-attributes\" >\r\n\t<div class='product-image-wrapper'><a href=\"https:\/\/startvita.pt\/site\/loja\/sistema-abertura-eletronico\/\"><img loading=\"lazy\" decoding=\"async\" width=\"300\" height=\"300\" src=\"https:\/\/startvita.pt\/site\/wp-content\/uploads\/2014\/08\/linus_web_banners_desktop-2_1000-e1642510816595-300x300.jpg?v=1642515720\" class=\"attachment-woocommerce_thumbnail size-woocommerce_thumbnail\" alt=\"3. Sistema Abertura Eletr\u00f3nico\" srcset=\"https:\/\/startvita.pt\/site\/wp-content\/uploads\/2014\/08\/linus_web_banners_desktop-2_1000-e1642510816595-300x300.jpg?v=1642515720 300w, https:\/\/startvita.pt\/site\/wp-content\/uploads\/2014\/08\/linus_web_banners_desktop-2_1000-e1642510816595-150x150.jpg?v=1642515720 150w, https:\/\/startvita.pt\/site\/wp-content\/uploads\/2014\/08\/linus_web_banners_desktop-2_1000-e1642510816595-140x140.jpg?v=1642515720 140w, https:\/\/startvita.pt\/site\/wp-content\/uploads\/2014\/08\/linus_web_banners_desktop-2_1000-e1642510816595-370x370.jpg?v=1642515720 370w, https:\/\/startvita.pt\/site\/wp-content\/uploads\/2014\/08\/linus_web_banners_desktop-2_1000-e1642510816595-250x250.jpg?v=1642515720 250w, https:\/\/startvita.pt\/site\/wp-content\/uploads\/2014\/08\/linus_web_banners_desktop-2_1000-e1642510816595-100x100.jpg?v=1642515720 100w\" sizes=\"auto, (max-width: 300px) 100vw, 300px\" \/><\/a><\/div><div class=\"product-details-wrapper\">\r\n              <h2 class=\"woocommerce-loop-product__title\">\r\n                <a href=\"https:\/\/startvita.pt\/site\/loja\/sistema-abertura-eletronico\/\">3. Sistema Abertura Eletr\u00f3nico <\/a>\r\n              <\/h2>\n\t<span class=\"price\"><span class=\"woocommerce-Price-amount amount\" aria-hidden=\"true\"><bdi><span class=\"woocommerce-Price-currencySymbol\">&euro;<\/span>449<\/bdi><\/span> <span aria-hidden=\"true\">&ndash;<\/span> <span class=\"woocommerce-Price-amount amount\" aria-hidden=\"true\"><bdi><span class=\"woocommerce-Price-currencySymbol\">&euro;<\/span>818<\/bdi><\/span><span class=\"screen-reader-text\">Price range: &euro;449 through &euro;818<\/span><\/span>\n<a href=\"https:\/\/startvita.pt\/site\/loja\/sistema-abertura-eletronico\/\"  data-quantity=\"1\" class=\"button product_type_variable add_to_cart_button\" data-product_id=\"6146\" data-product_sku=\"\" aria-label=\"Seleccione as op\u00e7\u00f5es para &ldquo;3. Sistema Abertura Eletr\u00f3nico&rdquo;\" rel=\"nofollow\">Ver op\u00e7\u00f5es<\/a><\/div><\/li>\r\n<\/ul>\n<\/div>[\/vc_column][\/vc_row]<\/p>\n","protected":false},"excerpt":{"rendered":"<p>[vc_row][vc_column][\/vc_column][\/vc_row][vc_row][vc_column][\/vc_column][\/vc_row]<\/p>\n","protected":false},"author":2,"featured_media":0,"parent":0,"menu_order":0,"comment_status":"closed","ping_status":"closed","template":"","meta":{"footnotes":""},"class_list":["post-6111","page","type-page","status-publish","hentry"],"yoast_head":"<!-- This site is optimized with the Yoast SEO Premium plugin v24.1 (Yoast SEO v27.4) - https:\/\/yoast.com\/product\/yoast-seo-premium-wordpress\/ -->\n<title>Acess\u00f3rios Portas Blindadas - Startvita<\/title>\n<meta name=\"robots\" content=\"index, follow, max-snippet:-1, max-image-preview:large, max-video-preview:-1\" \/>\n<link rel=\"canonical\" href=\"https:\/\/startvita.pt\/site\/acessorios-portas-blindadas\/\" \/>\n<meta property=\"og:locale\" content=\"pt_PT\" \/>\n<meta property=\"og:type\" content=\"article\" \/>\n<meta property=\"og:title\" content=\"Acess\u00f3rios Portas Blindadas\" \/>\n<meta property=\"og:description\" content=\"[vc_row][vc_column][\/vc_column][\/vc_row][vc_row][vc_column][\/vc_column][\/vc_row]\" \/>\n<meta property=\"og:url\" content=\"https:\/\/startvita.pt\/site\/acessorios-portas-blindadas\/\" \/>\n<meta property=\"og:site_name\" content=\"Startvita\" \/>\n<meta property=\"article:publisher\" content=\"https:\/\/www.facebook.com\/Startvita.Lda\" \/>\n<meta property=\"article:modified_time\" content=\"2022-01-19T15:09:43+00:00\" \/>\n<meta property=\"og:image\" content=\"https:\/\/startvita.pt\/site\/wp-content\/uploads\/2023\/02\/Logotipo_1-1.png?v=1675254647\" \/>\n\t<meta property=\"og:image:width\" content=\"3565\" \/>\n\t<meta property=\"og:image:height\" content=\"1639\" \/>\n\t<meta property=\"og:image:type\" content=\"image\/png\" \/>\n<meta name=\"twitter:card\" content=\"summary_large_image\" \/>\n<script type=\"application\/ld+json\" class=\"yoast-schema-graph\">{\"@context\":\"https:\\\/\\\/schema.org\",\"@graph\":[{\"@type\":\"WebPage\",\"@id\":\"https:\\\/\\\/startvita.pt\\\/site\\\/acessorios-portas-blindadas\\\/\",\"url\":\"https:\\\/\\\/startvita.pt\\\/site\\\/acessorios-portas-blindadas\\\/\",\"name\":\"Acess\u00f3rios Portas Blindadas - Startvita\",\"isPartOf\":{\"@id\":\"https:\\\/\\\/startvita.pt\\\/site\\\/#website\"},\"datePublished\":\"2022-01-18T11:07:58+00:00\",\"dateModified\":\"2022-01-19T15:09:43+00:00\",\"breadcrumb\":{\"@id\":\"https:\\\/\\\/startvita.pt\\\/site\\\/acessorios-portas-blindadas\\\/#breadcrumb\"},\"inLanguage\":\"pt-PT\",\"potentialAction\":[{\"@type\":\"ReadAction\",\"target\":[\"https:\\\/\\\/startvita.pt\\\/site\\\/acessorios-portas-blindadas\\\/\"]}]},{\"@type\":\"BreadcrumbList\",\"@id\":\"https:\\\/\\\/startvita.pt\\\/site\\\/acessorios-portas-blindadas\\\/#breadcrumb\",\"itemListElement\":[{\"@type\":\"ListItem\",\"position\":1,\"name\":\"In\u00edcio\",\"item\":\"https:\\\/\\\/startvita.pt\\\/site\\\/\"},{\"@type\":\"ListItem\",\"position\":2,\"name\":\"Acess\u00f3rios Portas Blindadas\"}]},{\"@type\":\"WebSite\",\"@id\":\"https:\\\/\\\/startvita.pt\\\/site\\\/#website\",\"url\":\"https:\\\/\\\/startvita.pt\\\/site\\\/\",\"name\":\"Startvita Portas Blindadas\",\"description\":\"Portas Blindadas\",\"publisher\":{\"@id\":\"https:\\\/\\\/startvita.pt\\\/site\\\/#organization\"},\"alternateName\":\"Startvita\",\"potentialAction\":[{\"@type\":\"SearchAction\",\"target\":{\"@type\":\"EntryPoint\",\"urlTemplate\":\"https:\\\/\\\/startvita.pt\\\/site\\\/?s={search_term_string}\"},\"query-input\":{\"@type\":\"PropertyValueSpecification\",\"valueRequired\":true,\"valueName\":\"search_term_string\"}}],\"inLanguage\":\"pt-PT\"},{\"@type\":\"Organization\",\"@id\":\"https:\\\/\\\/startvita.pt\\\/site\\\/#organization\",\"name\":\"Startvita Portas Blindadas\",\"alternateName\":\"Startvita, Lda.\",\"url\":\"https:\\\/\\\/startvita.pt\\\/site\\\/\",\"logo\":{\"@type\":\"ImageObject\",\"inLanguage\":\"pt-PT\",\"@id\":\"https:\\\/\\\/startvita.pt\\\/site\\\/#\\\/schema\\\/logo\\\/image\\\/\",\"url\":\"https:\\\/\\\/startvita.pt\\\/site\\\/wp-content\\\/uploads\\\/2014\\\/08\\\/Logo_seo.png\",\"contentUrl\":\"https:\\\/\\\/startvita.pt\\\/site\\\/wp-content\\\/uploads\\\/2014\\\/08\\\/Logo_seo.png\",\"width\":691,\"height\":691,\"caption\":\"Startvita Portas Blindadas\"},\"image\":{\"@id\":\"https:\\\/\\\/startvita.pt\\\/site\\\/#\\\/schema\\\/logo\\\/image\\\/\"},\"sameAs\":[\"https:\\\/\\\/www.facebook.com\\\/Startvita.Lda\",\"https:\\\/\\\/www.instagram.com\\\/startvita_portas\\\/\"],\"description\":\"Com\u00e9rcio e montagem de Portas Blindadas, Port\u00f5es Seccion\u00e1veis e Automatismos, Serralharia Port\u00f5es e Gradeamentos. Temos tamb\u00e9m Portas Corta-Fogo, Portas Multiuso, Portas de Interior, entre outros.\",\"email\":\"geral@startvita.pt\",\"telephone\":\"212216028\",\"legalName\":\"Startvita - Portas e Automatismos Unipessoal, Lda.\",\"foundingDate\":\"2006-02-07\",\"vatID\":\"507634322\",\"numberOfEmployees\":{\"@type\":\"QuantitativeValue\",\"minValue\":\"1\",\"maxValue\":\"10\"},\"publishingPrinciples\":\"https:\\\/\\\/startvita.pt\\\/site\\\/produtos-seguranca-startvita\\\/\"}]}<\/script>\n<!-- \/ Yoast SEO Premium plugin. -->","yoast_head_json":{"title":"Acess\u00f3rios Portas Blindadas - Startvita","robots":{"index":"index","follow":"follow","max-snippet":"max-snippet:-1","max-image-preview":"max-image-preview:large","max-video-preview":"max-video-preview:-1"},"canonical":"https:\/\/startvita.pt\/site\/acessorios-portas-blindadas\/","og_locale":"pt_PT","og_type":"article","og_title":"Acess\u00f3rios Portas Blindadas","og_description":"[vc_row][vc_column][\/vc_column][\/vc_row][vc_row][vc_column][\/vc_column][\/vc_row]","og_url":"https:\/\/startvita.pt\/site\/acessorios-portas-blindadas\/","og_site_name":"Startvita","article_publisher":"https:\/\/www.facebook.com\/Startvita.Lda","article_modified_time":"2022-01-19T15:09:43+00:00","og_image":[{"width":3565,"height":1639,"url":"https:\/\/startvita.pt\/site\/wp-content\/uploads\/2023\/02\/Logotipo_1-1.png?v=1675254647","type":"image\/png"}],"twitter_card":"summary_large_image","schema":{"@context":"https:\/\/schema.org","@graph":[{"@type":"WebPage","@id":"https:\/\/startvita.pt\/site\/acessorios-portas-blindadas\/","url":"https:\/\/startvita.pt\/site\/acessorios-portas-blindadas\/","name":"Acess\u00f3rios Portas Blindadas - Startvita","isPartOf":{"@id":"https:\/\/startvita.pt\/site\/#website"},"datePublished":"2022-01-18T11:07:58+00:00","dateModified":"2022-01-19T15:09:43+00:00","breadcrumb":{"@id":"https:\/\/startvita.pt\/site\/acessorios-portas-blindadas\/#breadcrumb"},"inLanguage":"pt-PT","potentialAction":[{"@type":"ReadAction","target":["https:\/\/startvita.pt\/site\/acessorios-portas-blindadas\/"]}]},{"@type":"BreadcrumbList","@id":"https:\/\/startvita.pt\/site\/acessorios-portas-blindadas\/#breadcrumb","itemListElement":[{"@type":"ListItem","position":1,"name":"In\u00edcio","item":"https:\/\/startvita.pt\/site\/"},{"@type":"ListItem","position":2,"name":"Acess\u00f3rios Portas Blindadas"}]},{"@type":"WebSite","@id":"https:\/\/startvita.pt\/site\/#website","url":"https:\/\/startvita.pt\/site\/","name":"Startvita Portas Blindadas","description":"Portas Blindadas","publisher":{"@id":"https:\/\/startvita.pt\/site\/#organization"},"alternateName":"Startvita","potentialAction":[{"@type":"SearchAction","target":{"@type":"EntryPoint","urlTemplate":"https:\/\/startvita.pt\/site\/?s={search_term_string}"},"query-input":{"@type":"PropertyValueSpecification","valueRequired":true,"valueName":"search_term_string"}}],"inLanguage":"pt-PT"},{"@type":"Organization","@id":"https:\/\/startvita.pt\/site\/#organization","name":"Startvita Portas Blindadas","alternateName":"Startvita, Lda.","url":"https:\/\/startvita.pt\/site\/","logo":{"@type":"ImageObject","inLanguage":"pt-PT","@id":"https:\/\/startvita.pt\/site\/#\/schema\/logo\/image\/","url":"https:\/\/startvita.pt\/site\/wp-content\/uploads\/2014\/08\/Logo_seo.png","contentUrl":"https:\/\/startvita.pt\/site\/wp-content\/uploads\/2014\/08\/Logo_seo.png","width":691,"height":691,"caption":"Startvita Portas Blindadas"},"image":{"@id":"https:\/\/startvita.pt\/site\/#\/schema\/logo\/image\/"},"sameAs":["https:\/\/www.facebook.com\/Startvita.Lda","https:\/\/www.instagram.com\/startvita_portas\/"],"description":"Com\u00e9rcio e montagem de Portas Blindadas, Port\u00f5es Seccion\u00e1veis e Automatismos, Serralharia Port\u00f5es e Gradeamentos. Temos tamb\u00e9m Portas Corta-Fogo, Portas Multiuso, Portas de Interior, entre outros.","email":"geral@startvita.pt","telephone":"212216028","legalName":"Startvita - Portas e Automatismos Unipessoal, Lda.","foundingDate":"2006-02-07","vatID":"507634322","numberOfEmployees":{"@type":"QuantitativeValue","minValue":"1","maxValue":"10"},"publishingPrinciples":"https:\/\/startvita.pt\/site\/produtos-seguranca-startvita\/"}]}},"_links":{"self":[{"href":"https:\/\/startvita.pt\/site\/wp-json\/wp\/v2\/pages\/6111","targetHints":{"allow":["GET"]}}],"collection":[{"href":"https:\/\/startvita.pt\/site\/wp-json\/wp\/v2\/pages"}],"about":[{"href":"https:\/\/startvita.pt\/site\/wp-json\/wp\/v2\/types\/page"}],"author":[{"embeddable":true,"href":"https:\/\/startvita.pt\/site\/wp-json\/wp\/v2\/users\/2"}],"replies":[{"embeddable":true,"href":"https:\/\/startvita.pt\/site\/wp-json\/wp\/v2\/comments?post=6111"}],"version-history":[{"count":4,"href":"https:\/\/startvita.pt\/site\/wp-json\/wp\/v2\/pages\/6111\/revisions"}],"predecessor-version":[{"id":6113,"href":"https:\/\/startvita.pt\/site\/wp-json\/wp\/v2\/pages\/6111\/revisions\/6113"}],"wp:attachment":[{"href":"https:\/\/startvita.pt\/site\/wp-json\/wp\/v2\/media?parent=6111"}],"curies":[{"name":"wp","href":"https:\/\/api.w.org\/{rel}","templated":true}]}}