{"id":4209,"date":"2021-11-02T16:45:04","date_gmt":"2021-11-02T16:45:04","guid":{"rendered":"https:\/\/startvita.pt\/site\/?page_id=4209"},"modified":"2021-11-02T16:47:28","modified_gmt":"2021-11-02T16:47:28","slug":"portas-interior-showcase","status":"publish","type":"page","link":"https:\/\/startvita.pt\/site\/portas-interior-showcase\/","title":{"rendered":"Portas de Interior Showcase"},"content":{"rendered":"<p>[vc_row][vc_column]\r\n\r\r\n\r\r\n<div class=\"doors_empty_space\" data-heightmobile=\"10px\" data-heighttablet=\"80px\" data-heightdesktop=\"130px\">\r\r\n\r\r\n<\/div>\r\r\n      \r\r\n\r\r\n\r\r\n\r\r\n        \r\r\n      \r\r\n    \r\n\r\r\n\r\r\n<div class=\"doors_empty_space\" data-heightmobile=\"10px\" data-heighttablet=\"80px\" data-heightdesktop=\"130px\">\r\r\n\r\r\n<\/div>\r\r\n      \r\r\n\r\r\n\r\r\n\r\r\n        \r\r\n      \r\r\n    \t\t<div class=\"wd-heading  s-behind-t behind-about text-center\" >\r\n\t\t\t\r\n      \r\n      <h2 style=\"margin:0;\" >\r\n\t\t\t\t\tPortas de Interior Showcase\t\t\t\t<\/h2>\r\n\r\n        <div style='margin-top: 10px;'><\/div>      \r\n              <h4 style=\"\" >\r\n\t\t\t\t\tConhe\u00e7a A Nossa Vasta Gama De Portas de Interior\t\t\t\t<\/h4>\r\n      \r\n      \r\n    \t\t<\/div>\r\n\r\n\t\t\r\n\r\r\n\r\r\n<div class=\"doors_empty_space\" data-heightmobile=\"10px\" data-heighttablet=\"80px\" data-heightdesktop=\"130px\">\r\r\n\r\r\n<\/div>\r\r\n      \r\r\n\r\r\n\r\r\n\r\r\n        \r\r\n      \r\r\n    [\/vc_column][\/vc_row][vc_row][vc_column][vc_single_image image=&#8221;4210&#8243; img_size=&#8221;full&#8221;][vc_column_text]<\/p>\n<div><em><strong>Porta Interior Low Cost<\/strong><\/em><\/div>\n<div><\/div>\n<div>Porta com aro e guarni\u00e7\u00e3o em contraplacado mar\u00edtimo folheado a madeira natural e envernizado.<\/div>\n<div>Na op\u00e7\u00e3o Cor branco (lacado mate), os aros e guarni\u00e7\u00f5es s\u00e3o em MDF hidr\u00f3fugo.<\/div>\n<div><\/div>\n<div>Medida standard de porta at\u00e9 (cm): 200x80x3,5<br \/>\nParede at\u00e9 15cm (fabricamos para a medida de parede)<br \/>\nGuarni\u00e7\u00e3o: 5,8cm<\/div>\n<div><\/div>\n<div>\n<p>Medidas personalizadas ? <a href=\"https:\/\/startvita.pt\/site\/portas_interior\/\">Fa\u00e7a aqui<\/a><\/p>\n<div><\/div>\n<div><\/div>\n<div><em>Kit da Porta inclui:<\/em><br \/>\nPorta, Aro, Guarni\u00e7\u00e3o, Fechadura, Batente, Borracha, Puxador, Dobradi\u00e7as e Verniz<\/div>\n<\/div>\n<p>[\/vc_column_text][\/vc_column][\/vc_row]<\/p>\n","protected":false},"excerpt":{"rendered":"<p>[vc_row][vc_column][\/vc_column][\/vc_row][vc_row][vc_column][vc_single_image image=&#8221;4210&#8243; img_size=&#8221;full&#8221;][vc_column_text] Porta Interior Low Cost Porta com aro e guarni\u00e7\u00e3o em contraplacado mar\u00edtimo folheado a madeira natural e envernizado. Na op\u00e7\u00e3o Cor branco (lacado mate), os aros e guarni\u00e7\u00f5es s\u00e3o em MDF hidr\u00f3fugo. Medida standard de porta at\u00e9 (cm): 200x80x3,5 Parede at\u00e9 15cm (fabricamos para a medida de parede) Guarni\u00e7\u00e3o: 5,8cm Medidas personalizadas [&hellip;]<\/p>\n","protected":false},"author":1,"featured_media":0,"parent":0,"menu_order":0,"comment_status":"closed","ping_status":"closed","template":"","meta":{"footnotes":""},"class_list":["post-4209","page","type-page","status-publish","hentry"],"yoast_head":"<!-- This site is optimized with the Yoast SEO Premium plugin v24.1 (Yoast SEO v27.4) - https:\/\/yoast.com\/product\/yoast-seo-premium-wordpress\/ -->\n<title>Portas de Interior Showcase - Startvita<\/title>\n<meta name=\"robots\" content=\"index, follow, max-snippet:-1, max-image-preview:large, max-video-preview:-1\" \/>\n<link rel=\"canonical\" href=\"https:\/\/startvita.pt\/site\/portas-interior-showcase\/\" \/>\n<meta property=\"og:locale\" content=\"pt_PT\" \/>\n<meta property=\"og:type\" content=\"article\" \/>\n<meta property=\"og:title\" content=\"Portas de Interior Showcase\" \/>\n<meta property=\"og:description\" content=\"[vc_row][vc_column][\/vc_column][\/vc_row][vc_row][vc_column][vc_single_image image=&#8221;4210&#8243; img_size=&#8221;full&#8221;][vc_column_text] Porta Interior Low Cost Porta com aro e guarni\u00e7\u00e3o em contraplacado mar\u00edtimo folheado a madeira natural e envernizado. Na op\u00e7\u00e3o Cor branco (lacado mate), os aros e guarni\u00e7\u00f5es s\u00e3o em MDF hidr\u00f3fugo. Medida standard de porta at\u00e9 (cm): 200x80x3,5 Parede at\u00e9 15cm (fabricamos para a medida de parede) Guarni\u00e7\u00e3o: 5,8cm Medidas personalizadas [&hellip;]\" \/>\n<meta property=\"og:url\" content=\"https:\/\/startvita.pt\/site\/portas-interior-showcase\/\" \/>\n<meta property=\"og:site_name\" content=\"Startvita\" \/>\n<meta property=\"article:publisher\" content=\"https:\/\/www.facebook.com\/Startvita.Lda\" \/>\n<meta property=\"article:modified_time\" content=\"2021-11-02T16:47:28+00:00\" \/>\n<meta property=\"og:image\" content=\"https:\/\/startvita.pt\/site\/wp-content\/uploads\/2023\/02\/Logotipo_1-1.png?v=1675254647\" \/>\n\t<meta property=\"og:image:width\" content=\"3565\" \/>\n\t<meta property=\"og:image:height\" content=\"1639\" \/>\n\t<meta property=\"og:image:type\" content=\"image\/png\" \/>\n<meta name=\"twitter:card\" content=\"summary_large_image\" \/>\n<meta name=\"twitter:label1\" content=\"Tempo estimado de leitura\" \/>\n\t<meta name=\"twitter:data1\" content=\"1 minuto\" \/>\n<script type=\"application\/ld+json\" class=\"yoast-schema-graph\">{\"@context\":\"https:\\\/\\\/schema.org\",\"@graph\":[{\"@type\":\"WebPage\",\"@id\":\"https:\\\/\\\/startvita.pt\\\/site\\\/portas-interior-showcase\\\/\",\"url\":\"https:\\\/\\\/startvita.pt\\\/site\\\/portas-interior-showcase\\\/\",\"name\":\"Portas de Interior Showcase - Startvita\",\"isPartOf\":{\"@id\":\"https:\\\/\\\/startvita.pt\\\/site\\\/#website\"},\"datePublished\":\"2021-11-02T16:45:04+00:00\",\"dateModified\":\"2021-11-02T16:47:28+00:00\",\"breadcrumb\":{\"@id\":\"https:\\\/\\\/startvita.pt\\\/site\\\/portas-interior-showcase\\\/#breadcrumb\"},\"inLanguage\":\"pt-PT\",\"potentialAction\":[{\"@type\":\"ReadAction\",\"target\":[\"https:\\\/\\\/startvita.pt\\\/site\\\/portas-interior-showcase\\\/\"]}]},{\"@type\":\"BreadcrumbList\",\"@id\":\"https:\\\/\\\/startvita.pt\\\/site\\\/portas-interior-showcase\\\/#breadcrumb\",\"itemListElement\":[{\"@type\":\"ListItem\",\"position\":1,\"name\":\"In\u00edcio\",\"item\":\"https:\\\/\\\/startvita.pt\\\/site\\\/\"},{\"@type\":\"ListItem\",\"position\":2,\"name\":\"Portas de Interior Showcase\"}]},{\"@type\":\"WebSite\",\"@id\":\"https:\\\/\\\/startvita.pt\\\/site\\\/#website\",\"url\":\"https:\\\/\\\/startvita.pt\\\/site\\\/\",\"name\":\"Startvita Portas Blindadas\",\"description\":\"Portas Blindadas\",\"publisher\":{\"@id\":\"https:\\\/\\\/startvita.pt\\\/site\\\/#organization\"},\"alternateName\":\"Startvita\",\"potentialAction\":[{\"@type\":\"SearchAction\",\"target\":{\"@type\":\"EntryPoint\",\"urlTemplate\":\"https:\\\/\\\/startvita.pt\\\/site\\\/?s={search_term_string}\"},\"query-input\":{\"@type\":\"PropertyValueSpecification\",\"valueRequired\":true,\"valueName\":\"search_term_string\"}}],\"inLanguage\":\"pt-PT\"},{\"@type\":\"Organization\",\"@id\":\"https:\\\/\\\/startvita.pt\\\/site\\\/#organization\",\"name\":\"Startvita Portas Blindadas\",\"alternateName\":\"Startvita, Lda.\",\"url\":\"https:\\\/\\\/startvita.pt\\\/site\\\/\",\"logo\":{\"@type\":\"ImageObject\",\"inLanguage\":\"pt-PT\",\"@id\":\"https:\\\/\\\/startvita.pt\\\/site\\\/#\\\/schema\\\/logo\\\/image\\\/\",\"url\":\"https:\\\/\\\/startvita.pt\\\/site\\\/wp-content\\\/uploads\\\/2014\\\/08\\\/Logo_seo.png\",\"contentUrl\":\"https:\\\/\\\/startvita.pt\\\/site\\\/wp-content\\\/uploads\\\/2014\\\/08\\\/Logo_seo.png\",\"width\":691,\"height\":691,\"caption\":\"Startvita Portas Blindadas\"},\"image\":{\"@id\":\"https:\\\/\\\/startvita.pt\\\/site\\\/#\\\/schema\\\/logo\\\/image\\\/\"},\"sameAs\":[\"https:\\\/\\\/www.facebook.com\\\/Startvita.Lda\",\"https:\\\/\\\/www.instagram.com\\\/startvita_portas\\\/\"],\"description\":\"Com\u00e9rcio e montagem de Portas Blindadas, Port\u00f5es Seccion\u00e1veis e Automatismos, Serralharia Port\u00f5es e Gradeamentos. Temos tamb\u00e9m Portas Corta-Fogo, Portas Multiuso, Portas de Interior, entre outros.\",\"email\":\"geral@startvita.pt\",\"telephone\":\"212216028\",\"legalName\":\"Startvita - Portas e Automatismos Unipessoal, Lda.\",\"foundingDate\":\"2006-02-07\",\"vatID\":\"507634322\",\"numberOfEmployees\":{\"@type\":\"QuantitativeValue\",\"minValue\":\"1\",\"maxValue\":\"10\"},\"publishingPrinciples\":\"https:\\\/\\\/startvita.pt\\\/site\\\/produtos-seguranca-startvita\\\/\"}]}<\/script>\n<!-- \/ Yoast SEO Premium plugin. -->","yoast_head_json":{"title":"Portas de Interior Showcase - Startvita","robots":{"index":"index","follow":"follow","max-snippet":"max-snippet:-1","max-image-preview":"max-image-preview:large","max-video-preview":"max-video-preview:-1"},"canonical":"https:\/\/startvita.pt\/site\/portas-interior-showcase\/","og_locale":"pt_PT","og_type":"article","og_title":"Portas de Interior Showcase","og_description":"[vc_row][vc_column][\/vc_column][\/vc_row][vc_row][vc_column][vc_single_image image=&#8221;4210&#8243; img_size=&#8221;full&#8221;][vc_column_text] Porta Interior Low Cost Porta com aro e guarni\u00e7\u00e3o em contraplacado mar\u00edtimo folheado a madeira natural e envernizado. Na op\u00e7\u00e3o Cor branco (lacado mate), os aros e guarni\u00e7\u00f5es s\u00e3o em MDF hidr\u00f3fugo. Medida standard de porta at\u00e9 (cm): 200x80x3,5 Parede at\u00e9 15cm (fabricamos para a medida de parede) Guarni\u00e7\u00e3o: 5,8cm Medidas personalizadas [&hellip;]","og_url":"https:\/\/startvita.pt\/site\/portas-interior-showcase\/","og_site_name":"Startvita","article_publisher":"https:\/\/www.facebook.com\/Startvita.Lda","article_modified_time":"2021-11-02T16:47:28+00:00","og_image":[{"width":3565,"height":1639,"url":"https:\/\/startvita.pt\/site\/wp-content\/uploads\/2023\/02\/Logotipo_1-1.png?v=1675254647","type":"image\/png"}],"twitter_card":"summary_large_image","twitter_misc":{"Tempo estimado de leitura":"1 minuto"},"schema":{"@context":"https:\/\/schema.org","@graph":[{"@type":"WebPage","@id":"https:\/\/startvita.pt\/site\/portas-interior-showcase\/","url":"https:\/\/startvita.pt\/site\/portas-interior-showcase\/","name":"Portas de Interior Showcase - Startvita","isPartOf":{"@id":"https:\/\/startvita.pt\/site\/#website"},"datePublished":"2021-11-02T16:45:04+00:00","dateModified":"2021-11-02T16:47:28+00:00","breadcrumb":{"@id":"https:\/\/startvita.pt\/site\/portas-interior-showcase\/#breadcrumb"},"inLanguage":"pt-PT","potentialAction":[{"@type":"ReadAction","target":["https:\/\/startvita.pt\/site\/portas-interior-showcase\/"]}]},{"@type":"BreadcrumbList","@id":"https:\/\/startvita.pt\/site\/portas-interior-showcase\/#breadcrumb","itemListElement":[{"@type":"ListItem","position":1,"name":"In\u00edcio","item":"https:\/\/startvita.pt\/site\/"},{"@type":"ListItem","position":2,"name":"Portas de Interior Showcase"}]},{"@type":"WebSite","@id":"https:\/\/startvita.pt\/site\/#website","url":"https:\/\/startvita.pt\/site\/","name":"Startvita Portas Blindadas","description":"Portas Blindadas","publisher":{"@id":"https:\/\/startvita.pt\/site\/#organization"},"alternateName":"Startvita","potentialAction":[{"@type":"SearchAction","target":{"@type":"EntryPoint","urlTemplate":"https:\/\/startvita.pt\/site\/?s={search_term_string}"},"query-input":{"@type":"PropertyValueSpecification","valueRequired":true,"valueName":"search_term_string"}}],"inLanguage":"pt-PT"},{"@type":"Organization","@id":"https:\/\/startvita.pt\/site\/#organization","name":"Startvita Portas Blindadas","alternateName":"Startvita, Lda.","url":"https:\/\/startvita.pt\/site\/","logo":{"@type":"ImageObject","inLanguage":"pt-PT","@id":"https:\/\/startvita.pt\/site\/#\/schema\/logo\/image\/","url":"https:\/\/startvita.pt\/site\/wp-content\/uploads\/2014\/08\/Logo_seo.png","contentUrl":"https:\/\/startvita.pt\/site\/wp-content\/uploads\/2014\/08\/Logo_seo.png","width":691,"height":691,"caption":"Startvita Portas Blindadas"},"image":{"@id":"https:\/\/startvita.pt\/site\/#\/schema\/logo\/image\/"},"sameAs":["https:\/\/www.facebook.com\/Startvita.Lda","https:\/\/www.instagram.com\/startvita_portas\/"],"description":"Com\u00e9rcio e montagem de Portas Blindadas, Port\u00f5es Seccion\u00e1veis e Automatismos, Serralharia Port\u00f5es e Gradeamentos. Temos tamb\u00e9m Portas Corta-Fogo, Portas Multiuso, Portas de Interior, entre outros.","email":"geral@startvita.pt","telephone":"212216028","legalName":"Startvita - Portas e Automatismos Unipessoal, Lda.","foundingDate":"2006-02-07","vatID":"507634322","numberOfEmployees":{"@type":"QuantitativeValue","minValue":"1","maxValue":"10"},"publishingPrinciples":"https:\/\/startvita.pt\/site\/produtos-seguranca-startvita\/"}]}},"_links":{"self":[{"href":"https:\/\/startvita.pt\/site\/wp-json\/wp\/v2\/pages\/4209","targetHints":{"allow":["GET"]}}],"collection":[{"href":"https:\/\/startvita.pt\/site\/wp-json\/wp\/v2\/pages"}],"about":[{"href":"https:\/\/startvita.pt\/site\/wp-json\/wp\/v2\/types\/page"}],"author":[{"embeddable":true,"href":"https:\/\/startvita.pt\/site\/wp-json\/wp\/v2\/users\/1"}],"replies":[{"embeddable":true,"href":"https:\/\/startvita.pt\/site\/wp-json\/wp\/v2\/comments?post=4209"}],"version-history":[{"count":2,"href":"https:\/\/startvita.pt\/site\/wp-json\/wp\/v2\/pages\/4209\/revisions"}],"predecessor-version":[{"id":4215,"href":"https:\/\/startvita.pt\/site\/wp-json\/wp\/v2\/pages\/4209\/revisions\/4215"}],"wp:attachment":[{"href":"https:\/\/startvita.pt\/site\/wp-json\/wp\/v2\/media?parent=4209"}],"curies":[{"name":"wp","href":"https:\/\/api.w.org\/{rel}","templated":true}]}}