{"id":4149,"date":"2021-10-29T10:50:50","date_gmt":"2021-10-29T10:50:50","guid":{"rendered":"https:\/\/startvita.pt\/site\/?page_id=4149"},"modified":"2021-10-29T10:50:50","modified_gmt":"2021-10-29T10:50:50","slug":"portas-blindadas-hibry","status":"publish","type":"page","link":"https:\/\/startvita.pt\/site\/portas-blindadas-hibry\/","title":{"rendered":"Portas Blindadas Hibry"},"content":{"rendered":"<p>[vc_row][vc_column]\r\n\r\r\n\r\r\n<div class=\"doors_empty_space\" data-heightmobile=\"10px\" data-heighttablet=\"80px\" data-heightdesktop=\"130px\">\r\r\n\r\r\n<\/div>\r\r\n      \r\r\n\r\r\n\r\r\n\r\r\n        \r\r\n      \r\r\n    \r\n\r\r\n\r\r\n<div class=\"doors_empty_space\" data-heightmobile=\"10px\" data-heighttablet=\"80px\" data-heightdesktop=\"130px\">\r\r\n\r\r\n<\/div>\r\r\n      \r\r\n\r\r\n\r\r\n\r\r\n        \r\r\n      \r\r\n    \t\t<div class=\"wd-heading  s-behind-t behind-about text-center\" >\r\n\t\t\t\r\n      \r\n      <h2 style=\"margin:0;\" >\r\n\t\t\t\t\tHibry\t\t\t\t<\/h2>\r\n\r\n        <div style='margin-top: 10px;'><\/div>      \r\n              <h4 style=\"\" >\r\n\t\t\t\t\tConhe\u00e7a A Nossa Vasta Gama De Portas Blindadas\t\t\t\t<\/h4>\r\n      \r\n      \r\n    \t\t<\/div>\r\n\r\n\t\t\r\n\r\r\n\r\r\n<div class=\"doors_empty_space\" data-heightmobile=\"10px\" data-heighttablet=\"80px\" data-heightdesktop=\"130px\">\r\r\n\r\r\n<\/div>\r\r\n      \r\r\n\r\r\n\r\r\n\r\r\n        \r\r\n      \r\r\n    [\/vc_column][\/vc_row][vc_row][vc_column width=&#8221;1\/2&#8243;][vc_single_image image=&#8221;4150&#8243; img_size=&#8221;full&#8221; alignment=&#8221;center&#8221; onclick=&#8221;zoom&#8221;][\/vc_column][vc_column width=&#8221;1\/2&#8243;][vc_column_text]<em><strong>(Porta Semiautom\u00e1tica)<\/strong><\/em><\/p>\n<p><strong>Estrutura:<\/strong>\u00a0Folha da porta em a\u00e7o zincado, composta por duas chapas por inteiro e barras em Omega verticais no interior. Toda a estrutura interna \u00e9 preenchida com pain\u00e9is isolantes de alta densidade com um elevado teor de isolamento t\u00e9rmico e ac\u00fastico. \u00c9 refor\u00e7ada com terceira chapa anti perfura\u00e7\u00e3o, na zona da fechadura e da central. O perfil perim\u00e9trico \u00e9 rematado com guarni\u00e7\u00e3o em a\u00e7o plastificado (carenatura), de cor castanha, que tamb\u00e9m serve de fixa\u00e7\u00e3o do revestimento no exterior. \u00c9 revestida no lado exterior e interior com pain\u00e9is de modelos variados.\u00a0\u25aa\u00a0Aro e pr\u00e9-aro em a\u00e7o zincado, com acabamento a tinta em p\u00f3 poli\u00e9ster anticorrosiva, de cor castanha.\u00a0\u25aa\u00a0Duas dobradi\u00e7as, em a\u00e7o, com acabamento id\u00eantico ao aro (ou revestidas com acabamento dos acess\u00f3rios).<\/p>\n<p><strong>Pontos de Fecho:\u00a0<\/strong>Equipada com fechadura de seguran\u00e7a ATRA, de fun\u00e7\u00e3o dupla (motorizada e mec\u00e2nica), com trinco e tr\u00eas linguetas. Mais duas trancas tipo \u201cgancho\u201d, com acionamento pela fechadura, com fecho ao alto e baixo, a trancarem lateralmente no aro.\u00a0\u25aa\u00a0No lado das dobradi\u00e7as existem seis pernos de a\u00e7o, fixos, com inser\u00e7\u00e3o no aro aquando do fecho da porta.<\/p>\n<p><strong>Funcionamento Semiautom\u00e1tico:<\/strong>\u00a0Abertura pelo exterior: abertura das trancas por meio de cart\u00e3o eletr\u00f3nico \u2013\u00a0Key\u00a0Card ou chave com microchip \u2013 Easy\u00a0Key, seguida por abertura total pelo puxador.\u00a0\u25aa\u00a0Abertura pelo interior: por meio do ecr\u00e3 \u201ctouch screen\u201d, ou mecanicamente (s\u00f3 chave).\u00a0\u25aa\u00a0Sistema de fecho autom\u00e1tico (com o fecho da porta, todas as trancas\/linguetas s\u00e3o acionadas deixando a porta trancada).<\/p>\n<p><strong>Equipamento de S\u00e9rie:<\/strong>\u00a0Espelhos com puxador e fura\u00e7\u00e3o para cilindro, no exterior e interior, com a tonalidade do bronze. No exterior o cilindro \u00e9 protegido por escudo de prote\u00e7\u00e3o.\u00a0\u25aa\u00a0Dois ecr\u00e3s: no exterior com leds indicativos de energia e fecho , no interior com fun\u00e7\u00e3o \u201ctouch screen\u201d (abertura por toque). O ecr\u00e3 interior tem outras fun\u00e7\u00f5es como por exemplo configurar um novo cart\u00e3o eletr\u00f3nico. O acabamento de s\u00e9rie \u00e9 na cor preta.\u00a0\u25aa\u00a0Dois cart\u00f5es eletr\u00f3nicos (Key Card: abertura por aproxima\u00e7\u00e3o ao ecr\u00e3) + 3 chaves de cilindro com chip que abrem\/fecham autom\u00e1tica e manualmente.\u00a0\u25aa\u00a0Central + transformador de 220 V.\u00a0\u25aa\u00a0Soleira m\u00f3vel (no interior da folha da porta).\u00a0\u25aa\u00a0Visor com \u00e2ngulo de 200\u00ba.\u00a0\u25aa\u00a0Guarni\u00e7\u00f5es no batente e no aro.<\/p>\n<p><strong>Certificado:<\/strong>\u00a0Anti-Intrus\u00e3o Classe 3 segundo Norma Europeia ENV 1627-1; Certificado de ensaio de isolamento ac\u00fastico segundo Norma Europeia UNI EN ISO 717-1 com resultado de 39 dB (adquirida na Op\u00e7\u00e3o Vers\u00e3o TOP).\u00a0\u25aa\u00a0Marca\u00e7\u00e3o CE.<\/p>\n<p>Clique aqui para\u00a0<a href=\"https:\/\/startvita.pt\/site\/portas_blindadas\/\">COMPRAR<\/a>[\/vc_column_text][\/vc_column][\/vc_row][vc_row][vc_column]\t\t<div class=\"wd-heading  s-behind-t behind-about text-left\" >\r\n\t\t\t\r\n      \r\n      <h2 style=\"margin:0;\" >\r\n\t\t\t\t\t\t\t\t\t<\/h2>\r\n\r\n        <div style='margin-top: 10px;'><\/div>      \r\n              <h4 style=\"\" >\r\n\t\t\t\t\tExtra: Vers\u00e3o WALL SECURITY (Dobradi\u00e7as Ocultas)\t\t\t\t<\/h4>\r\n      \r\n      \r\n    \t\t<\/div>\r\n\r\n\t\t[vc_single_image image=&#8221;4139&#8243; img_size=&#8221;full&#8221;][\/vc_column][\/vc_row]<\/p>\n","protected":false},"excerpt":{"rendered":"<p>[vc_row][vc_column][\/vc_column][\/vc_row][vc_row][vc_column width=&#8221;1\/2&#8243;][vc_single_image image=&#8221;4150&#8243; img_size=&#8221;full&#8221; alignment=&#8221;center&#8221; onclick=&#8221;zoom&#8221;][\/vc_column][vc_column width=&#8221;1\/2&#8243;][vc_column_text](Porta Semiautom\u00e1tica) Estrutura:\u00a0Folha da porta em a\u00e7o zincado, composta por duas chapas por inteiro e barras em Omega verticais no interior. Toda a estrutura interna \u00e9 preenchida com pain\u00e9is isolantes de alta densidade com um elevado teor de isolamento t\u00e9rmico e ac\u00fastico. \u00c9 refor\u00e7ada com terceira chapa anti perfura\u00e7\u00e3o, [&hellip;]<\/p>\n","protected":false},"author":1,"featured_media":0,"parent":0,"menu_order":0,"comment_status":"closed","ping_status":"closed","template":"","meta":{"footnotes":""},"class_list":["post-4149","page","type-page","status-publish","hentry"],"yoast_head":"<!-- This site is optimized with the Yoast SEO Premium plugin v24.1 (Yoast SEO v27.4) - https:\/\/yoast.com\/product\/yoast-seo-premium-wordpress\/ -->\n<title>Portas Blindadas Hibry - Startvita<\/title>\n<meta name=\"robots\" content=\"index, follow, max-snippet:-1, max-image-preview:large, max-video-preview:-1\" \/>\n<link rel=\"canonical\" href=\"https:\/\/startvita.pt\/site\/portas-blindadas-hibry\/\" \/>\n<meta property=\"og:locale\" content=\"pt_PT\" \/>\n<meta property=\"og:type\" content=\"article\" \/>\n<meta property=\"og:title\" content=\"Portas Blindadas Hibry\" \/>\n<meta property=\"og:description\" content=\"[vc_row][vc_column][\/vc_column][\/vc_row][vc_row][vc_column width=&#8221;1\/2&#8243;][vc_single_image image=&#8221;4150&#8243; img_size=&#8221;full&#8221; alignment=&#8221;center&#8221; onclick=&#8221;zoom&#8221;][\/vc_column][vc_column width=&#8221;1\/2&#8243;][vc_column_text](Porta Semiautom\u00e1tica) Estrutura:\u00a0Folha da porta em a\u00e7o zincado, composta por duas chapas por inteiro e barras em Omega verticais no interior. Toda a estrutura interna \u00e9 preenchida com pain\u00e9is isolantes de alta densidade com um elevado teor de isolamento t\u00e9rmico e ac\u00fastico. \u00c9 refor\u00e7ada com terceira chapa anti perfura\u00e7\u00e3o, [&hellip;]\" \/>\n<meta property=\"og:url\" content=\"https:\/\/startvita.pt\/site\/portas-blindadas-hibry\/\" \/>\n<meta property=\"og:site_name\" content=\"Startvita\" \/>\n<meta property=\"article:publisher\" content=\"https:\/\/www.facebook.com\/Startvita.Lda\" \/>\n<meta property=\"og:image\" content=\"https:\/\/startvita.pt\/site\/wp-content\/uploads\/2023\/02\/Logotipo_1-1.png?v=1675254647\" \/>\n\t<meta property=\"og:image:width\" content=\"3565\" \/>\n\t<meta property=\"og:image:height\" content=\"1639\" \/>\n\t<meta property=\"og:image:type\" content=\"image\/png\" \/>\n<meta name=\"twitter:card\" content=\"summary_large_image\" \/>\n<meta name=\"twitter:label1\" content=\"Tempo estimado de leitura\" \/>\n\t<meta name=\"twitter:data1\" content=\"3 minutos\" \/>\n<script type=\"application\/ld+json\" class=\"yoast-schema-graph\">{\"@context\":\"https:\\\/\\\/schema.org\",\"@graph\":[{\"@type\":\"WebPage\",\"@id\":\"https:\\\/\\\/startvita.pt\\\/site\\\/portas-blindadas-hibry\\\/\",\"url\":\"https:\\\/\\\/startvita.pt\\\/site\\\/portas-blindadas-hibry\\\/\",\"name\":\"Portas Blindadas Hibry - Startvita\",\"isPartOf\":{\"@id\":\"https:\\\/\\\/startvita.pt\\\/site\\\/#website\"},\"datePublished\":\"2021-10-29T10:50:50+00:00\",\"breadcrumb\":{\"@id\":\"https:\\\/\\\/startvita.pt\\\/site\\\/portas-blindadas-hibry\\\/#breadcrumb\"},\"inLanguage\":\"pt-PT\",\"potentialAction\":[{\"@type\":\"ReadAction\",\"target\":[\"https:\\\/\\\/startvita.pt\\\/site\\\/portas-blindadas-hibry\\\/\"]}]},{\"@type\":\"BreadcrumbList\",\"@id\":\"https:\\\/\\\/startvita.pt\\\/site\\\/portas-blindadas-hibry\\\/#breadcrumb\",\"itemListElement\":[{\"@type\":\"ListItem\",\"position\":1,\"name\":\"In\u00edcio\",\"item\":\"https:\\\/\\\/startvita.pt\\\/site\\\/\"},{\"@type\":\"ListItem\",\"position\":2,\"name\":\"Portas Blindadas Hibry\"}]},{\"@type\":\"WebSite\",\"@id\":\"https:\\\/\\\/startvita.pt\\\/site\\\/#website\",\"url\":\"https:\\\/\\\/startvita.pt\\\/site\\\/\",\"name\":\"Startvita Portas Blindadas\",\"description\":\"Portas Blindadas\",\"publisher\":{\"@id\":\"https:\\\/\\\/startvita.pt\\\/site\\\/#organization\"},\"alternateName\":\"Startvita\",\"potentialAction\":[{\"@type\":\"SearchAction\",\"target\":{\"@type\":\"EntryPoint\",\"urlTemplate\":\"https:\\\/\\\/startvita.pt\\\/site\\\/?s={search_term_string}\"},\"query-input\":{\"@type\":\"PropertyValueSpecification\",\"valueRequired\":true,\"valueName\":\"search_term_string\"}}],\"inLanguage\":\"pt-PT\"},{\"@type\":\"Organization\",\"@id\":\"https:\\\/\\\/startvita.pt\\\/site\\\/#organization\",\"name\":\"Startvita Portas Blindadas\",\"alternateName\":\"Startvita, Lda.\",\"url\":\"https:\\\/\\\/startvita.pt\\\/site\\\/\",\"logo\":{\"@type\":\"ImageObject\",\"inLanguage\":\"pt-PT\",\"@id\":\"https:\\\/\\\/startvita.pt\\\/site\\\/#\\\/schema\\\/logo\\\/image\\\/\",\"url\":\"https:\\\/\\\/startvita.pt\\\/site\\\/wp-content\\\/uploads\\\/2014\\\/08\\\/Logo_seo.png\",\"contentUrl\":\"https:\\\/\\\/startvita.pt\\\/site\\\/wp-content\\\/uploads\\\/2014\\\/08\\\/Logo_seo.png\",\"width\":691,\"height\":691,\"caption\":\"Startvita Portas Blindadas\"},\"image\":{\"@id\":\"https:\\\/\\\/startvita.pt\\\/site\\\/#\\\/schema\\\/logo\\\/image\\\/\"},\"sameAs\":[\"https:\\\/\\\/www.facebook.com\\\/Startvita.Lda\",\"https:\\\/\\\/www.instagram.com\\\/startvita_portas\\\/\"],\"description\":\"Com\u00e9rcio e montagem de Portas Blindadas, Port\u00f5es Seccion\u00e1veis e Automatismos, Serralharia Port\u00f5es e Gradeamentos. Temos tamb\u00e9m Portas Corta-Fogo, Portas Multiuso, Portas de Interior, entre outros.\",\"email\":\"geral@startvita.pt\",\"telephone\":\"212216028\",\"legalName\":\"Startvita - Portas e Automatismos Unipessoal, Lda.\",\"foundingDate\":\"2006-02-07\",\"vatID\":\"507634322\",\"numberOfEmployees\":{\"@type\":\"QuantitativeValue\",\"minValue\":\"1\",\"maxValue\":\"10\"},\"publishingPrinciples\":\"https:\\\/\\\/startvita.pt\\\/site\\\/produtos-seguranca-startvita\\\/\"}]}<\/script>\n<!-- \/ Yoast SEO Premium plugin. -->","yoast_head_json":{"title":"Portas Blindadas Hibry - Startvita","robots":{"index":"index","follow":"follow","max-snippet":"max-snippet:-1","max-image-preview":"max-image-preview:large","max-video-preview":"max-video-preview:-1"},"canonical":"https:\/\/startvita.pt\/site\/portas-blindadas-hibry\/","og_locale":"pt_PT","og_type":"article","og_title":"Portas Blindadas Hibry","og_description":"[vc_row][vc_column][\/vc_column][\/vc_row][vc_row][vc_column width=&#8221;1\/2&#8243;][vc_single_image image=&#8221;4150&#8243; img_size=&#8221;full&#8221; alignment=&#8221;center&#8221; onclick=&#8221;zoom&#8221;][\/vc_column][vc_column width=&#8221;1\/2&#8243;][vc_column_text](Porta Semiautom\u00e1tica) Estrutura:\u00a0Folha da porta em a\u00e7o zincado, composta por duas chapas por inteiro e barras em Omega verticais no interior. Toda a estrutura interna \u00e9 preenchida com pain\u00e9is isolantes de alta densidade com um elevado teor de isolamento t\u00e9rmico e ac\u00fastico. \u00c9 refor\u00e7ada com terceira chapa anti perfura\u00e7\u00e3o, [&hellip;]","og_url":"https:\/\/startvita.pt\/site\/portas-blindadas-hibry\/","og_site_name":"Startvita","article_publisher":"https:\/\/www.facebook.com\/Startvita.Lda","og_image":[{"width":3565,"height":1639,"url":"https:\/\/startvita.pt\/site\/wp-content\/uploads\/2023\/02\/Logotipo_1-1.png?v=1675254647","type":"image\/png"}],"twitter_card":"summary_large_image","twitter_misc":{"Tempo estimado de leitura":"3 minutos"},"schema":{"@context":"https:\/\/schema.org","@graph":[{"@type":"WebPage","@id":"https:\/\/startvita.pt\/site\/portas-blindadas-hibry\/","url":"https:\/\/startvita.pt\/site\/portas-blindadas-hibry\/","name":"Portas Blindadas Hibry - Startvita","isPartOf":{"@id":"https:\/\/startvita.pt\/site\/#website"},"datePublished":"2021-10-29T10:50:50+00:00","breadcrumb":{"@id":"https:\/\/startvita.pt\/site\/portas-blindadas-hibry\/#breadcrumb"},"inLanguage":"pt-PT","potentialAction":[{"@type":"ReadAction","target":["https:\/\/startvita.pt\/site\/portas-blindadas-hibry\/"]}]},{"@type":"BreadcrumbList","@id":"https:\/\/startvita.pt\/site\/portas-blindadas-hibry\/#breadcrumb","itemListElement":[{"@type":"ListItem","position":1,"name":"In\u00edcio","item":"https:\/\/startvita.pt\/site\/"},{"@type":"ListItem","position":2,"name":"Portas Blindadas Hibry"}]},{"@type":"WebSite","@id":"https:\/\/startvita.pt\/site\/#website","url":"https:\/\/startvita.pt\/site\/","name":"Startvita Portas Blindadas","description":"Portas Blindadas","publisher":{"@id":"https:\/\/startvita.pt\/site\/#organization"},"alternateName":"Startvita","potentialAction":[{"@type":"SearchAction","target":{"@type":"EntryPoint","urlTemplate":"https:\/\/startvita.pt\/site\/?s={search_term_string}"},"query-input":{"@type":"PropertyValueSpecification","valueRequired":true,"valueName":"search_term_string"}}],"inLanguage":"pt-PT"},{"@type":"Organization","@id":"https:\/\/startvita.pt\/site\/#organization","name":"Startvita Portas Blindadas","alternateName":"Startvita, Lda.","url":"https:\/\/startvita.pt\/site\/","logo":{"@type":"ImageObject","inLanguage":"pt-PT","@id":"https:\/\/startvita.pt\/site\/#\/schema\/logo\/image\/","url":"https:\/\/startvita.pt\/site\/wp-content\/uploads\/2014\/08\/Logo_seo.png","contentUrl":"https:\/\/startvita.pt\/site\/wp-content\/uploads\/2014\/08\/Logo_seo.png","width":691,"height":691,"caption":"Startvita Portas Blindadas"},"image":{"@id":"https:\/\/startvita.pt\/site\/#\/schema\/logo\/image\/"},"sameAs":["https:\/\/www.facebook.com\/Startvita.Lda","https:\/\/www.instagram.com\/startvita_portas\/"],"description":"Com\u00e9rcio e montagem de Portas Blindadas, Port\u00f5es Seccion\u00e1veis e Automatismos, Serralharia Port\u00f5es e Gradeamentos. Temos tamb\u00e9m Portas Corta-Fogo, Portas Multiuso, Portas de Interior, entre outros.","email":"geral@startvita.pt","telephone":"212216028","legalName":"Startvita - Portas e Automatismos Unipessoal, Lda.","foundingDate":"2006-02-07","vatID":"507634322","numberOfEmployees":{"@type":"QuantitativeValue","minValue":"1","maxValue":"10"},"publishingPrinciples":"https:\/\/startvita.pt\/site\/produtos-seguranca-startvita\/"}]}},"_links":{"self":[{"href":"https:\/\/startvita.pt\/site\/wp-json\/wp\/v2\/pages\/4149","targetHints":{"allow":["GET"]}}],"collection":[{"href":"https:\/\/startvita.pt\/site\/wp-json\/wp\/v2\/pages"}],"about":[{"href":"https:\/\/startvita.pt\/site\/wp-json\/wp\/v2\/types\/page"}],"author":[{"embeddable":true,"href":"https:\/\/startvita.pt\/site\/wp-json\/wp\/v2\/users\/1"}],"replies":[{"embeddable":true,"href":"https:\/\/startvita.pt\/site\/wp-json\/wp\/v2\/comments?post=4149"}],"version-history":[{"count":1,"href":"https:\/\/startvita.pt\/site\/wp-json\/wp\/v2\/pages\/4149\/revisions"}],"predecessor-version":[{"id":4151,"href":"https:\/\/startvita.pt\/site\/wp-json\/wp\/v2\/pages\/4149\/revisions\/4151"}],"wp:attachment":[{"href":"https:\/\/startvita.pt\/site\/wp-json\/wp\/v2\/media?parent=4149"}],"curies":[{"name":"wp","href":"https:\/\/api.w.org\/{rel}","templated":true}]}}