{"id":4124,"date":"2021-10-28T16:16:52","date_gmt":"2021-10-28T16:16:52","guid":{"rendered":"https:\/\/startvita.pt\/site\/?page_id=4124"},"modified":"2021-10-28T16:24:53","modified_gmt":"2021-10-28T16:24:53","slug":"portas-blindadas-security-two","status":"publish","type":"page","link":"https:\/\/startvita.pt\/site\/portas-blindadas-security-two\/","title":{"rendered":"Portas Blindadas Security two"},"content":{"rendered":"<p>[vc_row][vc_column]\r\n\r\r\n\r\r\n<div class=\"doors_empty_space\" data-heightmobile=\"10px\" data-heighttablet=\"80px\" data-heightdesktop=\"130px\">\r\r\n\r\r\n<\/div>\r\r\n      \r\r\n\r\r\n\r\r\n\r\r\n        \r\r\n      \r\r\n    \r\n\r\r\n\r\r\n<div class=\"doors_empty_space\" data-heightmobile=\"10px\" data-heighttablet=\"80px\" data-heightdesktop=\"130px\">\r\r\n\r\r\n<\/div>\r\r\n      \r\r\n\r\r\n\r\r\n\r\r\n        \r\r\n      \r\r\n    \t\t<div class=\"wd-heading  s-behind-t behind-about text-center\" >\r\n\t\t\t\r\n      \r\n      <h2 style=\"margin:0;\" >\r\n\t\t\t\t\tPortas Blindadas Security two\t\t\t\t<\/h2>\r\n\r\n        <div style='margin-top: 10px;'><\/div>      \r\n              <h4 style=\"\" >\r\n\t\t\t\t\tConhe\u00e7a A Nossa Vasta Gama De Portas Blindadas\t\t\t\t<\/h4>\r\n      \r\n      \r\n    \t\t<\/div>\r\n\r\n\t\t\r\n\r\r\n\r\r\n<div class=\"doors_empty_space\" data-heightmobile=\"10px\" data-heighttablet=\"80px\" data-heightdesktop=\"130px\">\r\r\n\r\r\n<\/div>\r\r\n      \r\r\n\r\r\n\r\r\n\r\r\n        \r\r\n      \r\r\n    [\/vc_column][\/vc_row][vc_row][vc_column width=&#8221;1\/2&#8243;][vc_single_image image=&#8221;4127&#8243; img_size=&#8221;full&#8221; alignment=&#8221;center&#8221;][\/vc_column][vc_column width=&#8221;1\/2&#8243;][vc_column_text]<strong>Estrutura:<\/strong>\u00a0Folha da porta em a\u00e7o electro zincado, composta por uma chapa por inteiro no exterior e barras verticais no interior. \u00c9 refor\u00e7ada com segunda chapa anti perfura\u00e7\u00e3o, na zona da fechadura. O perfil perim\u00e9trico \u00e9 rematado com guarni\u00e7\u00e3o em a\u00e7o plastificado (carenatura), de cor castanha, que tamb\u00e9m serve de fixa\u00e7\u00e3o do revestimento em ambos os lados da porta. \u00c9 revestida no lado exterior e interior com pain\u00e9is de modelos variados. Aro e pr\u00e9-aro em a\u00e7o electro zincado. Aro com acabamento a tinta em p\u00f3 ep\u00f3xi anticorrosiva. Aro e folha ligados por interm\u00e9dio de duas dobradi\u00e7as, em a\u00e7o, com acabamento id\u00eantico ao aro. Pr\u00e9-aro em a\u00e7o electro zincado, de cor castanha.<\/p>\n<p><strong>Pontos de Fecho:\u00a0<\/strong>Equipada com fechadura dupla de seguran\u00e7a ATRA, predisposta para 2 cilindros independentes (v\u00e1rias op\u00e7\u00f5es de cilindros: debitado \u00e0 parte); com trinco e quatro+duas linguetas. Mais duas trancas com acionamento pela fechadura, com fecho ao alto e baixo lateral, a inserirem no aro. No lado das dobradi\u00e7as existem quatro pernos de a\u00e7o, fixos, com inser\u00e7\u00e3o no aro aquando do fecho da porta.<\/p>\n<p><strong>Equipamento de S\u00e9rie:<\/strong>\u00a0Limitador de abertura (inibi\u00e7\u00e3o da abertura total da folha); Soleira m\u00f3vel (no interior da folha da porta); Visor com \u00e2ngulo de 160\u00ba; Sistema de prote\u00e7\u00e3o do trinco da fechadura (anti cart\u00e3o), regul\u00e1vel; Guarni\u00e7\u00e3o nos 3 lados do per\u00edmetro do batente, de cor preta; Escudo prote\u00e7\u00e3o do cilindro no lado exterior; Kit de puxadores NEW CRETA de cor bronze (punho fixo no exterior + puxador de muleta no interior)<\/p>\n<p><strong>Certificado:<\/strong>\u00a0Anti-Intrus\u00e3o Classe 3 segundo Normativas ENV 1627-1 (ASSO8).\u00a0\u25aa\u00a0Marca\u00e7\u00e3o CE.<\/p>\n<p>Clique aqui para\u00a0<a href=\"https:\/\/startvita.pt\/site\/portas_blindadas\">COMPRAR<\/a>[\/vc_column_text][\/vc_column][\/vc_row]<\/p>\n","protected":false},"excerpt":{"rendered":"<p>[vc_row][vc_column][\/vc_column][\/vc_row][vc_row][vc_column width=&#8221;1\/2&#8243;][vc_single_image image=&#8221;4127&#8243; img_size=&#8221;full&#8221; alignment=&#8221;center&#8221;][\/vc_column][vc_column width=&#8221;1\/2&#8243;][vc_column_text]Estrutura:\u00a0Folha da porta em a\u00e7o electro zincado, composta por uma chapa por inteiro no exterior e barras verticais no interior. \u00c9 refor\u00e7ada com segunda chapa anti perfura\u00e7\u00e3o, na zona da fechadura. O perfil perim\u00e9trico \u00e9 rematado com guarni\u00e7\u00e3o em a\u00e7o plastificado (carenatura), de cor castanha, que tamb\u00e9m serve de fixa\u00e7\u00e3o [&hellip;]<\/p>\n","protected":false},"author":1,"featured_media":0,"parent":0,"menu_order":0,"comment_status":"closed","ping_status":"closed","template":"","meta":{"footnotes":""},"class_list":["post-4124","page","type-page","status-publish","hentry"],"yoast_head":"<!-- This site is optimized with the Yoast SEO Premium plugin v24.1 (Yoast SEO v27.4) - https:\/\/yoast.com\/product\/yoast-seo-premium-wordpress\/ -->\n<title>Portas Blindadas Security two - Startvita<\/title>\n<meta name=\"robots\" content=\"index, follow, max-snippet:-1, max-image-preview:large, max-video-preview:-1\" \/>\n<link rel=\"canonical\" href=\"https:\/\/startvita.pt\/site\/portas-blindadas-security-two\/\" \/>\n<meta property=\"og:locale\" content=\"pt_PT\" \/>\n<meta property=\"og:type\" content=\"article\" \/>\n<meta property=\"og:title\" content=\"Portas Blindadas Security two\" \/>\n<meta property=\"og:description\" content=\"[vc_row][vc_column][\/vc_column][\/vc_row][vc_row][vc_column width=&#8221;1\/2&#8243;][vc_single_image image=&#8221;4127&#8243; img_size=&#8221;full&#8221; alignment=&#8221;center&#8221;][\/vc_column][vc_column width=&#8221;1\/2&#8243;][vc_column_text]Estrutura:\u00a0Folha da porta em a\u00e7o electro zincado, composta por uma chapa por inteiro no exterior e barras verticais no interior. \u00c9 refor\u00e7ada com segunda chapa anti perfura\u00e7\u00e3o, na zona da fechadura. O perfil perim\u00e9trico \u00e9 rematado com guarni\u00e7\u00e3o em a\u00e7o plastificado (carenatura), de cor castanha, que tamb\u00e9m serve de fixa\u00e7\u00e3o [&hellip;]\" \/>\n<meta property=\"og:url\" content=\"https:\/\/startvita.pt\/site\/portas-blindadas-security-two\/\" \/>\n<meta property=\"og:site_name\" content=\"Startvita\" \/>\n<meta property=\"article:publisher\" content=\"https:\/\/www.facebook.com\/Startvita.Lda\" \/>\n<meta property=\"article:modified_time\" content=\"2021-10-28T16:24:53+00:00\" \/>\n<meta property=\"og:image\" content=\"https:\/\/startvita.pt\/site\/wp-content\/uploads\/2023\/02\/Logotipo_1-1.png?v=1675254647\" \/>\n\t<meta property=\"og:image:width\" content=\"3565\" \/>\n\t<meta property=\"og:image:height\" content=\"1639\" \/>\n\t<meta property=\"og:image:type\" content=\"image\/png\" \/>\n<meta name=\"twitter:card\" content=\"summary_large_image\" \/>\n<meta name=\"twitter:label1\" content=\"Tempo estimado de leitura\" \/>\n\t<meta name=\"twitter:data1\" content=\"2 minutos\" \/>\n<script type=\"application\/ld+json\" class=\"yoast-schema-graph\">{\"@context\":\"https:\\\/\\\/schema.org\",\"@graph\":[{\"@type\":\"WebPage\",\"@id\":\"https:\\\/\\\/startvita.pt\\\/site\\\/portas-blindadas-security-two\\\/\",\"url\":\"https:\\\/\\\/startvita.pt\\\/site\\\/portas-blindadas-security-two\\\/\",\"name\":\"Portas Blindadas Security two - Startvita\",\"isPartOf\":{\"@id\":\"https:\\\/\\\/startvita.pt\\\/site\\\/#website\"},\"datePublished\":\"2021-10-28T16:16:52+00:00\",\"dateModified\":\"2021-10-28T16:24:53+00:00\",\"breadcrumb\":{\"@id\":\"https:\\\/\\\/startvita.pt\\\/site\\\/portas-blindadas-security-two\\\/#breadcrumb\"},\"inLanguage\":\"pt-PT\",\"potentialAction\":[{\"@type\":\"ReadAction\",\"target\":[\"https:\\\/\\\/startvita.pt\\\/site\\\/portas-blindadas-security-two\\\/\"]}]},{\"@type\":\"BreadcrumbList\",\"@id\":\"https:\\\/\\\/startvita.pt\\\/site\\\/portas-blindadas-security-two\\\/#breadcrumb\",\"itemListElement\":[{\"@type\":\"ListItem\",\"position\":1,\"name\":\"In\u00edcio\",\"item\":\"https:\\\/\\\/startvita.pt\\\/site\\\/\"},{\"@type\":\"ListItem\",\"position\":2,\"name\":\"Portas Blindadas Security two\"}]},{\"@type\":\"WebSite\",\"@id\":\"https:\\\/\\\/startvita.pt\\\/site\\\/#website\",\"url\":\"https:\\\/\\\/startvita.pt\\\/site\\\/\",\"name\":\"Startvita Portas Blindadas\",\"description\":\"Portas Blindadas\",\"publisher\":{\"@id\":\"https:\\\/\\\/startvita.pt\\\/site\\\/#organization\"},\"alternateName\":\"Startvita\",\"potentialAction\":[{\"@type\":\"SearchAction\",\"target\":{\"@type\":\"EntryPoint\",\"urlTemplate\":\"https:\\\/\\\/startvita.pt\\\/site\\\/?s={search_term_string}\"},\"query-input\":{\"@type\":\"PropertyValueSpecification\",\"valueRequired\":true,\"valueName\":\"search_term_string\"}}],\"inLanguage\":\"pt-PT\"},{\"@type\":\"Organization\",\"@id\":\"https:\\\/\\\/startvita.pt\\\/site\\\/#organization\",\"name\":\"Startvita Portas Blindadas\",\"alternateName\":\"Startvita, Lda.\",\"url\":\"https:\\\/\\\/startvita.pt\\\/site\\\/\",\"logo\":{\"@type\":\"ImageObject\",\"inLanguage\":\"pt-PT\",\"@id\":\"https:\\\/\\\/startvita.pt\\\/site\\\/#\\\/schema\\\/logo\\\/image\\\/\",\"url\":\"https:\\\/\\\/startvita.pt\\\/site\\\/wp-content\\\/uploads\\\/2014\\\/08\\\/Logo_seo.png\",\"contentUrl\":\"https:\\\/\\\/startvita.pt\\\/site\\\/wp-content\\\/uploads\\\/2014\\\/08\\\/Logo_seo.png\",\"width\":691,\"height\":691,\"caption\":\"Startvita Portas Blindadas\"},\"image\":{\"@id\":\"https:\\\/\\\/startvita.pt\\\/site\\\/#\\\/schema\\\/logo\\\/image\\\/\"},\"sameAs\":[\"https:\\\/\\\/www.facebook.com\\\/Startvita.Lda\",\"https:\\\/\\\/www.instagram.com\\\/startvita_portas\\\/\"],\"description\":\"Com\u00e9rcio e montagem de Portas Blindadas, Port\u00f5es Seccion\u00e1veis e Automatismos, Serralharia Port\u00f5es e Gradeamentos. Temos tamb\u00e9m Portas Corta-Fogo, Portas Multiuso, Portas de Interior, entre outros.\",\"email\":\"geral@startvita.pt\",\"telephone\":\"212216028\",\"legalName\":\"Startvita - Portas e Automatismos Unipessoal, Lda.\",\"foundingDate\":\"2006-02-07\",\"vatID\":\"507634322\",\"numberOfEmployees\":{\"@type\":\"QuantitativeValue\",\"minValue\":\"1\",\"maxValue\":\"10\"},\"publishingPrinciples\":\"https:\\\/\\\/startvita.pt\\\/site\\\/produtos-seguranca-startvita\\\/\"}]}<\/script>\n<!-- \/ Yoast SEO Premium plugin. -->","yoast_head_json":{"title":"Portas Blindadas Security two - Startvita","robots":{"index":"index","follow":"follow","max-snippet":"max-snippet:-1","max-image-preview":"max-image-preview:large","max-video-preview":"max-video-preview:-1"},"canonical":"https:\/\/startvita.pt\/site\/portas-blindadas-security-two\/","og_locale":"pt_PT","og_type":"article","og_title":"Portas Blindadas Security two","og_description":"[vc_row][vc_column][\/vc_column][\/vc_row][vc_row][vc_column width=&#8221;1\/2&#8243;][vc_single_image image=&#8221;4127&#8243; img_size=&#8221;full&#8221; alignment=&#8221;center&#8221;][\/vc_column][vc_column width=&#8221;1\/2&#8243;][vc_column_text]Estrutura:\u00a0Folha da porta em a\u00e7o electro zincado, composta por uma chapa por inteiro no exterior e barras verticais no interior. \u00c9 refor\u00e7ada com segunda chapa anti perfura\u00e7\u00e3o, na zona da fechadura. O perfil perim\u00e9trico \u00e9 rematado com guarni\u00e7\u00e3o em a\u00e7o plastificado (carenatura), de cor castanha, que tamb\u00e9m serve de fixa\u00e7\u00e3o [&hellip;]","og_url":"https:\/\/startvita.pt\/site\/portas-blindadas-security-two\/","og_site_name":"Startvita","article_publisher":"https:\/\/www.facebook.com\/Startvita.Lda","article_modified_time":"2021-10-28T16:24:53+00:00","og_image":[{"width":3565,"height":1639,"url":"https:\/\/startvita.pt\/site\/wp-content\/uploads\/2023\/02\/Logotipo_1-1.png?v=1675254647","type":"image\/png"}],"twitter_card":"summary_large_image","twitter_misc":{"Tempo estimado de leitura":"2 minutos"},"schema":{"@context":"https:\/\/schema.org","@graph":[{"@type":"WebPage","@id":"https:\/\/startvita.pt\/site\/portas-blindadas-security-two\/","url":"https:\/\/startvita.pt\/site\/portas-blindadas-security-two\/","name":"Portas Blindadas Security two - Startvita","isPartOf":{"@id":"https:\/\/startvita.pt\/site\/#website"},"datePublished":"2021-10-28T16:16:52+00:00","dateModified":"2021-10-28T16:24:53+00:00","breadcrumb":{"@id":"https:\/\/startvita.pt\/site\/portas-blindadas-security-two\/#breadcrumb"},"inLanguage":"pt-PT","potentialAction":[{"@type":"ReadAction","target":["https:\/\/startvita.pt\/site\/portas-blindadas-security-two\/"]}]},{"@type":"BreadcrumbList","@id":"https:\/\/startvita.pt\/site\/portas-blindadas-security-two\/#breadcrumb","itemListElement":[{"@type":"ListItem","position":1,"name":"In\u00edcio","item":"https:\/\/startvita.pt\/site\/"},{"@type":"ListItem","position":2,"name":"Portas Blindadas Security two"}]},{"@type":"WebSite","@id":"https:\/\/startvita.pt\/site\/#website","url":"https:\/\/startvita.pt\/site\/","name":"Startvita Portas Blindadas","description":"Portas Blindadas","publisher":{"@id":"https:\/\/startvita.pt\/site\/#organization"},"alternateName":"Startvita","potentialAction":[{"@type":"SearchAction","target":{"@type":"EntryPoint","urlTemplate":"https:\/\/startvita.pt\/site\/?s={search_term_string}"},"query-input":{"@type":"PropertyValueSpecification","valueRequired":true,"valueName":"search_term_string"}}],"inLanguage":"pt-PT"},{"@type":"Organization","@id":"https:\/\/startvita.pt\/site\/#organization","name":"Startvita Portas Blindadas","alternateName":"Startvita, Lda.","url":"https:\/\/startvita.pt\/site\/","logo":{"@type":"ImageObject","inLanguage":"pt-PT","@id":"https:\/\/startvita.pt\/site\/#\/schema\/logo\/image\/","url":"https:\/\/startvita.pt\/site\/wp-content\/uploads\/2014\/08\/Logo_seo.png","contentUrl":"https:\/\/startvita.pt\/site\/wp-content\/uploads\/2014\/08\/Logo_seo.png","width":691,"height":691,"caption":"Startvita Portas Blindadas"},"image":{"@id":"https:\/\/startvita.pt\/site\/#\/schema\/logo\/image\/"},"sameAs":["https:\/\/www.facebook.com\/Startvita.Lda","https:\/\/www.instagram.com\/startvita_portas\/"],"description":"Com\u00e9rcio e montagem de Portas Blindadas, Port\u00f5es Seccion\u00e1veis e Automatismos, Serralharia Port\u00f5es e Gradeamentos. Temos tamb\u00e9m Portas Corta-Fogo, Portas Multiuso, Portas de Interior, entre outros.","email":"geral@startvita.pt","telephone":"212216028","legalName":"Startvita - Portas e Automatismos Unipessoal, Lda.","foundingDate":"2006-02-07","vatID":"507634322","numberOfEmployees":{"@type":"QuantitativeValue","minValue":"1","maxValue":"10"},"publishingPrinciples":"https:\/\/startvita.pt\/site\/produtos-seguranca-startvita\/"}]}},"_links":{"self":[{"href":"https:\/\/startvita.pt\/site\/wp-json\/wp\/v2\/pages\/4124","targetHints":{"allow":["GET"]}}],"collection":[{"href":"https:\/\/startvita.pt\/site\/wp-json\/wp\/v2\/pages"}],"about":[{"href":"https:\/\/startvita.pt\/site\/wp-json\/wp\/v2\/types\/page"}],"author":[{"embeddable":true,"href":"https:\/\/startvita.pt\/site\/wp-json\/wp\/v2\/users\/1"}],"replies":[{"embeddable":true,"href":"https:\/\/startvita.pt\/site\/wp-json\/wp\/v2\/comments?post=4124"}],"version-history":[{"count":3,"href":"https:\/\/startvita.pt\/site\/wp-json\/wp\/v2\/pages\/4124\/revisions"}],"predecessor-version":[{"id":4128,"href":"https:\/\/startvita.pt\/site\/wp-json\/wp\/v2\/pages\/4124\/revisions\/4128"}],"wp:attachment":[{"href":"https:\/\/startvita.pt\/site\/wp-json\/wp\/v2\/media?parent=4124"}],"curies":[{"name":"wp","href":"https:\/\/api.w.org\/{rel}","templated":true}]}}