{"id":4067,"date":"2021-10-28T10:22:17","date_gmt":"2021-10-28T10:22:17","guid":{"rendered":"https:\/\/startvita.pt\/site\/?page_id=4067"},"modified":"2022-01-28T11:31:45","modified_gmt":"2022-01-28T11:31:45","slug":"portas-blindadas-showcase","status":"publish","type":"page","link":"https:\/\/startvita.pt\/site\/portas-blindadas-showcase\/","title":{"rendered":"Portas Blindadas Showcase"},"content":{"rendered":"<p>[vc_row][vc_column]\r\n\r\r\n\r\r\n<div class=\"doors_empty_space\" data-heightmobile=\"10px\" data-heighttablet=\"80px\" data-heightdesktop=\"130px\">\r\r\n\r\r\n<\/div>\r\r\n      \r\r\n\r\r\n\r\r\n\r\r\n        \r\r\n      \r\r\n    \r\n\r\r\n\r\r\n<div class=\"doors_empty_space\" data-heightmobile=\"10px\" data-heighttablet=\"80px\" data-heightdesktop=\"130px\">\r\r\n\r\r\n<\/div>\r\r\n      \r\r\n\r\r\n\r\r\n\r\r\n        \r\r\n      \r\r\n    \t\t<div class=\"wd-heading  s-behind-t behind-about text-center\" >\r\n\t\t\t\r\n      \r\n      <h2 style=\"margin:0;\" >\r\n\t\t\t\t\tPortas Blindadas\t\t\t\t<\/h2>\r\n\r\n        <div style='margin-top: 10px;'><\/div>      \r\n              <h4 style=\"\" >\r\n\t\t\t\t\tConhe\u00e7a A Nossa Vasta Gama De Portas Blindadas\t\t\t\t<\/h4>\r\n      \r\n      \r\n    \t\t<\/div>\r\n\r\n\t\t[\/vc_column][\/vc_row][vc_row][vc_column width=&#8221;1\/6&#8243;]\t\t\t\t\t<section class=\"wd-image-text style-2\">\r\n\t\t\t\t<div class=\" \" >\r\n\t\t\t\t\t\t\t\t\t\t<img decoding=\"async\" src=\"https:\/\/startvita.pt\/site\/wp-content\/uploads\/2022\/01\/cover-securityone1-e1643370184781.png\" alt=\"icon\" \/>\r\n\t\t\t\t\t<a href=https:\/\/startvita.pt\/site\/portas-blindadas-security-one\/>\t\t\t\t\t<h4 class=\"wd-title-element\">Gama Security One<\/h4>\r\n\t\t\t\t\t<\/a>\t\t\t\t\t<p>\r\n\t\t\t\t\t\tSTARTVITA by Dierre\t\t\t\t\t<\/p>\r\n\t\t\t\t<\/div>\r\n\t\t\t<\/section>\r\n\t\t[\/vc_column][vc_column width=&#8221;1\/6&#8243;]\t\t\t\t\t<section class=\"wd-image-text style-2\">\r\n\t\t\t\t<div class=\" \" >\r\n\t\t\t\t\t\t\t\t\t\t<img decoding=\"async\" src=\"https:\/\/startvita.pt\/site\/wp-content\/uploads\/2021\/11\/Icone-Sec_two.png?v=1641487111\" alt=\"icon\" \/>\r\n\t\t\t\t\t<a href=https:\/\/startvita.pt\/site\/portas-blindadas-security-two>\t\t\t\t\t<h4 class=\"wd-title-element\">Gama Security Two<\/h4>\r\n\t\t\t\t\t<\/a>\t\t\t\t\t<p>\r\n\t\t\t\t\t\tSTARTVITA by Dierre\t\t\t\t\t<\/p>\r\n\t\t\t\t<\/div>\r\n\t\t\t<\/section>\r\n\t\t[\/vc_column][vc_column width=&#8221;1\/6&#8243;]\t\t\t\t\t<section class=\"wd-image-text style-2\">\r\n\t\t\t\t<div class=\" \" >\r\n\t\t\t\t\t\t\t\t\t\t<img decoding=\"async\" src=\"https:\/\/startvita.pt\/site\/wp-content\/uploads\/2022\/01\/SENTRY-capa-catalogo-e1643370210667.png\" alt=\"icon\" \/>\r\n\t\t\t\t\t<a href=https:\/\/startvita.pt\/site\/portas-blindadas-sentry_i\/>\t\t\t\t\t<h4 class=\"wd-title-element\">Gama Sentry I<\/h4>\r\n\t\t\t\t\t<\/a>\t\t\t\t\t<p>\r\n\t\t\t\t\t\tSTARTVITA by Dierre\t\t\t\t\t<\/p>\r\n\t\t\t\t<\/div>\r\n\t\t\t<\/section>\r\n\t\t[\/vc_column][vc_column width=&#8221;1\/6&#8243;]\t\t\t\t\t<section class=\"wd-image-text style-2\">\r\n\t\t\t\t<div class=\" \" >\r\n\t\t\t\t\t\t\t\t\t\t<img decoding=\"async\" src=\"https:\/\/startvita.pt\/site\/wp-content\/uploads\/2021\/11\/Icone-Sentrydouble.png?v=1641487107\" alt=\"icon\" \/>\r\n\t\t\t\t\t<a href=https:\/\/startvita.pt\/site\/portas-blindadas-sentry-double>\t\t\t\t\t<h4 class=\"wd-title-element\">Gama Sentry Double<\/h4>\r\n\t\t\t\t\t<\/a>\t\t\t\t\t<p>\r\n\t\t\t\t\t\tSTARTVITA by Dierre\t\t\t\t\t<\/p>\r\n\t\t\t\t<\/div>\r\n\t\t\t<\/section>\r\n\t\t[\/vc_column][vc_column width=&#8221;1\/6&#8243;]\t\t\t\t\t<section class=\"wd-image-text style-2\">\r\n\t\t\t\t<div class=\" \" >\r\n\t\t\t\t\t\t\t\t\t\t<img decoding=\"async\" src=\"https:\/\/startvita.pt\/site\/wp-content\/uploads\/2021\/11\/Icone-hibry.png?v=1641487106\" alt=\"icon\" \/>\r\n\t\t\t\t\t<a href=https:\/\/startvita.pt\/site\/portas-blindadas-hibry>\t\t\t\t\t<h4 class=\"wd-title-element\">Gama Hibry<\/h4>\r\n\t\t\t\t\t<\/a>\t\t\t\t\t<p>\r\n\t\t\t\t\t\tSTARTVITA by Dierre\t\t\t\t\t<\/p>\r\n\t\t\t\t<\/div>\r\n\t\t\t<\/section>\r\n\t\t[\/vc_column][\/vc_row][vc_row][vc_column]\r\n\r\r\n\r\r\n<div class=\"doors_empty_space\" data-heightmobile=\"10px\" data-heighttablet=\"80px\" data-heightdesktop=\"130px\">\r\r\n\r\r\n<\/div>\r\r\n      \r\r\n\r\r\n\r\r\n\r\r\n        \r\r\n      \r\r\n    [vc_single_image image=&#8221;4111&#8243; img_size=&#8221;full&#8221; alignment=&#8221;center&#8221;]\t\t<div class=\"wd-heading  s-behind-t behind-about text-center\" >\r\n\t\t\t\r\n      \r\n      <h2 style=\"margin:0;\" >\r\n\t\t\t\t\t\t\t\t\t<\/h2>\r\n\r\n        <div style='margin-top: 10px;'><\/div>      \r\n              <h4 style=\"\" >\r\n\t\t\t\t\tPortas de Seguran\u00e7a Certificadas\t\t\t\t<\/h4>\r\n      \r\n      \r\n    \t\t<\/div>\r\n\r\n\t\t[vc_column_text]As portas de seguran\u00e7a Security One s\u00e3o portas de alta seguran\u00e7a certificadas contra arrombamento. Todas as portas de seguran\u00e7a Dierre s\u00e3o certificadas contra intrus\u00e3o, de acordo com a norma europeia ENV1627-1. Neste contexto, as portas Dierre s\u00e3o das portas de seguran\u00e7a mais seguras que existem no mercado.<\/p>\n<p>As portas de seguran\u00e7a Security One s\u00e3o igualmente certificadas ao n\u00edvel da estanquicidade do ar (classe A) e da \u00e1gua (classe E), tendo passado com distin\u00e7\u00e3o nos mais rigorosos testes de estanquicidade de ar e \u00e1gua, realizados em laborat\u00f3rios oficiais.<\/p>\n<p>Al\u00e9m de serem das portas mais seguras do mundo, as portas de seguran\u00e7a Dierre conseguem aliar \u00e0s mais exigentes funcionalidades um design e estilo altamente sofisticados. Aliando um sistema exclusivo de tecnologias e dispositivos de seguran\u00e7a de vanguarda a um design personalizado, estas portas de seguran\u00e7a permitem dar corpo \u00e0 fronteira entre o seu mundo interior e o mundo exterior.<\/p>\n<p>A grande diferen\u00e7a das portas de seguran\u00e7a desta gama reside nos pormenores, como as dobradi\u00e7as Micron, que permitem a regula\u00e7\u00e3o do equil\u00edbrio da porta em altura, largura e espessura. E na soleira contra o frio \u2013 que vem de s\u00e9rie -, uma preciosa protec\u00e7\u00e3o contra o ar e a luz.[\/vc_column_text]\r\n\r\r\n\r\r\n<div class=\"doors_empty_space\" data-heightmobile=\"10px\" data-heighttablet=\"80px\" data-heightdesktop=\"130px\">\r\r\n\r\r\n<\/div>\r\r\n      \r\r\n\r\r\n\r\r\n\r\r\n        \r\r\n      \r\r\n    \t\t<div class=\"wd-heading  s-behind-t behind-about text-left\" >\r\n\t\t\t\r\n      \r\n      <h2 style=\"margin:0;\" >\r\n\t\t\t\t\t\t\t\t\t<\/h2>\r\n\r\n        <div style='margin-top: 10px;'><\/div>      \r\n              <h4 style=\"\" >\r\n\t\t\t\t\tCERTIFICA\u00c7\u00c3O\t\t\t\t<\/h4>\r\n      \r\n      \r\n    \t\t<\/div>\r\n\r\n\t\t[vc_row_inner][vc_column_inner width=&#8221;1\/2&#8243;][vc_column_text]Porta de Alta Seguran\u00e7a Certificada Anti Arrombamento.<\/p>\n<p>Todas as portas blindadas Dierre t\u00eam a certifica\u00e7\u00e3o anti-intrus\u00e3o de acordo com a normativa Europeia ENV1627-1.<\/p>\n<p>S\u00e3o ainda certificadas a estanquicidade do ar (classe A) e\/ou \u00e1gua (classe E). Portas que ultrapassaram determinados testes de estanquicidade de ar e\/ou \u00e1gua. Testes efetuados em laborat\u00f3rios oficiais, obtendo as relativas certifica\u00e7\u00f5es previstas pelas normas europeias UNI EN 42 (ar) e UNI EN 86 (\u00e1gua).<\/p>\n<p>PRESTA\u00c7\u00d5ES DAS PORTAS BLINDADAS<\/p>\n<p>PRESTA\u00c7\u00c3O NORMATIVAS DE REFER\u00caNCIA VALOR<br \/>\nResist\u00eancia ao arrombamento ENV 1627-28-29-30 Classe 3<br \/>\nTransmit\u00e2ncia T\u00e9rmica EN 10077-1 EN 10077-2 EN 14351-1 At\u00e9 0,9 W \/ m2 K<br \/>\nAbatimento ac\u00fastico EN 717-1 EN 140-3 De 35 dB<br \/>\nPermeabilidade ao ar EN 1026 \u2013 EN 12207 Classe 3<br \/>\nPermeabilidade \u00e0 \u00e1gua EN 1027 \u2013 EN 12208 At\u00e9 \u00e0 classe 8A<br \/>\nResist\u00eancia ao vento EN 12210 \u2013 EN 12211 C 5<br \/>\n(*) NOTAS:<\/p>\n<p>CLASSE 3 = Asso, Sentry, Elettra, Hibry e Hi-Fi[\/vc_column_text][\/vc_column_inner][vc_column_inner width=&#8221;1\/2&#8243;][vc_single_image image=&#8221;4116&#8243; img_size=&#8221;full&#8221;][\/vc_column_inner][\/vc_row_inner][\/vc_column][vc_column][\/vc_column][\/vc_row]<\/p>\n","protected":false},"excerpt":{"rendered":"<p>[vc_row][vc_column][\/vc_column][\/vc_row][vc_row][vc_column width=&#8221;1\/6&#8243;][\/vc_column][vc_column width=&#8221;1\/6&#8243;][\/vc_column][vc_column width=&#8221;1\/6&#8243;][\/vc_column][vc_column width=&#8221;1\/6&#8243;][\/vc_column][vc_column width=&#8221;1\/6&#8243;][\/vc_column][\/vc_row][vc_row][vc_column][vc_single_image image=&#8221;4111&#8243; img_size=&#8221;full&#8221; alignment=&#8221;center&#8221;][vc_column_text]As portas de seguran\u00e7a Security One s\u00e3o portas de alta seguran\u00e7a certificadas contra arrombamento. Todas as portas de seguran\u00e7a Dierre s\u00e3o certificadas contra intrus\u00e3o, de acordo com a norma europeia ENV1627-1. Neste contexto, as portas Dierre s\u00e3o das portas de seguran\u00e7a mais seguras que existem no mercado. [&hellip;]<\/p>\n","protected":false},"author":1,"featured_media":0,"parent":0,"menu_order":0,"comment_status":"closed","ping_status":"closed","template":"","meta":{"footnotes":""},"class_list":["post-4067","page","type-page","status-publish","hentry"],"yoast_head":"<!-- This site is optimized with the Yoast SEO Premium plugin v24.1 (Yoast SEO v27.4) - https:\/\/yoast.com\/product\/yoast-seo-premium-wordpress\/ -->\n<title>Portas Blindadas Showcase - Startvita<\/title>\n<meta name=\"robots\" content=\"index, follow, max-snippet:-1, max-image-preview:large, max-video-preview:-1\" \/>\n<link rel=\"canonical\" href=\"https:\/\/startvita.pt\/site\/portas-blindadas-showcase\/\" \/>\n<meta property=\"og:locale\" content=\"pt_PT\" \/>\n<meta property=\"og:type\" content=\"article\" \/>\n<meta property=\"og:title\" content=\"Portas Blindadas Showcase\" \/>\n<meta property=\"og:description\" content=\"[vc_row][vc_column][\/vc_column][\/vc_row][vc_row][vc_column width=&#8221;1\/6&#8243;][\/vc_column][vc_column width=&#8221;1\/6&#8243;][\/vc_column][vc_column width=&#8221;1\/6&#8243;][\/vc_column][vc_column width=&#8221;1\/6&#8243;][\/vc_column][vc_column width=&#8221;1\/6&#8243;][\/vc_column][\/vc_row][vc_row][vc_column][vc_single_image image=&#8221;4111&#8243; img_size=&#8221;full&#8221; alignment=&#8221;center&#8221;][vc_column_text]As portas de seguran\u00e7a Security One s\u00e3o portas de alta seguran\u00e7a certificadas contra arrombamento. Todas as portas de seguran\u00e7a Dierre s\u00e3o certificadas contra intrus\u00e3o, de acordo com a norma europeia ENV1627-1. Neste contexto, as portas Dierre s\u00e3o das portas de seguran\u00e7a mais seguras que existem no mercado. [&hellip;]\" \/>\n<meta property=\"og:url\" content=\"https:\/\/startvita.pt\/site\/portas-blindadas-showcase\/\" \/>\n<meta property=\"og:site_name\" content=\"Startvita\" \/>\n<meta property=\"article:publisher\" content=\"https:\/\/www.facebook.com\/Startvita.Lda\" \/>\n<meta property=\"article:modified_time\" content=\"2022-01-28T11:31:45+00:00\" \/>\n<meta property=\"og:image\" content=\"https:\/\/startvita.pt\/site\/wp-content\/uploads\/2023\/02\/Logotipo_1-1.png?v=1675254647\" \/>\n\t<meta property=\"og:image:width\" content=\"3565\" \/>\n\t<meta property=\"og:image:height\" content=\"1639\" \/>\n\t<meta property=\"og:image:type\" content=\"image\/png\" \/>\n<meta name=\"twitter:card\" content=\"summary_large_image\" \/>\n<meta name=\"twitter:label1\" content=\"Tempo estimado de leitura\" \/>\n\t<meta name=\"twitter:data1\" content=\"3 minutos\" \/>\n<script type=\"application\/ld+json\" class=\"yoast-schema-graph\">{\"@context\":\"https:\\\/\\\/schema.org\",\"@graph\":[{\"@type\":\"WebPage\",\"@id\":\"https:\\\/\\\/startvita.pt\\\/site\\\/portas-blindadas-showcase\\\/\",\"url\":\"https:\\\/\\\/startvita.pt\\\/site\\\/portas-blindadas-showcase\\\/\",\"name\":\"Portas Blindadas Showcase - Startvita\",\"isPartOf\":{\"@id\":\"https:\\\/\\\/startvita.pt\\\/site\\\/#website\"},\"datePublished\":\"2021-10-28T10:22:17+00:00\",\"dateModified\":\"2022-01-28T11:31:45+00:00\",\"breadcrumb\":{\"@id\":\"https:\\\/\\\/startvita.pt\\\/site\\\/portas-blindadas-showcase\\\/#breadcrumb\"},\"inLanguage\":\"pt-PT\",\"potentialAction\":[{\"@type\":\"ReadAction\",\"target\":[\"https:\\\/\\\/startvita.pt\\\/site\\\/portas-blindadas-showcase\\\/\"]}]},{\"@type\":\"BreadcrumbList\",\"@id\":\"https:\\\/\\\/startvita.pt\\\/site\\\/portas-blindadas-showcase\\\/#breadcrumb\",\"itemListElement\":[{\"@type\":\"ListItem\",\"position\":1,\"name\":\"In\u00edcio\",\"item\":\"https:\\\/\\\/startvita.pt\\\/site\\\/\"},{\"@type\":\"ListItem\",\"position\":2,\"name\":\"Portas Blindadas Showcase\"}]},{\"@type\":\"WebSite\",\"@id\":\"https:\\\/\\\/startvita.pt\\\/site\\\/#website\",\"url\":\"https:\\\/\\\/startvita.pt\\\/site\\\/\",\"name\":\"Startvita Portas Blindadas\",\"description\":\"Portas Blindadas\",\"publisher\":{\"@id\":\"https:\\\/\\\/startvita.pt\\\/site\\\/#organization\"},\"alternateName\":\"Startvita\",\"potentialAction\":[{\"@type\":\"SearchAction\",\"target\":{\"@type\":\"EntryPoint\",\"urlTemplate\":\"https:\\\/\\\/startvita.pt\\\/site\\\/?s={search_term_string}\"},\"query-input\":{\"@type\":\"PropertyValueSpecification\",\"valueRequired\":true,\"valueName\":\"search_term_string\"}}],\"inLanguage\":\"pt-PT\"},{\"@type\":\"Organization\",\"@id\":\"https:\\\/\\\/startvita.pt\\\/site\\\/#organization\",\"name\":\"Startvita Portas Blindadas\",\"alternateName\":\"Startvita, Lda.\",\"url\":\"https:\\\/\\\/startvita.pt\\\/site\\\/\",\"logo\":{\"@type\":\"ImageObject\",\"inLanguage\":\"pt-PT\",\"@id\":\"https:\\\/\\\/startvita.pt\\\/site\\\/#\\\/schema\\\/logo\\\/image\\\/\",\"url\":\"https:\\\/\\\/startvita.pt\\\/site\\\/wp-content\\\/uploads\\\/2014\\\/08\\\/Logo_seo.png\",\"contentUrl\":\"https:\\\/\\\/startvita.pt\\\/site\\\/wp-content\\\/uploads\\\/2014\\\/08\\\/Logo_seo.png\",\"width\":691,\"height\":691,\"caption\":\"Startvita Portas Blindadas\"},\"image\":{\"@id\":\"https:\\\/\\\/startvita.pt\\\/site\\\/#\\\/schema\\\/logo\\\/image\\\/\"},\"sameAs\":[\"https:\\\/\\\/www.facebook.com\\\/Startvita.Lda\",\"https:\\\/\\\/www.instagram.com\\\/startvita_portas\\\/\"],\"description\":\"Com\u00e9rcio e montagem de Portas Blindadas, Port\u00f5es Seccion\u00e1veis e Automatismos, Serralharia Port\u00f5es e Gradeamentos. Temos tamb\u00e9m Portas Corta-Fogo, Portas Multiuso, Portas de Interior, entre outros.\",\"email\":\"geral@startvita.pt\",\"telephone\":\"212216028\",\"legalName\":\"Startvita - Portas e Automatismos Unipessoal, Lda.\",\"foundingDate\":\"2006-02-07\",\"vatID\":\"507634322\",\"numberOfEmployees\":{\"@type\":\"QuantitativeValue\",\"minValue\":\"1\",\"maxValue\":\"10\"},\"publishingPrinciples\":\"https:\\\/\\\/startvita.pt\\\/site\\\/produtos-seguranca-startvita\\\/\"}]}<\/script>\n<!-- \/ Yoast SEO Premium plugin. -->","yoast_head_json":{"title":"Portas Blindadas Showcase - Startvita","robots":{"index":"index","follow":"follow","max-snippet":"max-snippet:-1","max-image-preview":"max-image-preview:large","max-video-preview":"max-video-preview:-1"},"canonical":"https:\/\/startvita.pt\/site\/portas-blindadas-showcase\/","og_locale":"pt_PT","og_type":"article","og_title":"Portas Blindadas Showcase","og_description":"[vc_row][vc_column][\/vc_column][\/vc_row][vc_row][vc_column width=&#8221;1\/6&#8243;][\/vc_column][vc_column width=&#8221;1\/6&#8243;][\/vc_column][vc_column width=&#8221;1\/6&#8243;][\/vc_column][vc_column width=&#8221;1\/6&#8243;][\/vc_column][vc_column width=&#8221;1\/6&#8243;][\/vc_column][\/vc_row][vc_row][vc_column][vc_single_image image=&#8221;4111&#8243; img_size=&#8221;full&#8221; alignment=&#8221;center&#8221;][vc_column_text]As portas de seguran\u00e7a Security One s\u00e3o portas de alta seguran\u00e7a certificadas contra arrombamento. Todas as portas de seguran\u00e7a Dierre s\u00e3o certificadas contra intrus\u00e3o, de acordo com a norma europeia ENV1627-1. Neste contexto, as portas Dierre s\u00e3o das portas de seguran\u00e7a mais seguras que existem no mercado. [&hellip;]","og_url":"https:\/\/startvita.pt\/site\/portas-blindadas-showcase\/","og_site_name":"Startvita","article_publisher":"https:\/\/www.facebook.com\/Startvita.Lda","article_modified_time":"2022-01-28T11:31:45+00:00","og_image":[{"width":3565,"height":1639,"url":"https:\/\/startvita.pt\/site\/wp-content\/uploads\/2023\/02\/Logotipo_1-1.png?v=1675254647","type":"image\/png"}],"twitter_card":"summary_large_image","twitter_misc":{"Tempo estimado de leitura":"3 minutos"},"schema":{"@context":"https:\/\/schema.org","@graph":[{"@type":"WebPage","@id":"https:\/\/startvita.pt\/site\/portas-blindadas-showcase\/","url":"https:\/\/startvita.pt\/site\/portas-blindadas-showcase\/","name":"Portas Blindadas Showcase - Startvita","isPartOf":{"@id":"https:\/\/startvita.pt\/site\/#website"},"datePublished":"2021-10-28T10:22:17+00:00","dateModified":"2022-01-28T11:31:45+00:00","breadcrumb":{"@id":"https:\/\/startvita.pt\/site\/portas-blindadas-showcase\/#breadcrumb"},"inLanguage":"pt-PT","potentialAction":[{"@type":"ReadAction","target":["https:\/\/startvita.pt\/site\/portas-blindadas-showcase\/"]}]},{"@type":"BreadcrumbList","@id":"https:\/\/startvita.pt\/site\/portas-blindadas-showcase\/#breadcrumb","itemListElement":[{"@type":"ListItem","position":1,"name":"In\u00edcio","item":"https:\/\/startvita.pt\/site\/"},{"@type":"ListItem","position":2,"name":"Portas Blindadas Showcase"}]},{"@type":"WebSite","@id":"https:\/\/startvita.pt\/site\/#website","url":"https:\/\/startvita.pt\/site\/","name":"Startvita Portas Blindadas","description":"Portas Blindadas","publisher":{"@id":"https:\/\/startvita.pt\/site\/#organization"},"alternateName":"Startvita","potentialAction":[{"@type":"SearchAction","target":{"@type":"EntryPoint","urlTemplate":"https:\/\/startvita.pt\/site\/?s={search_term_string}"},"query-input":{"@type":"PropertyValueSpecification","valueRequired":true,"valueName":"search_term_string"}}],"inLanguage":"pt-PT"},{"@type":"Organization","@id":"https:\/\/startvita.pt\/site\/#organization","name":"Startvita Portas Blindadas","alternateName":"Startvita, Lda.","url":"https:\/\/startvita.pt\/site\/","logo":{"@type":"ImageObject","inLanguage":"pt-PT","@id":"https:\/\/startvita.pt\/site\/#\/schema\/logo\/image\/","url":"https:\/\/startvita.pt\/site\/wp-content\/uploads\/2014\/08\/Logo_seo.png","contentUrl":"https:\/\/startvita.pt\/site\/wp-content\/uploads\/2014\/08\/Logo_seo.png","width":691,"height":691,"caption":"Startvita Portas Blindadas"},"image":{"@id":"https:\/\/startvita.pt\/site\/#\/schema\/logo\/image\/"},"sameAs":["https:\/\/www.facebook.com\/Startvita.Lda","https:\/\/www.instagram.com\/startvita_portas\/"],"description":"Com\u00e9rcio e montagem de Portas Blindadas, Port\u00f5es Seccion\u00e1veis e Automatismos, Serralharia Port\u00f5es e Gradeamentos. Temos tamb\u00e9m Portas Corta-Fogo, Portas Multiuso, Portas de Interior, entre outros.","email":"geral@startvita.pt","telephone":"212216028","legalName":"Startvita - Portas e Automatismos Unipessoal, Lda.","foundingDate":"2006-02-07","vatID":"507634322","numberOfEmployees":{"@type":"QuantitativeValue","minValue":"1","maxValue":"10"},"publishingPrinciples":"https:\/\/startvita.pt\/site\/produtos-seguranca-startvita\/"}]}},"_links":{"self":[{"href":"https:\/\/startvita.pt\/site\/wp-json\/wp\/v2\/pages\/4067","targetHints":{"allow":["GET"]}}],"collection":[{"href":"https:\/\/startvita.pt\/site\/wp-json\/wp\/v2\/pages"}],"about":[{"href":"https:\/\/startvita.pt\/site\/wp-json\/wp\/v2\/types\/page"}],"author":[{"embeddable":true,"href":"https:\/\/startvita.pt\/site\/wp-json\/wp\/v2\/users\/1"}],"replies":[{"embeddable":true,"href":"https:\/\/startvita.pt\/site\/wp-json\/wp\/v2\/comments?post=4067"}],"version-history":[{"count":60,"href":"https:\/\/startvita.pt\/site\/wp-json\/wp\/v2\/pages\/4067\/revisions"}],"predecessor-version":[{"id":7589,"href":"https:\/\/startvita.pt\/site\/wp-json\/wp\/v2\/pages\/4067\/revisions\/7589"}],"wp:attachment":[{"href":"https:\/\/startvita.pt\/site\/wp-json\/wp\/v2\/media?parent=4067"}],"curies":[{"name":"wp","href":"https:\/\/api.w.org\/{rel}","templated":true}]}}