{"id":3925,"date":"2021-10-07T13:38:14","date_gmt":"2021-10-07T13:38:14","guid":{"rendered":"https:\/\/startvita.pt\/site\/?page_id=3925"},"modified":"2021-10-07T13:45:46","modified_gmt":"2021-10-07T13:45:46","slug":"portas_multiuso","status":"publish","type":"page","link":"https:\/\/startvita.pt\/site\/portas_multiuso\/","title":{"rendered":"Portas_Multiuso"},"content":{"rendered":"<p>[vc_row][vc_column]\r\n\r\r\n\r\r\n<div class=\"doors_empty_space\" data-heightmobile=\"10px\" data-heighttablet=\"80px\" data-heightdesktop=\"130px\">\r\r\n\r\r\n<\/div>\r\r\n      \r\r\n\r\r\n\r\r\n\r\r\n        \r\r\n      \r\r\n    \r\n\r\r\n\r\r\n<div class=\"doors_empty_space\" data-heightmobile=\"10px\" data-heighttablet=\"80px\" data-heightdesktop=\"130px\">\r\r\n\r\r\n<\/div>\r\r\n      \r\r\n\r\r\n\r\r\n\r\r\n        \r\r\n      \r\r\n    \t\t<div class=\"wd-heading  s-behind-t behind-about text-center\" >\r\n\t\t\t\r\n      \r\n      <h2 style=\"margin:0;\" >\r\n\t\t\t\t\tPortas Multiusos\t\t\t\t<\/h2>\r\n\r\n        <div style='margin-top: 10px;'><\/div>      \r\n              <h4 style=\"\" >\r\n\t\t\t\t\tVeja as nossas Portas Multiusos\t\t\t\t<\/h4>\r\n      \r\n      \r\n    \t\t<\/div>\r\n\r\n\t\t[\/vc_column][\/vc_row][vc_row][vc_column]<div class=\"woocommerce columns-4 \"><ul class=\"products columns-4 grid\">\r\n<li class=\"post-5718 product type-product status-publish has-post-thumbnail product_cat-porta-multiusos first instock shipping-taxable purchasable product-type-composite\" >\r\n\t<div class='product-image-wrapper'><a href=\"https:\/\/startvita.pt\/site\/loja\/porta-multiuso-1-folha\/\"><img loading=\"lazy\" decoding=\"async\" width=\"300\" height=\"300\" src=\"https:\/\/startvita.pt\/site\/wp-content\/uploads\/2022\/01\/Porta-Multiuso-Roper-300x300.png?v=1641986816\" class=\"attachment-woocommerce_thumbnail size-woocommerce_thumbnail\" alt=\"Porta Multiuso Branca (1 Folha)\" srcset=\"https:\/\/startvita.pt\/site\/wp-content\/uploads\/2022\/01\/Porta-Multiuso-Roper-300x300.png?v=1641986816 300w, https:\/\/startvita.pt\/site\/wp-content\/uploads\/2022\/01\/Porta-Multiuso-Roper-150x150.png?v=1641986816 150w, https:\/\/startvita.pt\/site\/wp-content\/uploads\/2022\/01\/Porta-Multiuso-Roper-140x140.png?v=1641986816 140w, https:\/\/startvita.pt\/site\/wp-content\/uploads\/2022\/01\/Porta-Multiuso-Roper-370x370.png?v=1641986816 370w, https:\/\/startvita.pt\/site\/wp-content\/uploads\/2022\/01\/Porta-Multiuso-Roper-250x250.png?v=1641986816 250w, https:\/\/startvita.pt\/site\/wp-content\/uploads\/2022\/01\/Porta-Multiuso-Roper-100x100.png?v=1641986816 100w\" sizes=\"auto, (max-width: 300px) 100vw, 300px\" \/><\/a><\/div><div class=\"product-details-wrapper\">\r\n              <h2 class=\"woocommerce-loop-product__title\">\r\n                <a href=\"https:\/\/startvita.pt\/site\/loja\/porta-multiuso-1-folha\/\">Porta Multiuso Branca (1 Folha) <\/a>\r\n              <\/h2>\n\t<span class=\"price\"><span class=\"from\">Desde: <\/span><span class=\"woocommerce-Price-amount amount\"><bdi><span class=\"woocommerce-Price-currencySymbol\">&euro;<\/span>280<\/bdi><\/span><\/span>\n<a href=\"https:\/\/startvita.pt\/site\/loja\/porta-multiuso-1-folha\/\"  data-quantity=\"1\" class=\"button product_type_composite add_to_cart_button\" data-product_id=\"5718\" data-product_sku=\"\" aria-label=\"Leia mais sobre &ldquo;Porta Multiuso Branca (1 Folha)&rdquo;\" rel=\"nofollow\">Ver op\u00e7\u00f5es<\/a><\/div><\/li>\r\n<li class=\"post-8818 product type-product status-publish has-post-thumbnail product_cat-porta-multiusos  instock shipping-taxable purchasable product-type-composite\" >\r\n\t<div class='product-image-wrapper'><a href=\"https:\/\/startvita.pt\/site\/loja\/porta-multiuso-cinzenta\/\"><img loading=\"lazy\" decoding=\"async\" width=\"300\" height=\"300\" src=\"https:\/\/startvita.pt\/site\/wp-content\/uploads\/2024\/11\/porta-MT-cinzenta-300x300.png?v=1730813500\" class=\"attachment-woocommerce_thumbnail size-woocommerce_thumbnail\" alt=\"porta multiuso cinzenta\" srcset=\"https:\/\/startvita.pt\/site\/wp-content\/uploads\/2024\/11\/porta-MT-cinzenta-300x300.png?v=1730813500 300w, https:\/\/startvita.pt\/site\/wp-content\/uploads\/2024\/11\/porta-MT-cinzenta-150x150.png?v=1730813500 150w, https:\/\/startvita.pt\/site\/wp-content\/uploads\/2024\/11\/porta-MT-cinzenta-140x140.png?v=1730813500 140w, https:\/\/startvita.pt\/site\/wp-content\/uploads\/2024\/11\/porta-MT-cinzenta-370x370.png?v=1730813500 370w, https:\/\/startvita.pt\/site\/wp-content\/uploads\/2024\/11\/porta-MT-cinzenta-250x250.png?v=1730813500 250w, https:\/\/startvita.pt\/site\/wp-content\/uploads\/2024\/11\/porta-MT-cinzenta-100x100.png?v=1730813500 100w\" sizes=\"auto, (max-width: 300px) 100vw, 300px\" \/><\/a><\/div><div class=\"product-details-wrapper\">\r\n              <h2 class=\"woocommerce-loop-product__title\">\r\n                <a href=\"https:\/\/startvita.pt\/site\/loja\/porta-multiuso-cinzenta\/\">Porta Multiuso Cinzenta (1 Folha) <\/a>\r\n              <\/h2>\n\t<span class=\"price\"><span class=\"from\">Desde: <\/span><span class=\"woocommerce-Price-amount amount\"><bdi><span class=\"woocommerce-Price-currencySymbol\">&euro;<\/span>290<\/bdi><\/span><\/span>\n<a href=\"https:\/\/startvita.pt\/site\/loja\/porta-multiuso-cinzenta\/\"  data-quantity=\"1\" class=\"button product_type_composite add_to_cart_button\" data-product_id=\"8818\" data-product_sku=\"\" aria-label=\"Leia mais sobre &ldquo;Porta Multiuso Cinzenta (1 Folha)&rdquo;\" rel=\"nofollow\">Ver op\u00e7\u00f5es<\/a><\/div><\/li>\r\n<li class=\"post-8821 product type-product status-publish has-post-thumbnail product_cat-porta-multiusos  instock shipping-taxable purchasable product-type-composite\" >\r\n\t<div class='product-image-wrapper'><a href=\"https:\/\/startvita.pt\/site\/loja\/porta-multiuso-duas-folhas\/\"><img loading=\"lazy\" decoding=\"async\" width=\"300\" height=\"300\" src=\"https:\/\/startvita.pt\/site\/wp-content\/uploads\/2024\/11\/porta-MT-dupla-cinzenta-300x300.png?v=1730816981\" class=\"attachment-woocommerce_thumbnail size-woocommerce_thumbnail\" alt=\"Porta Multiuso Dupla cinzenta\" srcset=\"https:\/\/startvita.pt\/site\/wp-content\/uploads\/2024\/11\/porta-MT-dupla-cinzenta-300x300.png?v=1730816981 300w, https:\/\/startvita.pt\/site\/wp-content\/uploads\/2024\/11\/porta-MT-dupla-cinzenta-150x150.png?v=1730816981 150w, https:\/\/startvita.pt\/site\/wp-content\/uploads\/2024\/11\/porta-MT-dupla-cinzenta-140x140.png?v=1730816981 140w, https:\/\/startvita.pt\/site\/wp-content\/uploads\/2024\/11\/porta-MT-dupla-cinzenta-370x370.png?v=1730816981 370w, https:\/\/startvita.pt\/site\/wp-content\/uploads\/2024\/11\/porta-MT-dupla-cinzenta-250x250.png?v=1730816981 250w, https:\/\/startvita.pt\/site\/wp-content\/uploads\/2024\/11\/porta-MT-dupla-cinzenta-100x100.png?v=1730816981 100w\" sizes=\"auto, (max-width: 300px) 100vw, 300px\" \/><\/a><\/div><div class=\"product-details-wrapper\">\r\n              <h2 class=\"woocommerce-loop-product__title\">\r\n                <a href=\"https:\/\/startvita.pt\/site\/loja\/porta-multiuso-duas-folhas\/\">Porta Multiuso Cinzenta (2 Folhas) <\/a>\r\n              <\/h2>\n\t<span class=\"price\"><span class=\"from\">Desde: <\/span><span class=\"woocommerce-Price-amount amount\"><bdi><span class=\"woocommerce-Price-currencySymbol\">&euro;<\/span>570<\/bdi><\/span><\/span>\n<a href=\"https:\/\/startvita.pt\/site\/loja\/porta-multiuso-duas-folhas\/\"  data-quantity=\"1\" class=\"button product_type_composite add_to_cart_button\" data-product_id=\"8821\" data-product_sku=\"\" aria-label=\"Leia mais sobre &ldquo;Porta Multiuso Cinzenta (2 Folhas)&rdquo;\" rel=\"nofollow\">Ver op\u00e7\u00f5es<\/a><\/div><\/li>\r\n<\/ul>\n<\/div>[\/vc_column][\/vc_row]<\/p>\n","protected":false},"excerpt":{"rendered":"<p>[vc_row][vc_column][\/vc_column][\/vc_row][vc_row][vc_column][\/vc_column][\/vc_row]<\/p>\n","protected":false},"author":1,"featured_media":0,"parent":0,"menu_order":0,"comment_status":"closed","ping_status":"closed","template":"","meta":{"footnotes":""},"class_list":["post-3925","page","type-page","status-publish","hentry"],"yoast_head":"<!-- This site is optimized with the Yoast SEO Premium plugin v24.1 (Yoast SEO v27.3) - https:\/\/yoast.com\/product\/yoast-seo-premium-wordpress\/ -->\n<title>Portas_Multiuso - Startvita<\/title>\n<meta name=\"robots\" content=\"index, follow, max-snippet:-1, max-image-preview:large, max-video-preview:-1\" \/>\n<link rel=\"canonical\" href=\"https:\/\/startvita.pt\/site\/portas_multiuso\/\" \/>\n<meta property=\"og:locale\" content=\"pt_PT\" \/>\n<meta property=\"og:type\" content=\"article\" \/>\n<meta property=\"og:title\" content=\"Portas_Multiuso\" \/>\n<meta property=\"og:description\" content=\"[vc_row][vc_column][\/vc_column][\/vc_row][vc_row][vc_column][\/vc_column][\/vc_row]\" \/>\n<meta property=\"og:url\" content=\"https:\/\/startvita.pt\/site\/portas_multiuso\/\" \/>\n<meta property=\"og:site_name\" content=\"Startvita\" \/>\n<meta property=\"article:publisher\" content=\"https:\/\/www.facebook.com\/Startvita.Lda\" \/>\n<meta property=\"article:modified_time\" content=\"2021-10-07T13:45:46+00:00\" \/>\n<meta property=\"og:image\" content=\"https:\/\/startvita.pt\/site\/wp-content\/uploads\/2023\/02\/Logotipo_1-1.png?v=1675254647\" \/>\n\t<meta property=\"og:image:width\" content=\"3565\" \/>\n\t<meta property=\"og:image:height\" content=\"1639\" \/>\n\t<meta property=\"og:image:type\" content=\"image\/png\" \/>\n<meta name=\"twitter:card\" content=\"summary_large_image\" \/>\n<script type=\"application\/ld+json\" class=\"yoast-schema-graph\">{\"@context\":\"https:\\\/\\\/schema.org\",\"@graph\":[{\"@type\":\"WebPage\",\"@id\":\"https:\\\/\\\/startvita.pt\\\/site\\\/portas_multiuso\\\/\",\"url\":\"https:\\\/\\\/startvita.pt\\\/site\\\/portas_multiuso\\\/\",\"name\":\"Portas_Multiuso - Startvita\",\"isPartOf\":{\"@id\":\"https:\\\/\\\/startvita.pt\\\/site\\\/#website\"},\"datePublished\":\"2021-10-07T13:38:14+00:00\",\"dateModified\":\"2021-10-07T13:45:46+00:00\",\"breadcrumb\":{\"@id\":\"https:\\\/\\\/startvita.pt\\\/site\\\/portas_multiuso\\\/#breadcrumb\"},\"inLanguage\":\"pt-PT\",\"potentialAction\":[{\"@type\":\"ReadAction\",\"target\":[\"https:\\\/\\\/startvita.pt\\\/site\\\/portas_multiuso\\\/\"]}]},{\"@type\":\"BreadcrumbList\",\"@id\":\"https:\\\/\\\/startvita.pt\\\/site\\\/portas_multiuso\\\/#breadcrumb\",\"itemListElement\":[{\"@type\":\"ListItem\",\"position\":1,\"name\":\"In\u00edcio\",\"item\":\"https:\\\/\\\/startvita.pt\\\/site\\\/\"},{\"@type\":\"ListItem\",\"position\":2,\"name\":\"Portas_Multiuso\"}]},{\"@type\":\"WebSite\",\"@id\":\"https:\\\/\\\/startvita.pt\\\/site\\\/#website\",\"url\":\"https:\\\/\\\/startvita.pt\\\/site\\\/\",\"name\":\"Startvita Portas Blindadas\",\"description\":\"Portas Blindadas\",\"publisher\":{\"@id\":\"https:\\\/\\\/startvita.pt\\\/site\\\/#organization\"},\"alternateName\":\"Startvita\",\"potentialAction\":[{\"@type\":\"SearchAction\",\"target\":{\"@type\":\"EntryPoint\",\"urlTemplate\":\"https:\\\/\\\/startvita.pt\\\/site\\\/?s={search_term_string}\"},\"query-input\":{\"@type\":\"PropertyValueSpecification\",\"valueRequired\":true,\"valueName\":\"search_term_string\"}}],\"inLanguage\":\"pt-PT\"},{\"@type\":\"Organization\",\"@id\":\"https:\\\/\\\/startvita.pt\\\/site\\\/#organization\",\"name\":\"Startvita Portas Blindadas\",\"alternateName\":\"Startvita, Lda.\",\"url\":\"https:\\\/\\\/startvita.pt\\\/site\\\/\",\"logo\":{\"@type\":\"ImageObject\",\"inLanguage\":\"pt-PT\",\"@id\":\"https:\\\/\\\/startvita.pt\\\/site\\\/#\\\/schema\\\/logo\\\/image\\\/\",\"url\":\"https:\\\/\\\/startvita.pt\\\/site\\\/wp-content\\\/uploads\\\/2014\\\/08\\\/Logo_seo.png\",\"contentUrl\":\"https:\\\/\\\/startvita.pt\\\/site\\\/wp-content\\\/uploads\\\/2014\\\/08\\\/Logo_seo.png\",\"width\":691,\"height\":691,\"caption\":\"Startvita Portas Blindadas\"},\"image\":{\"@id\":\"https:\\\/\\\/startvita.pt\\\/site\\\/#\\\/schema\\\/logo\\\/image\\\/\"},\"sameAs\":[\"https:\\\/\\\/www.facebook.com\\\/Startvita.Lda\",\"https:\\\/\\\/www.instagram.com\\\/startvita_portas\\\/\"],\"description\":\"Com\u00e9rcio e montagem de Portas Blindadas, Port\u00f5es Seccion\u00e1veis e Automatismos, Serralharia Port\u00f5es e Gradeamentos. Temos tamb\u00e9m Portas Corta-Fogo, Portas Multiuso, Portas de Interior, entre outros.\",\"email\":\"geral@startvita.pt\",\"telephone\":\"212216028\",\"legalName\":\"Startvita - Portas e Automatismos Unipessoal, Lda.\",\"foundingDate\":\"2006-02-07\",\"vatID\":\"507634322\",\"numberOfEmployees\":{\"@type\":\"QuantitativeValue\",\"minValue\":\"1\",\"maxValue\":\"10\"},\"publishingPrinciples\":\"https:\\\/\\\/startvita.pt\\\/site\\\/produtos-seguranca-startvita\\\/\"}]}<\/script>\n<!-- \/ Yoast SEO Premium plugin. -->","yoast_head_json":{"title":"Portas_Multiuso - Startvita","robots":{"index":"index","follow":"follow","max-snippet":"max-snippet:-1","max-image-preview":"max-image-preview:large","max-video-preview":"max-video-preview:-1"},"canonical":"https:\/\/startvita.pt\/site\/portas_multiuso\/","og_locale":"pt_PT","og_type":"article","og_title":"Portas_Multiuso","og_description":"[vc_row][vc_column][\/vc_column][\/vc_row][vc_row][vc_column][\/vc_column][\/vc_row]","og_url":"https:\/\/startvita.pt\/site\/portas_multiuso\/","og_site_name":"Startvita","article_publisher":"https:\/\/www.facebook.com\/Startvita.Lda","article_modified_time":"2021-10-07T13:45:46+00:00","og_image":[{"width":3565,"height":1639,"url":"https:\/\/startvita.pt\/site\/wp-content\/uploads\/2023\/02\/Logotipo_1-1.png?v=1675254647","type":"image\/png"}],"twitter_card":"summary_large_image","schema":{"@context":"https:\/\/schema.org","@graph":[{"@type":"WebPage","@id":"https:\/\/startvita.pt\/site\/portas_multiuso\/","url":"https:\/\/startvita.pt\/site\/portas_multiuso\/","name":"Portas_Multiuso - Startvita","isPartOf":{"@id":"https:\/\/startvita.pt\/site\/#website"},"datePublished":"2021-10-07T13:38:14+00:00","dateModified":"2021-10-07T13:45:46+00:00","breadcrumb":{"@id":"https:\/\/startvita.pt\/site\/portas_multiuso\/#breadcrumb"},"inLanguage":"pt-PT","potentialAction":[{"@type":"ReadAction","target":["https:\/\/startvita.pt\/site\/portas_multiuso\/"]}]},{"@type":"BreadcrumbList","@id":"https:\/\/startvita.pt\/site\/portas_multiuso\/#breadcrumb","itemListElement":[{"@type":"ListItem","position":1,"name":"In\u00edcio","item":"https:\/\/startvita.pt\/site\/"},{"@type":"ListItem","position":2,"name":"Portas_Multiuso"}]},{"@type":"WebSite","@id":"https:\/\/startvita.pt\/site\/#website","url":"https:\/\/startvita.pt\/site\/","name":"Startvita Portas Blindadas","description":"Portas Blindadas","publisher":{"@id":"https:\/\/startvita.pt\/site\/#organization"},"alternateName":"Startvita","potentialAction":[{"@type":"SearchAction","target":{"@type":"EntryPoint","urlTemplate":"https:\/\/startvita.pt\/site\/?s={search_term_string}"},"query-input":{"@type":"PropertyValueSpecification","valueRequired":true,"valueName":"search_term_string"}}],"inLanguage":"pt-PT"},{"@type":"Organization","@id":"https:\/\/startvita.pt\/site\/#organization","name":"Startvita Portas Blindadas","alternateName":"Startvita, Lda.","url":"https:\/\/startvita.pt\/site\/","logo":{"@type":"ImageObject","inLanguage":"pt-PT","@id":"https:\/\/startvita.pt\/site\/#\/schema\/logo\/image\/","url":"https:\/\/startvita.pt\/site\/wp-content\/uploads\/2014\/08\/Logo_seo.png","contentUrl":"https:\/\/startvita.pt\/site\/wp-content\/uploads\/2014\/08\/Logo_seo.png","width":691,"height":691,"caption":"Startvita Portas Blindadas"},"image":{"@id":"https:\/\/startvita.pt\/site\/#\/schema\/logo\/image\/"},"sameAs":["https:\/\/www.facebook.com\/Startvita.Lda","https:\/\/www.instagram.com\/startvita_portas\/"],"description":"Com\u00e9rcio e montagem de Portas Blindadas, Port\u00f5es Seccion\u00e1veis e Automatismos, Serralharia Port\u00f5es e Gradeamentos. Temos tamb\u00e9m Portas Corta-Fogo, Portas Multiuso, Portas de Interior, entre outros.","email":"geral@startvita.pt","telephone":"212216028","legalName":"Startvita - Portas e Automatismos Unipessoal, Lda.","foundingDate":"2006-02-07","vatID":"507634322","numberOfEmployees":{"@type":"QuantitativeValue","minValue":"1","maxValue":"10"},"publishingPrinciples":"https:\/\/startvita.pt\/site\/produtos-seguranca-startvita\/"}]}},"_links":{"self":[{"href":"https:\/\/startvita.pt\/site\/wp-json\/wp\/v2\/pages\/3925","targetHints":{"allow":["GET"]}}],"collection":[{"href":"https:\/\/startvita.pt\/site\/wp-json\/wp\/v2\/pages"}],"about":[{"href":"https:\/\/startvita.pt\/site\/wp-json\/wp\/v2\/types\/page"}],"author":[{"embeddable":true,"href":"https:\/\/startvita.pt\/site\/wp-json\/wp\/v2\/users\/1"}],"replies":[{"embeddable":true,"href":"https:\/\/startvita.pt\/site\/wp-json\/wp\/v2\/comments?post=3925"}],"version-history":[{"count":3,"href":"https:\/\/startvita.pt\/site\/wp-json\/wp\/v2\/pages\/3925\/revisions"}],"predecessor-version":[{"id":3928,"href":"https:\/\/startvita.pt\/site\/wp-json\/wp\/v2\/pages\/3925\/revisions\/3928"}],"wp:attachment":[{"href":"https:\/\/startvita.pt\/site\/wp-json\/wp\/v2\/media?parent=3925"}],"curies":[{"name":"wp","href":"https:\/\/api.w.org\/{rel}","templated":true}]}}