{"id":3743,"date":"2021-09-16T16:58:44","date_gmt":"2021-09-16T16:58:44","guid":{"rendered":"https:\/\/startvita.pt\/site\/?page_id=3743"},"modified":"2024-10-17T12:00:33","modified_gmt":"2024-10-17T12:00:33","slug":"produtos-seguranca-startvita","status":"publish","type":"page","link":"https:\/\/startvita.pt\/site\/produtos-seguranca-startvita\/","title":{"rendered":"Produtos Alta Seguran\u00e7a"},"content":{"rendered":"<p>[vc_row][vc_column]\r\n\r\r\n\r\r\n<div class=\"doors_empty_space\" data-heightmobile=\"10px\" data-heighttablet=\"80px\" data-heightdesktop=\"130px\">\r\r\n\r\r\n<\/div>\r\r\n      \r\r\n\r\r\n\r\r\n\r\r\n        \r\r\n      \r\r\n    \r\n\r\r\n\r\r\n<div class=\"doors_empty_space\" data-heightmobile=\"10px\" data-heighttablet=\"80px\" data-heightdesktop=\"130px\">\r\r\n\r\r\n<\/div>\r\r\n      \r\r\n\r\r\n\r\r\n\r\r\n        \r\r\n      \r\r\n    \t\t<div class=\"wd-heading  s-behind-t behind-about text-center\" >\r\n\t\t\t\r\n      \r\n      <h2 style=\"margin:0;\" >\r\n\t\t\t\t\tOs Nossos Produtos\t\t\t\t<\/h2>\r\n\r\n        <div style='margin-top: 10px;'><\/div>      \r\n              <h4 style=\"\" >\r\n\t\t\t\t\tVeja o nosso vasto leque de produtos\t\t\t\t<\/h4>\r\n      \r\n      \r\n    \t\t<\/div>\r\n\r\n\t\t[\/vc_column][\/vc_row][vc_row full_width=&#8221;stretch_row&#8221; gap=&#8221;30&#8243; css=&#8221;.vc_custom_1632912474206{background-color: #f7f7f7 !important;background-position: center !important;background-repeat: no-repeat !important;background-size: contain !important;}&#8221;][vc_column width=&#8221;1\/3&#8243; css=&#8221;.vc_custom_1573731828982{padding-right: 15px !important;padding-left: 15px !important;}&#8221;]\t\t\t\t\t<section class=\"wd-image-text style-2\">\r\n\t\t\t\t<div class=\" \" >\r\n\t\t\t\t\t\t\t\t\t\t<img decoding=\"async\" src=\"https:\/\/startvita.pt\/site\/wp-content\/uploads\/2021\/11\/fxsentry.png?v=1641487143\" alt=\"icon\" \/>\r\n\t\t\t\t\t<a href=https:\/\/startvita.pt\/site\/portas-blindadas-showcase\/>\t\t\t\t\t<h4 class=\"wd-title-element\">Portas de Alta Seguran\u00e7a<\/h4>\r\n\t\t\t\t\t<\/a>\t\t\t\t\t<p>\r\n\t\t\t\t\t\tPara Apartamento e Moradia\t\t\t\t\t<\/p>\r\n\t\t\t\t<\/div>\r\n\t\t\t<\/section>\r\n\t\t\t\t\t\t\t<section class=\"wd-image-text style-2\">\r\n\t\t\t\t<div class=\" \" >\r\n\t\t\t\t\t\t\t\t\t\t<img decoding=\"async\" src=\"https:\/\/startvita.pt\/site\/wp-content\/uploads\/2021\/09\/porta-interior.png?v=1641487243\" alt=\"icon\" \/>\r\n\t\t\t\t\t<a href=https:\/\/startvita.pt\/site\/portas-interior-showcase\/>\t\t\t\t\t<h4 class=\"wd-title-element\">Portas de Interior<\/h4>\r\n\t\t\t\t\t<\/a>\t\t\t\t\t<p>\r\n\t\t\t\t\t\tPara o interior da sua casa\t\t\t\t\t<\/p>\r\n\t\t\t\t<\/div>\r\n\t\t\t<\/section>\r\n\t\t[\/vc_column][vc_column width=&#8221;1\/3&#8243; css=&#8221;.vc_custom_1573731521198{padding-right: 15px !important;padding-left: 15px !important;}&#8221;]\t\t\t\t\t<section class=\"wd-image-text style-2\">\r\n\t\t\t\t<div class=\" \" >\r\n\t\t\t\t\t\t\t\t\t\t<img decoding=\"async\" src=\"https:\/\/startvita.pt\/site\/wp-content\/uploads\/2021\/09\/porta-corta-fogo.png?v=1641487244\" alt=\"icon\" \/>\r\n\t\t\t\t\t<a href=https:\/\/startvita.pt\/site\/portas-corta-fogo-showcase\/>\t\t\t\t\t<h4 class=\"wd-title-element\">Portas Corta-Fogo<\/h4>\r\n\t\t\t\t\t<\/a>\t\t\t\t\t<p>\r\n\t\t\t\t\t\tPara Garagens e outros acessos\t\t\t\t\t<\/p>\r\n\t\t\t\t<\/div>\r\n\t\t\t<\/section>\r\n\t\t\t\t\t\t\t<section class=\"wd-image-text style-2\">\r\n\t\t\t\t<div class=\" \" >\r\n\t\t\t\t\t\t\t\t\t\t<img decoding=\"async\" src=\"https:\/\/startvita.pt\/site\/wp-content\/uploads\/2021\/09\/portao-sec.png?v=1641487241\" alt=\"icon\" \/>\r\n\t\t\t\t\t<a href=https:\/\/startvita.pt\/site\/portao-seccionavel-showcase\/>\t\t\t\t\t<h4 class=\"wd-title-element\">Port\u00f5es Seccion\u00e1vel<\/h4>\r\n\t\t\t\t\t<\/a>\t\t\t\t\t<p>\r\n\t\t\t\t\t\tPara residencial ou Industrial\t\t\t\t\t<\/p>\r\n\t\t\t\t<\/div>\r\n\t\t\t<\/section>\r\n\t\t\t\t\t\t\t<section class=\"wd-image-text style-2\">\r\n\t\t\t\t<div class=\" \" >\r\n\t\t\t\t\t\t\t\t\t\t<img decoding=\"async\" src=\"https:\/\/startvita.pt\/site\/wp-content\/uploads\/2021\/11\/MT5_interior-300x286-1.png?v=1641487159\" alt=\"icon\" \/>\r\n\t\t\t\t\t<a href= https:\/\/startvita.pt\/site\/cilindros_mul-t-lock\/>\t\t\t\t\t<h4 class=\"wd-title-element\">Cilindros Mul-t-Lock<\/h4>\r\n\t\t\t\t\t<\/a>\t\t\t\t\t<p>\r\n\t\t\t\t\t\tCilindros de Alta Seguran\u00e7a\t\t\t\t\t<\/p>\r\n\t\t\t\t<\/div>\r\n\t\t\t<\/section>\r\n\t\t[\/vc_column][vc_column width=&#8221;1\/3&#8243; css=&#8221;.vc_custom_1573731841226{padding-right: 15px !important;padding-left: 15px !important;}&#8221;]\t\t\t\t\t<section class=\"wd-image-text style-2\">\r\n\t\t\t\t<div class=\" \" >\r\n\t\t\t\t\t\t\t\t\t\t<img decoding=\"async\" src=\"https:\/\/startvita.pt\/site\/wp-content\/uploads\/2021\/09\/porta-multiuso.png?v=1641487242\" alt=\"icon\" \/>\r\n\t\t\t\t\t<a href=https:\/\/startvita.pt\/site\/porta-multiuso-showcase\/>\t\t\t\t\t<h4 class=\"wd-title-element\">Portas Multiuso<\/h4>\r\n\t\t\t\t\t<\/a>\t\t\t\t\t<p>\r\n\t\t\t\t\t\tPortas Arrecada\u00e7\u00e3o\t\t\t\t\t<\/p>\r\n\t\t\t\t<\/div>\r\n\t\t\t<\/section>\r\n\t\t\t\t\t\t\t<section class=\"wd-image-text style-2\">\r\n\t\t\t\t<div class=\" \" >\r\n\t\t\t\t\t\t\t\t\t\t<img decoding=\"async\" src=\"https:\/\/startvita.pt\/site\/wp-content\/uploads\/2021\/11\/automatismo.png?v=1641487141\" alt=\"icon\" \/>\r\n\t\t\t\t\t<a href=https:\/\/startvita.pt\/site\/doorgate>\t\t\t\t\t<h4 class=\"wd-title-element\">Automatismos<\/h4>\r\n\t\t\t\t\t<\/a>\t\t\t\t\t<p>\r\n\t\t\t\t\t\tSolu\u00e7\u00e3o Autom\u00e1tica para Garagens e Acessos\t\t\t\t\t<\/p>\r\n\t\t\t\t<\/div>\r\n\t\t\t<\/section>\r\n\t\t[\/vc_column][\/vc_row][vc_row][vc_column]\r\n\r\r\n\r\r\n<div class=\"doors_empty_space\" data-heightmobile=\"60px\" data-heighttablet=\"80px\" data-heightdesktop=\"80px\">\r\r\n\r\r\n<\/div>\r\r\n      \r\r\n\r\r\n\r\r\n\r\r\n        \r\r\n      \r\r\n    [\/vc_column][\/vc_row][vc_row full_width=&#8221;stretch_row&#8221; css=&#8221;.vc_custom_1573299272214{padding-top: 57px !important;padding-bottom: 57px !important;background-color: #f7f7f7 !important;}&#8221;][vc_column width=&#8221;2\/3&#8243;]\t\t<div class=\"wd-heading   text-left\" >\r\n\t\t\t\r\n      \r\n      <h3 style=\"margin:0;font-size:26px;line-height:60px;\" >\r\n\t\t\t\t\tConhece as novas Portas Blindadas Dierre?\t\t\t\t<\/h3>\r\n\r\n        <div style='margin-top: 10px;'><\/div>      \r\n              <p style=\"font-size:16px;color:#303030;\" >\r\n\t\t\t\t\tOpte por portas de seguran\u00e7a, e sinta-se totalmente protegido no seu dia a dia.\t\t\t\t<\/p>\r\n      \r\n      \r\n    \t\t<\/div>\r\n\r\n\t\t[\/vc_column][vc_column width=&#8221;1\/3&#8243; css=&#8221;.vc_custom_1573299462581{margin-top: 25px !important;}&#8221;][vc_btn title=&#8221;Encontre Aqui&#8221; style=&#8221;custom&#8221; custom_background=&#8221;#ffdd01&#8243; custom_text=&#8221;#000000&#8243; css=&#8221;.vc_custom_1643199106598{background-color: #ffdd01 !important;}&#8221; link=&#8221;url:https%3A%2F%2Fstartvita.pt%2Fsite%2Fportas_blindadas%2F|target:_blank&#8221;][\/vc_column][\/vc_row]<\/p>\n","protected":false},"excerpt":{"rendered":"<p>[vc_row][vc_column][\/vc_column][\/vc_row][vc_row full_width=&#8221;stretch_row&#8221; gap=&#8221;30&#8243; css=&#8221;.vc_custom_1632912474206{background-color: #f7f7f7 !important;background-position: center !important;background-repeat: no-repeat !important;background-size: contain !important;}&#8221;][vc_column width=&#8221;1\/3&#8243; css=&#8221;.vc_custom_1573731828982{padding-right: 15px !important;padding-left: 15px !important;}&#8221;][\/vc_column][vc_column width=&#8221;1\/3&#8243; css=&#8221;.vc_custom_1573731521198{padding-right: 15px !important;padding-left: 15px !important;}&#8221;][\/vc_column][vc_column width=&#8221;1\/3&#8243; css=&#8221;.vc_custom_1573731841226{padding-right: 15px !important;padding-left: 15px !important;}&#8221;][\/vc_column][\/vc_row][vc_row][vc_column][\/vc_column][\/vc_row][vc_row full_width=&#8221;stretch_row&#8221; css=&#8221;.vc_custom_1573299272214{padding-top: 57px !important;padding-bottom: 57px !important;background-color: #f7f7f7 !important;}&#8221;][vc_column width=&#8221;2\/3&#8243;][\/vc_column][vc_column width=&#8221;1\/3&#8243; css=&#8221;.vc_custom_1573299462581{margin-top: 25px !important;}&#8221;][vc_btn title=&#8221;Encontre Aqui&#8221; style=&#8221;custom&#8221; custom_background=&#8221;#ffdd01&#8243; custom_text=&#8221;#000000&#8243; css=&#8221;.vc_custom_1643199106598{background-color: #ffdd01 !important;}&#8221; link=&#8221;url:https%3A%2F%2Fstartvita.pt%2Fsite%2Fportas_blindadas%2F|target:_blank&#8221;][\/vc_column][\/vc_row]<\/p>\n","protected":false},"author":1,"featured_media":8725,"parent":0,"menu_order":0,"comment_status":"closed","ping_status":"closed","template":"","meta":{"footnotes":""},"class_list":["post-3743","page","type-page","status-publish","has-post-thumbnail","hentry"],"yoast_head":"<!-- This site is optimized with the Yoast SEO Premium plugin v24.1 (Yoast SEO v27.4) - https:\/\/yoast.com\/product\/yoast-seo-premium-wordpress\/ -->\n<title>Produtos Alta Seguran\u00e7a - Startvita<\/title>\n<meta name=\"description\" content=\"Sente inseguran\u00e7a? a Startvita tem uma vasta gama de Portas Blindadas que proporcionam mais conforto e seguran\u00e7a para o seu lar.\" \/>\n<meta name=\"robots\" content=\"index, follow, max-snippet:-1, max-image-preview:large, max-video-preview:-1\" \/>\n<link rel=\"canonical\" href=\"https:\/\/startvita.pt\/site\/produtos-seguranca-startvita\/\" \/>\n<meta property=\"og:locale\" content=\"pt_PT\" \/>\n<meta property=\"og:type\" content=\"article\" \/>\n<meta property=\"og:title\" content=\"Produtos Alta Seguran\u00e7a Portas Blindadas\" \/>\n<meta property=\"og:description\" content=\"Sente inseguran\u00e7a? a Startvita tem uma vasta gama de Portas Blindadas que proporcionam mais conforto e seguran\u00e7a para o seu lar. Pe\u00e7a-nos o seu or\u00e7amento Gr\u00e1tis! Contacte o 212216028.\" \/>\n<meta property=\"og:url\" content=\"https:\/\/startvita.pt\/site\/produtos-seguranca-startvita\/\" \/>\n<meta property=\"og:site_name\" content=\"Startvita\" \/>\n<meta property=\"article:publisher\" content=\"https:\/\/www.facebook.com\/Startvita.Lda\" \/>\n<meta property=\"article:modified_time\" content=\"2024-10-17T12:00:33+00:00\" \/>\n<meta property=\"og:image\" content=\"https:\/\/startvita.pt\/site\/wp-content\/uploads\/2024\/10\/WhatsApp-Image-2022-12-21-at-12.46.30-e1729166241885.jpeg?v=1729166181\" \/>\n\t<meta property=\"og:image:width\" content=\"389\" \/>\n\t<meta property=\"og:image:height\" content=\"546\" \/>\n\t<meta property=\"og:image:type\" content=\"image\/jpeg\" \/>\n<meta name=\"twitter:card\" content=\"summary_large_image\" \/>\n<meta name=\"twitter:title\" content=\"Produtos Alta Seguran\u00e7a\" \/>\n<meta name=\"twitter:label1\" content=\"Tempo estimado de leitura\" \/>\n\t<meta name=\"twitter:data1\" content=\"2 minutos\" \/>\n<script type=\"application\/ld+json\" class=\"yoast-schema-graph\">{\"@context\":\"https:\\\/\\\/schema.org\",\"@graph\":[{\"@type\":\"WebPage\",\"@id\":\"https:\\\/\\\/startvita.pt\\\/site\\\/produtos-seguranca-startvita\\\/\",\"url\":\"https:\\\/\\\/startvita.pt\\\/site\\\/produtos-seguranca-startvita\\\/\",\"name\":\"Produtos Alta Seguran\u00e7a - Startvita\",\"isPartOf\":{\"@id\":\"https:\\\/\\\/startvita.pt\\\/site\\\/#website\"},\"primaryImageOfPage\":{\"@id\":\"https:\\\/\\\/startvita.pt\\\/site\\\/produtos-seguranca-startvita\\\/#primaryimage\"},\"image\":{\"@id\":\"https:\\\/\\\/startvita.pt\\\/site\\\/produtos-seguranca-startvita\\\/#primaryimage\"},\"thumbnailUrl\":\"https:\\\/\\\/startvita.pt\\\/site\\\/wp-content\\\/uploads\\\/2024\\\/10\\\/WhatsApp-Image-2022-12-21-at-12.46.30-e1729166241885.jpeg?v=1729166181\",\"datePublished\":\"2021-09-16T16:58:44+00:00\",\"dateModified\":\"2024-10-17T12:00:33+00:00\",\"description\":\"Sente inseguran\u00e7a? a Startvita tem uma vasta gama de Portas Blindadas que proporcionam mais conforto e seguran\u00e7a para o seu lar.\",\"breadcrumb\":{\"@id\":\"https:\\\/\\\/startvita.pt\\\/site\\\/produtos-seguranca-startvita\\\/#breadcrumb\"},\"inLanguage\":\"pt-PT\",\"potentialAction\":[{\"@type\":\"ReadAction\",\"target\":[\"https:\\\/\\\/startvita.pt\\\/site\\\/produtos-seguranca-startvita\\\/\"]}]},{\"@type\":\"ImageObject\",\"inLanguage\":\"pt-PT\",\"@id\":\"https:\\\/\\\/startvita.pt\\\/site\\\/produtos-seguranca-startvita\\\/#primaryimage\",\"url\":\"https:\\\/\\\/startvita.pt\\\/site\\\/wp-content\\\/uploads\\\/2024\\\/10\\\/WhatsApp-Image-2022-12-21-at-12.46.30-e1729166241885.jpeg?v=1729166181\",\"contentUrl\":\"https:\\\/\\\/startvita.pt\\\/site\\\/wp-content\\\/uploads\\\/2024\\\/10\\\/WhatsApp-Image-2022-12-21-at-12.46.30-e1729166241885.jpeg?v=1729166181\",\"width\":389,\"height\":546,\"caption\":\"Porta blindada para moradia\"},{\"@type\":\"BreadcrumbList\",\"@id\":\"https:\\\/\\\/startvita.pt\\\/site\\\/produtos-seguranca-startvita\\\/#breadcrumb\",\"itemListElement\":[{\"@type\":\"ListItem\",\"position\":1,\"name\":\"In\u00edcio\",\"item\":\"https:\\\/\\\/startvita.pt\\\/site\\\/\"},{\"@type\":\"ListItem\",\"position\":2,\"name\":\"Produtos Alta Seguran\u00e7a\"}]},{\"@type\":\"WebSite\",\"@id\":\"https:\\\/\\\/startvita.pt\\\/site\\\/#website\",\"url\":\"https:\\\/\\\/startvita.pt\\\/site\\\/\",\"name\":\"Startvita Portas Blindadas\",\"description\":\"Portas Blindadas\",\"publisher\":{\"@id\":\"https:\\\/\\\/startvita.pt\\\/site\\\/#organization\"},\"alternateName\":\"Startvita\",\"potentialAction\":[{\"@type\":\"SearchAction\",\"target\":{\"@type\":\"EntryPoint\",\"urlTemplate\":\"https:\\\/\\\/startvita.pt\\\/site\\\/?s={search_term_string}\"},\"query-input\":{\"@type\":\"PropertyValueSpecification\",\"valueRequired\":true,\"valueName\":\"search_term_string\"}}],\"inLanguage\":\"pt-PT\"},{\"@type\":\"Organization\",\"@id\":\"https:\\\/\\\/startvita.pt\\\/site\\\/#organization\",\"name\":\"Startvita Portas Blindadas\",\"alternateName\":\"Startvita, Lda.\",\"url\":\"https:\\\/\\\/startvita.pt\\\/site\\\/\",\"logo\":{\"@type\":\"ImageObject\",\"inLanguage\":\"pt-PT\",\"@id\":\"https:\\\/\\\/startvita.pt\\\/site\\\/#\\\/schema\\\/logo\\\/image\\\/\",\"url\":\"https:\\\/\\\/startvita.pt\\\/site\\\/wp-content\\\/uploads\\\/2014\\\/08\\\/Logo_seo.png\",\"contentUrl\":\"https:\\\/\\\/startvita.pt\\\/site\\\/wp-content\\\/uploads\\\/2014\\\/08\\\/Logo_seo.png\",\"width\":691,\"height\":691,\"caption\":\"Startvita Portas Blindadas\"},\"image\":{\"@id\":\"https:\\\/\\\/startvita.pt\\\/site\\\/#\\\/schema\\\/logo\\\/image\\\/\"},\"sameAs\":[\"https:\\\/\\\/www.facebook.com\\\/Startvita.Lda\",\"https:\\\/\\\/www.instagram.com\\\/startvita_portas\\\/\"],\"description\":\"Com\u00e9rcio e montagem de Portas Blindadas, Port\u00f5es Seccion\u00e1veis e Automatismos, Serralharia Port\u00f5es e Gradeamentos. Temos tamb\u00e9m Portas Corta-Fogo, Portas Multiuso, Portas de Interior, entre outros.\",\"email\":\"geral@startvita.pt\",\"telephone\":\"212216028\",\"legalName\":\"Startvita - Portas e Automatismos Unipessoal, Lda.\",\"foundingDate\":\"2006-02-07\",\"vatID\":\"507634322\",\"numberOfEmployees\":{\"@type\":\"QuantitativeValue\",\"minValue\":\"1\",\"maxValue\":\"10\"},\"publishingPrinciples\":\"https:\\\/\\\/startvita.pt\\\/site\\\/produtos-seguranca-startvita\\\/\"}]}<\/script>\n<!-- \/ Yoast SEO Premium plugin. -->","yoast_head_json":{"title":"Produtos Alta Seguran\u00e7a - Startvita","description":"Sente inseguran\u00e7a? a Startvita tem uma vasta gama de Portas Blindadas que proporcionam mais conforto e seguran\u00e7a para o seu lar.","robots":{"index":"index","follow":"follow","max-snippet":"max-snippet:-1","max-image-preview":"max-image-preview:large","max-video-preview":"max-video-preview:-1"},"canonical":"https:\/\/startvita.pt\/site\/produtos-seguranca-startvita\/","og_locale":"pt_PT","og_type":"article","og_title":"Produtos Alta Seguran\u00e7a Portas Blindadas","og_description":"Sente inseguran\u00e7a? a Startvita tem uma vasta gama de Portas Blindadas que proporcionam mais conforto e seguran\u00e7a para o seu lar. Pe\u00e7a-nos o seu or\u00e7amento Gr\u00e1tis! Contacte o 212216028.","og_url":"https:\/\/startvita.pt\/site\/produtos-seguranca-startvita\/","og_site_name":"Startvita","article_publisher":"https:\/\/www.facebook.com\/Startvita.Lda","article_modified_time":"2024-10-17T12:00:33+00:00","og_image":[{"width":389,"height":546,"url":"https:\/\/startvita.pt\/site\/wp-content\/uploads\/2024\/10\/WhatsApp-Image-2022-12-21-at-12.46.30-e1729166241885.jpeg?v=1729166181","type":"image\/jpeg"}],"twitter_card":"summary_large_image","twitter_title":"Produtos Alta Seguran\u00e7a","twitter_misc":{"Tempo estimado de leitura":"2 minutos"},"schema":{"@context":"https:\/\/schema.org","@graph":[{"@type":"WebPage","@id":"https:\/\/startvita.pt\/site\/produtos-seguranca-startvita\/","url":"https:\/\/startvita.pt\/site\/produtos-seguranca-startvita\/","name":"Produtos Alta Seguran\u00e7a - Startvita","isPartOf":{"@id":"https:\/\/startvita.pt\/site\/#website"},"primaryImageOfPage":{"@id":"https:\/\/startvita.pt\/site\/produtos-seguranca-startvita\/#primaryimage"},"image":{"@id":"https:\/\/startvita.pt\/site\/produtos-seguranca-startvita\/#primaryimage"},"thumbnailUrl":"https:\/\/startvita.pt\/site\/wp-content\/uploads\/2024\/10\/WhatsApp-Image-2022-12-21-at-12.46.30-e1729166241885.jpeg?v=1729166181","datePublished":"2021-09-16T16:58:44+00:00","dateModified":"2024-10-17T12:00:33+00:00","description":"Sente inseguran\u00e7a? a Startvita tem uma vasta gama de Portas Blindadas que proporcionam mais conforto e seguran\u00e7a para o seu lar.","breadcrumb":{"@id":"https:\/\/startvita.pt\/site\/produtos-seguranca-startvita\/#breadcrumb"},"inLanguage":"pt-PT","potentialAction":[{"@type":"ReadAction","target":["https:\/\/startvita.pt\/site\/produtos-seguranca-startvita\/"]}]},{"@type":"ImageObject","inLanguage":"pt-PT","@id":"https:\/\/startvita.pt\/site\/produtos-seguranca-startvita\/#primaryimage","url":"https:\/\/startvita.pt\/site\/wp-content\/uploads\/2024\/10\/WhatsApp-Image-2022-12-21-at-12.46.30-e1729166241885.jpeg?v=1729166181","contentUrl":"https:\/\/startvita.pt\/site\/wp-content\/uploads\/2024\/10\/WhatsApp-Image-2022-12-21-at-12.46.30-e1729166241885.jpeg?v=1729166181","width":389,"height":546,"caption":"Porta blindada para moradia"},{"@type":"BreadcrumbList","@id":"https:\/\/startvita.pt\/site\/produtos-seguranca-startvita\/#breadcrumb","itemListElement":[{"@type":"ListItem","position":1,"name":"In\u00edcio","item":"https:\/\/startvita.pt\/site\/"},{"@type":"ListItem","position":2,"name":"Produtos Alta Seguran\u00e7a"}]},{"@type":"WebSite","@id":"https:\/\/startvita.pt\/site\/#website","url":"https:\/\/startvita.pt\/site\/","name":"Startvita Portas Blindadas","description":"Portas Blindadas","publisher":{"@id":"https:\/\/startvita.pt\/site\/#organization"},"alternateName":"Startvita","potentialAction":[{"@type":"SearchAction","target":{"@type":"EntryPoint","urlTemplate":"https:\/\/startvita.pt\/site\/?s={search_term_string}"},"query-input":{"@type":"PropertyValueSpecification","valueRequired":true,"valueName":"search_term_string"}}],"inLanguage":"pt-PT"},{"@type":"Organization","@id":"https:\/\/startvita.pt\/site\/#organization","name":"Startvita Portas Blindadas","alternateName":"Startvita, Lda.","url":"https:\/\/startvita.pt\/site\/","logo":{"@type":"ImageObject","inLanguage":"pt-PT","@id":"https:\/\/startvita.pt\/site\/#\/schema\/logo\/image\/","url":"https:\/\/startvita.pt\/site\/wp-content\/uploads\/2014\/08\/Logo_seo.png","contentUrl":"https:\/\/startvita.pt\/site\/wp-content\/uploads\/2014\/08\/Logo_seo.png","width":691,"height":691,"caption":"Startvita Portas Blindadas"},"image":{"@id":"https:\/\/startvita.pt\/site\/#\/schema\/logo\/image\/"},"sameAs":["https:\/\/www.facebook.com\/Startvita.Lda","https:\/\/www.instagram.com\/startvita_portas\/"],"description":"Com\u00e9rcio e montagem de Portas Blindadas, Port\u00f5es Seccion\u00e1veis e Automatismos, Serralharia Port\u00f5es e Gradeamentos. Temos tamb\u00e9m Portas Corta-Fogo, Portas Multiuso, Portas de Interior, entre outros.","email":"geral@startvita.pt","telephone":"212216028","legalName":"Startvita - Portas e Automatismos Unipessoal, Lda.","foundingDate":"2006-02-07","vatID":"507634322","numberOfEmployees":{"@type":"QuantitativeValue","minValue":"1","maxValue":"10"},"publishingPrinciples":"https:\/\/startvita.pt\/site\/produtos-seguranca-startvita\/"}]}},"_links":{"self":[{"href":"https:\/\/startvita.pt\/site\/wp-json\/wp\/v2\/pages\/3743","targetHints":{"allow":["GET"]}}],"collection":[{"href":"https:\/\/startvita.pt\/site\/wp-json\/wp\/v2\/pages"}],"about":[{"href":"https:\/\/startvita.pt\/site\/wp-json\/wp\/v2\/types\/page"}],"author":[{"embeddable":true,"href":"https:\/\/startvita.pt\/site\/wp-json\/wp\/v2\/users\/1"}],"replies":[{"embeddable":true,"href":"https:\/\/startvita.pt\/site\/wp-json\/wp\/v2\/comments?post=3743"}],"version-history":[{"count":56,"href":"https:\/\/startvita.pt\/site\/wp-json\/wp\/v2\/pages\/3743\/revisions"}],"predecessor-version":[{"id":8724,"href":"https:\/\/startvita.pt\/site\/wp-json\/wp\/v2\/pages\/3743\/revisions\/8724"}],"wp:featuredmedia":[{"embeddable":true,"href":"https:\/\/startvita.pt\/site\/wp-json\/wp\/v2\/media\/8725"}],"wp:attachment":[{"href":"https:\/\/startvita.pt\/site\/wp-json\/wp\/v2\/media?parent=3743"}],"curies":[{"name":"wp","href":"https:\/\/api.w.org\/{rel}","templated":true}]}}