{"id":3698,"date":"2021-09-16T11:05:49","date_gmt":"2021-09-16T11:05:49","guid":{"rendered":"https:\/\/startvita.pt\/site\/?page_id=3698"},"modified":"2026-01-15T14:37:59","modified_gmt":"2026-01-15T14:37:59","slug":"portasblindadasmor","status":"publish","type":"page","link":"https:\/\/startvita.pt\/site\/portasblindadasmor\/","title":{"rendered":"portasblindadasmor"},"content":{"rendered":"<p>[vc_row][vc_column]\r\n\r\r\n\r\r\n<div class=\"doors_empty_space\" data-heightmobile=\"10px\" data-heighttablet=\"80px\" data-heightdesktop=\"130px\">\r\r\n\r\r\n<\/div>\r\r\n      \r\r\n\r\r\n\r\r\n\r\r\n        \r\r\n      \r\r\n    \r\n\r\r\n\r\r\n<div class=\"doors_empty_space\" data-heightmobile=\"10px\" data-heighttablet=\"80px\" data-heightdesktop=\"130px\">\r\r\n\r\r\n<\/div>\r\r\n      \r\r\n\r\r\n\r\r\n\r\r\n        \r\r\n      \r\r\n    \t\t<div class=\"wd-heading  s-behind-t behind-about text-center\" >\r\n\t\t\t\r\n      \r\n      <h2 style=\"margin:0;\" >\r\n\t\t\t\t\tPortas Blindadas para Moradia\t\t\t\t<\/h2>\r\n\r\n        <div style='margin-top: 10px;'><\/div>      \r\n              <h4 style=\"\" >\r\n\t\t\t\t\tFa\u00e7a aqui o seu or\u00e7amento, escolha o tipo de porta que pretende e os seus derivados.\t\t\t\t<\/h4>\r\n      \r\n      \r\n    \t\t<\/div>\r\n\r\n\t\t[\/vc_column][\/vc_row][vc_row][vc_column]<div class=\"woocommerce columns-4 \"><ul class=\"products columns-4 grid\">\r\n<li class=\"post-5096 product type-product status-publish has-post-thumbnail product_cat-novidades_portas product_cat-porta-blindada-moradia first instock shipping-taxable purchasable product-type-composite\" >\r\n\t<div class='product-image-wrapper'><a href=\"https:\/\/startvita.pt\/site\/loja\/porta-security-one-com-aluminio\/\"><img loading=\"lazy\" decoding=\"async\" width=\"300\" height=\"300\" src=\"https:\/\/startvita.pt\/site\/wp-content\/uploads\/2014\/08\/Morad_alum_1399-300x300.jpg?v=1768486656\" class=\"attachment-woocommerce_thumbnail size-woocommerce_thumbnail\" alt=\"Porta Security ONE - Com Alum\u00ednio\" srcset=\"https:\/\/startvita.pt\/site\/wp-content\/uploads\/2014\/08\/Morad_alum_1399-300x300.jpg?v=1768486656 300w, https:\/\/startvita.pt\/site\/wp-content\/uploads\/2014\/08\/Morad_alum_1399-150x150.jpg?v=1768486656 150w, https:\/\/startvita.pt\/site\/wp-content\/uploads\/2014\/08\/Morad_alum_1399-140x140.jpg?v=1768486656 140w, https:\/\/startvita.pt\/site\/wp-content\/uploads\/2014\/08\/Morad_alum_1399-370x370.jpg?v=1768486656 370w, https:\/\/startvita.pt\/site\/wp-content\/uploads\/2014\/08\/Morad_alum_1399-250x250.jpg?v=1768486656 250w, https:\/\/startvita.pt\/site\/wp-content\/uploads\/2014\/08\/Morad_alum_1399-100x100.jpg?v=1768486656 100w\" sizes=\"auto, (max-width: 300px) 100vw, 300px\" \/><\/a><\/div><div class=\"product-details-wrapper\">\r\n              <h2 class=\"woocommerce-loop-product__title\">\r\n                <a href=\"https:\/\/startvita.pt\/site\/loja\/porta-security-one-com-aluminio\/\">Porta Security ONE &#8211; Com Alum\u00ednio <\/a>\r\n              <\/h2>\n<a href=\"https:\/\/startvita.pt\/site\/loja\/porta-security-one-com-aluminio\/\"  data-quantity=\"1\" class=\"button product_type_composite add_to_cart_button\" data-product_id=\"5096\" data-product_sku=\"\" aria-label=\"Leia mais sobre &ldquo;Porta Security ONE - Com Alum\u00ednio&rdquo;\" rel=\"nofollow\">Ver op\u00e7\u00f5es<\/a><\/div><\/li>\r\n<li class=\"post-5409 product type-product status-publish has-post-thumbnail product_cat-novidades_portas product_cat-porta-blindada-moradia  instock shipping-taxable purchasable product-type-composite\" >\r\n\t<div class='product-image-wrapper'><a href=\"https:\/\/startvita.pt\/site\/loja\/porta-security-one-com-fenolico\/\"><img loading=\"lazy\" decoding=\"async\" width=\"300\" height=\"300\" src=\"https:\/\/startvita.pt\/site\/wp-content\/uploads\/2014\/08\/Morad_fenol_1399-300x300.jpg?v=1768486660\" class=\"attachment-woocommerce_thumbnail size-woocommerce_thumbnail\" alt=\"Porta Security ONE - Com Fen\u00f3lico\" srcset=\"https:\/\/startvita.pt\/site\/wp-content\/uploads\/2014\/08\/Morad_fenol_1399-300x300.jpg?v=1768486660 300w, https:\/\/startvita.pt\/site\/wp-content\/uploads\/2014\/08\/Morad_fenol_1399-150x150.jpg?v=1768486660 150w, https:\/\/startvita.pt\/site\/wp-content\/uploads\/2014\/08\/Morad_fenol_1399-140x140.jpg?v=1768486660 140w, https:\/\/startvita.pt\/site\/wp-content\/uploads\/2014\/08\/Morad_fenol_1399-370x370.jpg?v=1768486660 370w, https:\/\/startvita.pt\/site\/wp-content\/uploads\/2014\/08\/Morad_fenol_1399-250x250.jpg?v=1768486660 250w, https:\/\/startvita.pt\/site\/wp-content\/uploads\/2014\/08\/Morad_fenol_1399-100x100.jpg?v=1768486660 100w\" sizes=\"auto, (max-width: 300px) 100vw, 300px\" \/><\/a><\/div><div class=\"product-details-wrapper\">\r\n              <h2 class=\"woocommerce-loop-product__title\">\r\n                <a href=\"https:\/\/startvita.pt\/site\/loja\/porta-security-one-com-fenolico\/\">Porta Security ONE &#8211; Com Fen\u00f3lico <\/a>\r\n              <\/h2>\n<a href=\"https:\/\/startvita.pt\/site\/loja\/porta-security-one-com-fenolico\/\"  data-quantity=\"1\" class=\"button product_type_composite add_to_cart_button\" data-product_id=\"5409\" data-product_sku=\"\" aria-label=\"Leia mais sobre &ldquo;Porta Security ONE - Com Fen\u00f3lico&rdquo;\" rel=\"nofollow\">Ver op\u00e7\u00f5es<\/a><\/div><\/li>\r\n<\/ul>\n<\/div>[\/vc_column][\/vc_row]<\/p>\n","protected":false},"excerpt":{"rendered":"<p>[vc_row][vc_column][\/vc_column][\/vc_row][vc_row][vc_column][\/vc_column][\/vc_row]<\/p>\n","protected":false},"author":1,"featured_media":0,"parent":0,"menu_order":0,"comment_status":"closed","ping_status":"closed","template":"","meta":{"footnotes":""},"class_list":["post-3698","page","type-page","status-publish","hentry"],"yoast_head":"<!-- This site is optimized with the Yoast SEO Premium plugin v24.1 (Yoast SEO v27.4) - https:\/\/yoast.com\/product\/yoast-seo-premium-wordpress\/ -->\n<title>portasblindadasmor - Startvita<\/title>\n<meta name=\"robots\" content=\"index, follow, max-snippet:-1, max-image-preview:large, max-video-preview:-1\" \/>\n<link rel=\"canonical\" href=\"https:\/\/startvita.pt\/site\/portasblindadasmor\/\" \/>\n<meta property=\"og:locale\" content=\"pt_PT\" \/>\n<meta property=\"og:type\" content=\"article\" \/>\n<meta property=\"og:title\" content=\"portasblindadasmor\" \/>\n<meta property=\"og:description\" content=\"[vc_row][vc_column][\/vc_column][\/vc_row][vc_row][vc_column][\/vc_column][\/vc_row]\" \/>\n<meta property=\"og:url\" content=\"https:\/\/startvita.pt\/site\/portasblindadasmor\/\" \/>\n<meta property=\"og:site_name\" content=\"Startvita\" \/>\n<meta property=\"article:publisher\" content=\"https:\/\/www.facebook.com\/Startvita.Lda\" \/>\n<meta property=\"article:modified_time\" content=\"2026-01-15T14:37:59+00:00\" \/>\n<meta property=\"og:image\" content=\"https:\/\/startvita.pt\/site\/wp-content\/uploads\/2023\/02\/Logotipo_1-1.png?v=1675254647\" \/>\n\t<meta property=\"og:image:width\" content=\"3565\" \/>\n\t<meta property=\"og:image:height\" content=\"1639\" \/>\n\t<meta property=\"og:image:type\" content=\"image\/png\" \/>\n<meta name=\"twitter:card\" content=\"summary_large_image\" \/>\n<meta name=\"twitter:label1\" content=\"Tempo estimado de leitura\" \/>\n\t<meta name=\"twitter:data1\" content=\"1 minuto\" \/>\n<script type=\"application\/ld+json\" class=\"yoast-schema-graph\">{\"@context\":\"https:\\\/\\\/schema.org\",\"@graph\":[{\"@type\":\"WebPage\",\"@id\":\"https:\\\/\\\/startvita.pt\\\/site\\\/portasblindadasmor\\\/\",\"url\":\"https:\\\/\\\/startvita.pt\\\/site\\\/portasblindadasmor\\\/\",\"name\":\"portasblindadasmor - Startvita\",\"isPartOf\":{\"@id\":\"https:\\\/\\\/startvita.pt\\\/site\\\/#website\"},\"datePublished\":\"2021-09-16T11:05:49+00:00\",\"dateModified\":\"2026-01-15T14:37:59+00:00\",\"breadcrumb\":{\"@id\":\"https:\\\/\\\/startvita.pt\\\/site\\\/portasblindadasmor\\\/#breadcrumb\"},\"inLanguage\":\"pt-PT\",\"potentialAction\":[{\"@type\":\"ReadAction\",\"target\":[\"https:\\\/\\\/startvita.pt\\\/site\\\/portasblindadasmor\\\/\"]}]},{\"@type\":\"BreadcrumbList\",\"@id\":\"https:\\\/\\\/startvita.pt\\\/site\\\/portasblindadasmor\\\/#breadcrumb\",\"itemListElement\":[{\"@type\":\"ListItem\",\"position\":1,\"name\":\"In\u00edcio\",\"item\":\"https:\\\/\\\/startvita.pt\\\/site\\\/\"},{\"@type\":\"ListItem\",\"position\":2,\"name\":\"portasblindadasmor\"}]},{\"@type\":\"WebSite\",\"@id\":\"https:\\\/\\\/startvita.pt\\\/site\\\/#website\",\"url\":\"https:\\\/\\\/startvita.pt\\\/site\\\/\",\"name\":\"Startvita Portas Blindadas\",\"description\":\"Portas Blindadas\",\"publisher\":{\"@id\":\"https:\\\/\\\/startvita.pt\\\/site\\\/#organization\"},\"alternateName\":\"Startvita\",\"potentialAction\":[{\"@type\":\"SearchAction\",\"target\":{\"@type\":\"EntryPoint\",\"urlTemplate\":\"https:\\\/\\\/startvita.pt\\\/site\\\/?s={search_term_string}\"},\"query-input\":{\"@type\":\"PropertyValueSpecification\",\"valueRequired\":true,\"valueName\":\"search_term_string\"}}],\"inLanguage\":\"pt-PT\"},{\"@type\":\"Organization\",\"@id\":\"https:\\\/\\\/startvita.pt\\\/site\\\/#organization\",\"name\":\"Startvita Portas Blindadas\",\"alternateName\":\"Startvita, Lda.\",\"url\":\"https:\\\/\\\/startvita.pt\\\/site\\\/\",\"logo\":{\"@type\":\"ImageObject\",\"inLanguage\":\"pt-PT\",\"@id\":\"https:\\\/\\\/startvita.pt\\\/site\\\/#\\\/schema\\\/logo\\\/image\\\/\",\"url\":\"https:\\\/\\\/startvita.pt\\\/site\\\/wp-content\\\/uploads\\\/2014\\\/08\\\/Logo_seo.png\",\"contentUrl\":\"https:\\\/\\\/startvita.pt\\\/site\\\/wp-content\\\/uploads\\\/2014\\\/08\\\/Logo_seo.png\",\"width\":691,\"height\":691,\"caption\":\"Startvita Portas Blindadas\"},\"image\":{\"@id\":\"https:\\\/\\\/startvita.pt\\\/site\\\/#\\\/schema\\\/logo\\\/image\\\/\"},\"sameAs\":[\"https:\\\/\\\/www.facebook.com\\\/Startvita.Lda\",\"https:\\\/\\\/www.instagram.com\\\/startvita_portas\\\/\"],\"description\":\"Com\u00e9rcio e montagem de Portas Blindadas, Port\u00f5es Seccion\u00e1veis e Automatismos, Serralharia Port\u00f5es e Gradeamentos. Temos tamb\u00e9m Portas Corta-Fogo, Portas Multiuso, Portas de Interior, entre outros.\",\"email\":\"geral@startvita.pt\",\"telephone\":\"212216028\",\"legalName\":\"Startvita - Portas e Automatismos Unipessoal, Lda.\",\"foundingDate\":\"2006-02-07\",\"vatID\":\"507634322\",\"numberOfEmployees\":{\"@type\":\"QuantitativeValue\",\"minValue\":\"1\",\"maxValue\":\"10\"},\"publishingPrinciples\":\"https:\\\/\\\/startvita.pt\\\/site\\\/produtos-seguranca-startvita\\\/\"}]}<\/script>\n<!-- \/ Yoast SEO Premium plugin. -->","yoast_head_json":{"title":"portasblindadasmor - Startvita","robots":{"index":"index","follow":"follow","max-snippet":"max-snippet:-1","max-image-preview":"max-image-preview:large","max-video-preview":"max-video-preview:-1"},"canonical":"https:\/\/startvita.pt\/site\/portasblindadasmor\/","og_locale":"pt_PT","og_type":"article","og_title":"portasblindadasmor","og_description":"[vc_row][vc_column][\/vc_column][\/vc_row][vc_row][vc_column][\/vc_column][\/vc_row]","og_url":"https:\/\/startvita.pt\/site\/portasblindadasmor\/","og_site_name":"Startvita","article_publisher":"https:\/\/www.facebook.com\/Startvita.Lda","article_modified_time":"2026-01-15T14:37:59+00:00","og_image":[{"width":3565,"height":1639,"url":"https:\/\/startvita.pt\/site\/wp-content\/uploads\/2023\/02\/Logotipo_1-1.png?v=1675254647","type":"image\/png"}],"twitter_card":"summary_large_image","twitter_misc":{"Tempo estimado de leitura":"1 minuto"},"schema":{"@context":"https:\/\/schema.org","@graph":[{"@type":"WebPage","@id":"https:\/\/startvita.pt\/site\/portasblindadasmor\/","url":"https:\/\/startvita.pt\/site\/portasblindadasmor\/","name":"portasblindadasmor - Startvita","isPartOf":{"@id":"https:\/\/startvita.pt\/site\/#website"},"datePublished":"2021-09-16T11:05:49+00:00","dateModified":"2026-01-15T14:37:59+00:00","breadcrumb":{"@id":"https:\/\/startvita.pt\/site\/portasblindadasmor\/#breadcrumb"},"inLanguage":"pt-PT","potentialAction":[{"@type":"ReadAction","target":["https:\/\/startvita.pt\/site\/portasblindadasmor\/"]}]},{"@type":"BreadcrumbList","@id":"https:\/\/startvita.pt\/site\/portasblindadasmor\/#breadcrumb","itemListElement":[{"@type":"ListItem","position":1,"name":"In\u00edcio","item":"https:\/\/startvita.pt\/site\/"},{"@type":"ListItem","position":2,"name":"portasblindadasmor"}]},{"@type":"WebSite","@id":"https:\/\/startvita.pt\/site\/#website","url":"https:\/\/startvita.pt\/site\/","name":"Startvita Portas Blindadas","description":"Portas Blindadas","publisher":{"@id":"https:\/\/startvita.pt\/site\/#organization"},"alternateName":"Startvita","potentialAction":[{"@type":"SearchAction","target":{"@type":"EntryPoint","urlTemplate":"https:\/\/startvita.pt\/site\/?s={search_term_string}"},"query-input":{"@type":"PropertyValueSpecification","valueRequired":true,"valueName":"search_term_string"}}],"inLanguage":"pt-PT"},{"@type":"Organization","@id":"https:\/\/startvita.pt\/site\/#organization","name":"Startvita Portas Blindadas","alternateName":"Startvita, Lda.","url":"https:\/\/startvita.pt\/site\/","logo":{"@type":"ImageObject","inLanguage":"pt-PT","@id":"https:\/\/startvita.pt\/site\/#\/schema\/logo\/image\/","url":"https:\/\/startvita.pt\/site\/wp-content\/uploads\/2014\/08\/Logo_seo.png","contentUrl":"https:\/\/startvita.pt\/site\/wp-content\/uploads\/2014\/08\/Logo_seo.png","width":691,"height":691,"caption":"Startvita Portas Blindadas"},"image":{"@id":"https:\/\/startvita.pt\/site\/#\/schema\/logo\/image\/"},"sameAs":["https:\/\/www.facebook.com\/Startvita.Lda","https:\/\/www.instagram.com\/startvita_portas\/"],"description":"Com\u00e9rcio e montagem de Portas Blindadas, Port\u00f5es Seccion\u00e1veis e Automatismos, Serralharia Port\u00f5es e Gradeamentos. Temos tamb\u00e9m Portas Corta-Fogo, Portas Multiuso, Portas de Interior, entre outros.","email":"geral@startvita.pt","telephone":"212216028","legalName":"Startvita - Portas e Automatismos Unipessoal, Lda.","foundingDate":"2006-02-07","vatID":"507634322","numberOfEmployees":{"@type":"QuantitativeValue","minValue":"1","maxValue":"10"},"publishingPrinciples":"https:\/\/startvita.pt\/site\/produtos-seguranca-startvita\/"}]}},"_links":{"self":[{"href":"https:\/\/startvita.pt\/site\/wp-json\/wp\/v2\/pages\/3698","targetHints":{"allow":["GET"]}}],"collection":[{"href":"https:\/\/startvita.pt\/site\/wp-json\/wp\/v2\/pages"}],"about":[{"href":"https:\/\/startvita.pt\/site\/wp-json\/wp\/v2\/types\/page"}],"author":[{"embeddable":true,"href":"https:\/\/startvita.pt\/site\/wp-json\/wp\/v2\/users\/1"}],"replies":[{"embeddable":true,"href":"https:\/\/startvita.pt\/site\/wp-json\/wp\/v2\/comments?post=3698"}],"version-history":[{"count":9,"href":"https:\/\/startvita.pt\/site\/wp-json\/wp\/v2\/pages\/3698\/revisions"}],"predecessor-version":[{"id":9003,"href":"https:\/\/startvita.pt\/site\/wp-json\/wp\/v2\/pages\/3698\/revisions\/9003"}],"wp:attachment":[{"href":"https:\/\/startvita.pt\/site\/wp-json\/wp\/v2\/media?parent=3698"}],"curies":[{"name":"wp","href":"https:\/\/api.w.org\/{rel}","templated":true}]}}