{"id":3644,"date":"2021-09-15T14:52:10","date_gmt":"2021-09-15T14:52:10","guid":{"rendered":"https:\/\/startvita.pt\/site\/?page_id=3644"},"modified":"2021-09-15T15:10:14","modified_gmt":"2021-09-15T15:10:14","slug":"termos","status":"publish","type":"page","link":"https:\/\/startvita.pt\/site\/termos\/","title":{"rendered":"Termos"},"content":{"rendered":"<p>[vc_row][vc_column]\r\n\r\r\n\r\r\n<div class=\"doors_empty_space\" data-heightmobile=\"10px\" data-heighttablet=\"40\" data-heightdesktop=\"130px\">\r\r\n\r\r\n<\/div>\r\r\n      \r\r\n\r\r\n\r\r\n\r\r\n        \r\r\n      \r\r\n    \r\n\r\r\n\r\r\n<div class=\"doors_empty_space\" data-heightmobile=\"10px\" data-heighttablet=\"40\" data-heightdesktop=\"130px\">\r\r\n\r\r\n<\/div>\r\r\n      \r\r\n\r\r\n\r\r\n\r\r\n        \r\r\n      \r\r\n    \t\t<div class=\"wd-heading  s-behind-t behind-about text-center\" >\r\n\t\t\t\r\n      \r\n      <h2 style=\"margin:0;\" >\r\n\t\t\t\t\tTermos de Utiliza\u00e7\u00e3o\t\t\t\t<\/h2>\r\n\r\n        <div style='margin-top: 10px;'><\/div>      \r\n              <h4 style=\"\" >\r\n\t\t\t\t\tConte\u00fados e Propriedade Intelectual\t\t\t\t<\/h4>\r\n      \r\n      \r\n    \t\t<\/div>\r\n\r\n\t\t[vc_column_text]Conte\u00fados \u00e9 toda a informa\u00e7\u00e3o constante no website da Startvita, incluindo marcas, desenhos, log\u00f3tipos, textos, imagens, fotografias, ilustra\u00e7\u00f5es, material de \u00e1udio ou v\u00eddeo, webdesign e software.<\/p>\n<p>Os direitos de propriedade intelectual de todos os conte\u00fados do website da Startvita s\u00e3o perten\u00e7a da Startvita \u2013 Portas e Automatismos Unipessoal, Lda. e est\u00e3o protegidos nos termos gerais do direito e pela legisla\u00e7\u00e3o nacional e internacional de protec\u00e7\u00e3o da propriedade intelectual, dos direitos de autor e pela lei da criminalidade inform\u00e1tica.<\/p>\n<p>\u00c9 expressamente proibida toda e qualquer c\u00f3pia, reprodu\u00e7\u00e3o, altera\u00e7\u00e3o, exibi\u00e7\u00e3o, difus\u00e3o, distribui\u00e7\u00e3o, transmiss\u00e3o ou utiliza\u00e7\u00e3o dos conte\u00fados deste website, de qualquer forma ou com qualquer intuito, sem a pr\u00e9via autoriza\u00e7\u00e3o expressa da Startvita \u2013 Portas e Automatismos Unipessoal, Lda.<\/p>\n<p>A Startvita reserva-se o direito de proceder judicialmente contra os autores de toda e qualquer c\u00f3pia, difus\u00e3o, reprodu\u00e7\u00e3o e explora\u00e7\u00e3o comercial n\u00e3o autorizadas ou qualquer outra utiliza\u00e7\u00e3o indevida do conte\u00fado do website, isentando-se de qualquer responsabilidade por uso indevido do website por terceiros.[\/vc_column_text]\t\t<div class=\"wd-heading  s-behind-t behind-about text-center\" >\r\n\t\t\t\r\n      \r\n      <h2 style=\"margin:0;\" >\r\n\t\t\t\t\t\t\t\t\t<\/h2>\r\n\r\n        <div style='margin-top: 10px;'><\/div>      \r\n              <h4 style=\"\" >\r\n\t\t\t\t\tSeguran\u00e7a\t\t\t\t<\/h4>\r\n      \r\n      \r\n    \t\t<\/div>\r\n\r\n\t\t[vc_column_text]Os utilizadores do website da Startvita declaram conhecer na perfei\u00e7\u00e3o as caracter\u00edsticas e os constrangimentos, limita\u00e7\u00f5es e defeitos da Internet, nomeadamente que as transmiss\u00f5es de dados e de informa\u00e7\u00f5es via Web beneficiam apenas de uma fiabilidade t\u00e9cnica relativa. E esses condicionalismos podem perturbar ou inviabilizar o acesso em determinados per\u00edodos.<\/p>\n<p>Neste contexto, os utilizadores reconhecem e aceitam correr os riscos inerentes, que qualquer website est\u00e1 sujeito a intromiss\u00f5es de terceiros n\u00e3o autorizados e pode ficar interrompido, bem como que as informa\u00e7\u00f5es que circulam na Internet n\u00e3o est\u00e3o protegidas contra eventuais v\u00edrus e que qualquer pessoa \u00e9 suscet\u00edvel de criar uma liga\u00e7\u00e3o com acesso ao website ou a elementos nele contidos.<\/p>\n<p>A Startvita e os seus respons\u00e1veis ou funcion\u00e1rios n\u00e3o poder\u00e3o, em caso algum, ser responsabilizados por danos acidentais ou volunt\u00e1rios sofridos pelos utilizadores e provocados ou n\u00e3o por terceiros, no \u00e2mbito da utiliza\u00e7\u00e3o dos servi\u00e7os fornecidos neste website ou noutros locais na Web a que tenham tido acesso atrav\u00e9s dele.<\/p>\n<p>A Startvita e os seus respons\u00e1veis ou funcion\u00e1rios n\u00e3o poder\u00e3o, em caso algum, ser responsabilizados por danos que possam ser causados pela utiliza\u00e7\u00e3o do servi\u00e7o, incluindo a contamina\u00e7\u00e3o de v\u00edrus. Os utilizadores, ao acederem a este website, aceitam correr os riscos inerentes \u00e0 sua actividade como cibernautas, incluindo o risco de eventual transfer\u00eancia de dados em aberto.[\/vc_column_text]\t\t<div class=\"wd-heading  s-behind-t behind-about text-center\" >\r\n\t\t\t\r\n      \r\n      <h2 style=\"margin:0;\" >\r\n\t\t\t\t\t\t\t\t\t<\/h2>\r\n\r\n        <div style='margin-top: 10px;'><\/div>      \r\n              <h4 style=\"\" >\r\n\t\t\t\t\tResponsabilidade\t\t\t\t<\/h4>\r\n      \r\n      \r\n    \t\t<\/div>\r\n\r\n\t\t[vc_column_text]A Startvita reserva-se o direito de realizar altera\u00e7\u00f5es e correc\u00e7\u00f5es, suspender, interromper ou encerrar o website quando o considerar apropriado, sem necessidade de pr\u00e9-aviso e pelo per\u00edodo que julgar necess\u00e1rio, por raz\u00f5es de ordem t\u00e9cnica, administrativa, de for\u00e7a maior ou outra, n\u00e3o podendo ser responsabilizada por esse facto.<\/p>\n<p>A Startvita e os seus respons\u00e1veis e funcion\u00e1rios n\u00e3o se responsabilizam pelas hiperliga\u00e7\u00f5es existentes na sua p\u00e1gina web para websites de terceiros. Tais hiperliga\u00e7\u00f5es s\u00e3o fornecidas apenas para conveni\u00eancia e acessibilidade do utilizador, n\u00e3o sendo a Startvita e os seus respons\u00e1veis e funcion\u00e1rios respons\u00e1veis pelo conte\u00fado dos websites de terceiros, sendo o seu acesso e visita da inteira responsabilidade dos utilizadores.<\/p>\n<p>A Startvita pode actualizar os termos de utiliza\u00e7\u00e3o e a pol\u00edtica de privacidade, acompanhando as altera\u00e7\u00f5es que decorrem do desenvolvimento e dos avan\u00e7os tecnol\u00f3gicos da Internet, assim como as altera\u00e7\u00f5es legislativas na \u00e1rea. \u00c9 expressamente proibida a utiliza\u00e7\u00e3o do website para fins ilegais ou quaisquer outros que possam ser considerados prejudiciais \u00e0 imagem da Startvita.<\/p>\n<p>O utilizador deste website concorda em defender, indemnizar e isentar de qualquer responsabilidade a Startvita e os seus respons\u00e1veis e funcion\u00e1rios de qualquer reivindica\u00e7\u00e3o ou demanda apresentada por terceiros, assim como das suas obriga\u00e7\u00f5es, danos, custos e despesas associados, decorrentes ou relacionados com a utiliza\u00e7\u00e3o deste website por parte do utilizador, viola\u00e7\u00e3o pelo utilizador de quaisquer direitos de terceiros ou viola\u00e7\u00e3o por parte do utilizador dos Termos de Utiliza\u00e7\u00e3o.<\/p>\n<h6><\/h6>\n<p>[\/vc_column_text]\t\t<div class=\"wd-heading  s-behind-t behind-about text-center\" >\r\n\t\t\t\r\n      \r\n      <h2 style=\"margin:0;\" >\r\n\t\t\t\t\t\t\t\t\t<\/h2>\r\n\r\n        <div style='margin-top: 10px;'><\/div>      \r\n              <h4 style=\"\" >\r\n\t\t\t\t\tJurisdi\u00e7\u00e3o\t\t\t\t<\/h4>\r\n      \r\n      \r\n    \t\t<\/div>\r\n\r\n\t\t[vc_column_text]Os Termos de Utiliza\u00e7\u00e3o s\u00e3o redigidos e interpretados segundo a lei portuguesa. O utilizador aceita a jurisdi\u00e7\u00e3o dos tribunais portugueses para dirimir qualquer conflito decorrente ou relacionado com os Termos e Condi\u00e7\u00f5es ou com a utiliza\u00e7\u00e3o deste website.<\/p>\n<h6><\/h6>\n<p>[\/vc_column_text][\/vc_column][vc_column][\/vc_column][\/vc_row]<\/p>\n","protected":false},"excerpt":{"rendered":"<p>[vc_row][vc_column][vc_column_text]Conte\u00fados \u00e9 toda a informa\u00e7\u00e3o constante no website da Startvita, incluindo marcas, desenhos, log\u00f3tipos, textos, imagens, fotografias, ilustra\u00e7\u00f5es, material de \u00e1udio ou v\u00eddeo, webdesign e software. Os direitos de propriedade intelectual de todos os conte\u00fados do website da Startvita s\u00e3o perten\u00e7a da Startvita \u2013 Portas e Automatismos Unipessoal, Lda. e est\u00e3o protegidos nos termos gerais [&hellip;]<\/p>\n","protected":false},"author":1,"featured_media":0,"parent":0,"menu_order":0,"comment_status":"closed","ping_status":"closed","template":"","meta":{"footnotes":""},"class_list":["post-3644","page","type-page","status-publish","hentry"],"yoast_head":"<!-- This site is optimized with the Yoast SEO Premium plugin v24.1 (Yoast SEO v27.4) - https:\/\/yoast.com\/product\/yoast-seo-premium-wordpress\/ -->\n<title>Termos - Startvita<\/title>\n<meta name=\"robots\" content=\"index, follow, max-snippet:-1, max-image-preview:large, max-video-preview:-1\" \/>\n<link rel=\"canonical\" href=\"https:\/\/startvita.pt\/site\/termos\/\" \/>\n<meta property=\"og:locale\" content=\"pt_PT\" \/>\n<meta property=\"og:type\" content=\"article\" \/>\n<meta property=\"og:title\" content=\"Termos\" \/>\n<meta property=\"og:description\" content=\"[vc_row][vc_column][vc_column_text]Conte\u00fados \u00e9 toda a informa\u00e7\u00e3o constante no website da Startvita, incluindo marcas, desenhos, log\u00f3tipos, textos, imagens, fotografias, ilustra\u00e7\u00f5es, material de \u00e1udio ou v\u00eddeo, webdesign e software. Os direitos de propriedade intelectual de todos os conte\u00fados do website da Startvita s\u00e3o perten\u00e7a da Startvita \u2013 Portas e Automatismos Unipessoal, Lda. e est\u00e3o protegidos nos termos gerais [&hellip;]\" \/>\n<meta property=\"og:url\" content=\"https:\/\/startvita.pt\/site\/termos\/\" \/>\n<meta property=\"og:site_name\" content=\"Startvita\" \/>\n<meta property=\"article:publisher\" content=\"https:\/\/www.facebook.com\/Startvita.Lda\" \/>\n<meta property=\"article:modified_time\" content=\"2021-09-15T15:10:14+00:00\" \/>\n<meta property=\"og:image\" content=\"https:\/\/startvita.pt\/site\/wp-content\/uploads\/2023\/02\/Logotipo_1-1.png?v=1675254647\" \/>\n\t<meta property=\"og:image:width\" content=\"3565\" \/>\n\t<meta property=\"og:image:height\" content=\"1639\" \/>\n\t<meta property=\"og:image:type\" content=\"image\/png\" \/>\n<meta name=\"twitter:card\" content=\"summary_large_image\" \/>\n<meta name=\"twitter:label1\" content=\"Tempo estimado de leitura\" \/>\n\t<meta name=\"twitter:data1\" content=\"4 minutos\" \/>\n<script type=\"application\/ld+json\" class=\"yoast-schema-graph\">{\"@context\":\"https:\\\/\\\/schema.org\",\"@graph\":[{\"@type\":\"WebPage\",\"@id\":\"https:\\\/\\\/startvita.pt\\\/site\\\/termos\\\/\",\"url\":\"https:\\\/\\\/startvita.pt\\\/site\\\/termos\\\/\",\"name\":\"Termos - Startvita\",\"isPartOf\":{\"@id\":\"https:\\\/\\\/startvita.pt\\\/site\\\/#website\"},\"datePublished\":\"2021-09-15T14:52:10+00:00\",\"dateModified\":\"2021-09-15T15:10:14+00:00\",\"breadcrumb\":{\"@id\":\"https:\\\/\\\/startvita.pt\\\/site\\\/termos\\\/#breadcrumb\"},\"inLanguage\":\"pt-PT\",\"potentialAction\":[{\"@type\":\"ReadAction\",\"target\":[\"https:\\\/\\\/startvita.pt\\\/site\\\/termos\\\/\"]}]},{\"@type\":\"BreadcrumbList\",\"@id\":\"https:\\\/\\\/startvita.pt\\\/site\\\/termos\\\/#breadcrumb\",\"itemListElement\":[{\"@type\":\"ListItem\",\"position\":1,\"name\":\"In\u00edcio\",\"item\":\"https:\\\/\\\/startvita.pt\\\/site\\\/\"},{\"@type\":\"ListItem\",\"position\":2,\"name\":\"Termos\"}]},{\"@type\":\"WebSite\",\"@id\":\"https:\\\/\\\/startvita.pt\\\/site\\\/#website\",\"url\":\"https:\\\/\\\/startvita.pt\\\/site\\\/\",\"name\":\"Startvita Portas Blindadas\",\"description\":\"Portas Blindadas\",\"publisher\":{\"@id\":\"https:\\\/\\\/startvita.pt\\\/site\\\/#organization\"},\"alternateName\":\"Startvita\",\"potentialAction\":[{\"@type\":\"SearchAction\",\"target\":{\"@type\":\"EntryPoint\",\"urlTemplate\":\"https:\\\/\\\/startvita.pt\\\/site\\\/?s={search_term_string}\"},\"query-input\":{\"@type\":\"PropertyValueSpecification\",\"valueRequired\":true,\"valueName\":\"search_term_string\"}}],\"inLanguage\":\"pt-PT\"},{\"@type\":\"Organization\",\"@id\":\"https:\\\/\\\/startvita.pt\\\/site\\\/#organization\",\"name\":\"Startvita Portas Blindadas\",\"alternateName\":\"Startvita, Lda.\",\"url\":\"https:\\\/\\\/startvita.pt\\\/site\\\/\",\"logo\":{\"@type\":\"ImageObject\",\"inLanguage\":\"pt-PT\",\"@id\":\"https:\\\/\\\/startvita.pt\\\/site\\\/#\\\/schema\\\/logo\\\/image\\\/\",\"url\":\"https:\\\/\\\/startvita.pt\\\/site\\\/wp-content\\\/uploads\\\/2014\\\/08\\\/Logo_seo.png\",\"contentUrl\":\"https:\\\/\\\/startvita.pt\\\/site\\\/wp-content\\\/uploads\\\/2014\\\/08\\\/Logo_seo.png\",\"width\":691,\"height\":691,\"caption\":\"Startvita Portas Blindadas\"},\"image\":{\"@id\":\"https:\\\/\\\/startvita.pt\\\/site\\\/#\\\/schema\\\/logo\\\/image\\\/\"},\"sameAs\":[\"https:\\\/\\\/www.facebook.com\\\/Startvita.Lda\",\"https:\\\/\\\/www.instagram.com\\\/startvita_portas\\\/\"],\"description\":\"Com\u00e9rcio e montagem de Portas Blindadas, Port\u00f5es Seccion\u00e1veis e Automatismos, Serralharia Port\u00f5es e Gradeamentos. Temos tamb\u00e9m Portas Corta-Fogo, Portas Multiuso, Portas de Interior, entre outros.\",\"email\":\"geral@startvita.pt\",\"telephone\":\"212216028\",\"legalName\":\"Startvita - Portas e Automatismos Unipessoal, Lda.\",\"foundingDate\":\"2006-02-07\",\"vatID\":\"507634322\",\"numberOfEmployees\":{\"@type\":\"QuantitativeValue\",\"minValue\":\"1\",\"maxValue\":\"10\"},\"publishingPrinciples\":\"https:\\\/\\\/startvita.pt\\\/site\\\/produtos-seguranca-startvita\\\/\"}]}<\/script>\n<!-- \/ Yoast SEO Premium plugin. -->","yoast_head_json":{"title":"Termos - Startvita","robots":{"index":"index","follow":"follow","max-snippet":"max-snippet:-1","max-image-preview":"max-image-preview:large","max-video-preview":"max-video-preview:-1"},"canonical":"https:\/\/startvita.pt\/site\/termos\/","og_locale":"pt_PT","og_type":"article","og_title":"Termos","og_description":"[vc_row][vc_column][vc_column_text]Conte\u00fados \u00e9 toda a informa\u00e7\u00e3o constante no website da Startvita, incluindo marcas, desenhos, log\u00f3tipos, textos, imagens, fotografias, ilustra\u00e7\u00f5es, material de \u00e1udio ou v\u00eddeo, webdesign e software. Os direitos de propriedade intelectual de todos os conte\u00fados do website da Startvita s\u00e3o perten\u00e7a da Startvita \u2013 Portas e Automatismos Unipessoal, Lda. e est\u00e3o protegidos nos termos gerais [&hellip;]","og_url":"https:\/\/startvita.pt\/site\/termos\/","og_site_name":"Startvita","article_publisher":"https:\/\/www.facebook.com\/Startvita.Lda","article_modified_time":"2021-09-15T15:10:14+00:00","og_image":[{"width":3565,"height":1639,"url":"https:\/\/startvita.pt\/site\/wp-content\/uploads\/2023\/02\/Logotipo_1-1.png?v=1675254647","type":"image\/png"}],"twitter_card":"summary_large_image","twitter_misc":{"Tempo estimado de leitura":"4 minutos"},"schema":{"@context":"https:\/\/schema.org","@graph":[{"@type":"WebPage","@id":"https:\/\/startvita.pt\/site\/termos\/","url":"https:\/\/startvita.pt\/site\/termos\/","name":"Termos - Startvita","isPartOf":{"@id":"https:\/\/startvita.pt\/site\/#website"},"datePublished":"2021-09-15T14:52:10+00:00","dateModified":"2021-09-15T15:10:14+00:00","breadcrumb":{"@id":"https:\/\/startvita.pt\/site\/termos\/#breadcrumb"},"inLanguage":"pt-PT","potentialAction":[{"@type":"ReadAction","target":["https:\/\/startvita.pt\/site\/termos\/"]}]},{"@type":"BreadcrumbList","@id":"https:\/\/startvita.pt\/site\/termos\/#breadcrumb","itemListElement":[{"@type":"ListItem","position":1,"name":"In\u00edcio","item":"https:\/\/startvita.pt\/site\/"},{"@type":"ListItem","position":2,"name":"Termos"}]},{"@type":"WebSite","@id":"https:\/\/startvita.pt\/site\/#website","url":"https:\/\/startvita.pt\/site\/","name":"Startvita Portas Blindadas","description":"Portas Blindadas","publisher":{"@id":"https:\/\/startvita.pt\/site\/#organization"},"alternateName":"Startvita","potentialAction":[{"@type":"SearchAction","target":{"@type":"EntryPoint","urlTemplate":"https:\/\/startvita.pt\/site\/?s={search_term_string}"},"query-input":{"@type":"PropertyValueSpecification","valueRequired":true,"valueName":"search_term_string"}}],"inLanguage":"pt-PT"},{"@type":"Organization","@id":"https:\/\/startvita.pt\/site\/#organization","name":"Startvita Portas Blindadas","alternateName":"Startvita, Lda.","url":"https:\/\/startvita.pt\/site\/","logo":{"@type":"ImageObject","inLanguage":"pt-PT","@id":"https:\/\/startvita.pt\/site\/#\/schema\/logo\/image\/","url":"https:\/\/startvita.pt\/site\/wp-content\/uploads\/2014\/08\/Logo_seo.png","contentUrl":"https:\/\/startvita.pt\/site\/wp-content\/uploads\/2014\/08\/Logo_seo.png","width":691,"height":691,"caption":"Startvita Portas Blindadas"},"image":{"@id":"https:\/\/startvita.pt\/site\/#\/schema\/logo\/image\/"},"sameAs":["https:\/\/www.facebook.com\/Startvita.Lda","https:\/\/www.instagram.com\/startvita_portas\/"],"description":"Com\u00e9rcio e montagem de Portas Blindadas, Port\u00f5es Seccion\u00e1veis e Automatismos, Serralharia Port\u00f5es e Gradeamentos. Temos tamb\u00e9m Portas Corta-Fogo, Portas Multiuso, Portas de Interior, entre outros.","email":"geral@startvita.pt","telephone":"212216028","legalName":"Startvita - Portas e Automatismos Unipessoal, Lda.","foundingDate":"2006-02-07","vatID":"507634322","numberOfEmployees":{"@type":"QuantitativeValue","minValue":"1","maxValue":"10"},"publishingPrinciples":"https:\/\/startvita.pt\/site\/produtos-seguranca-startvita\/"}]}},"_links":{"self":[{"href":"https:\/\/startvita.pt\/site\/wp-json\/wp\/v2\/pages\/3644","targetHints":{"allow":["GET"]}}],"collection":[{"href":"https:\/\/startvita.pt\/site\/wp-json\/wp\/v2\/pages"}],"about":[{"href":"https:\/\/startvita.pt\/site\/wp-json\/wp\/v2\/types\/page"}],"author":[{"embeddable":true,"href":"https:\/\/startvita.pt\/site\/wp-json\/wp\/v2\/users\/1"}],"replies":[{"embeddable":true,"href":"https:\/\/startvita.pt\/site\/wp-json\/wp\/v2\/comments?post=3644"}],"version-history":[{"count":5,"href":"https:\/\/startvita.pt\/site\/wp-json\/wp\/v2\/pages\/3644\/revisions"}],"predecessor-version":[{"id":3649,"href":"https:\/\/startvita.pt\/site\/wp-json\/wp\/v2\/pages\/3644\/revisions\/3649"}],"wp:attachment":[{"href":"https:\/\/startvita.pt\/site\/wp-json\/wp\/v2\/media?parent=3644"}],"curies":[{"name":"wp","href":"https:\/\/api.w.org\/{rel}","templated":true}]}}