{"id":3499,"date":"2021-09-13T14:28:32","date_gmt":"2021-09-13T14:28:32","guid":{"rendered":"https:\/\/startvita.pt\/site\/?page_id=3499"},"modified":"2024-11-15T10:36:53","modified_gmt":"2024-11-15T10:36:53","slug":"portas-blindadas","status":"publish","type":"page","link":"https:\/\/startvita.pt\/site\/portas-blindadas\/","title":{"rendered":"Empresa Portas Blindadas"},"content":{"rendered":"<p>[vc_row][vc_column]\r\n\r\r\n\r\r\n<div class=\"doors_empty_space\" data-heightmobile=\"130px\" data-heighttablet=\"130px\" data-heightdesktop=\"130px\">\r\r\n\r\r\n<\/div>\r\r\n      \r\r\n\r\r\n\r\r\n\r\r\n        \r\r\n      \r\r\n    \r\n\r\r\n\r\r\n<div class=\"doors_empty_space\" data-heightmobile=\"10\" data-heighttablet=\"40\" data-heightdesktop=\"60\">\r\r\n\r\r\n<\/div>\r\r\n      \r\r\n\r\r\n\r\r\n\r\r\n        \r\r\n      \r\r\n    \t\t<div class=\"wd-heading   text-center\" >\r\n\t\t\t\r\n      \r\n      <h1 style=\"margin:0;\" >\r\n\t\t\t\t\tSTARTVITA\t\t\t\t<\/h1>\r\n\r\n        <div style='margin-top: 10px;'><\/div>      \r\n              <h2 style=\"\" >\r\n\t\t\t\t\tPortas e Automatismos Unipessoal, Lda.\t\t\t\t<\/h2>\r\n      \r\n      \r\n    \t\t<\/div>\r\n\r\n\t\t[\/vc_column][\/vc_row][vc_row][vc_column width=&#8221;1\/2&#8243;]\r\n\r\r\n\r\r\n<div class=\"doors_empty_space\" data-heightmobile=\"10\" data-heighttablet=\"40\" data-heightdesktop=\"60\">\r\r\n\r\r\n<\/div>\r\r\n      \r\r\n\r\r\n\r\r\n\r\r\n        \r\r\n      \r\r\n    [vc_single_image image=&#8221;4327&#8243; img_size=&#8221;570&#215;370&#8243;][vc_single_image image=&#8221;8725&#8243;]\r\n\r\r\n\r\r\n<div class=\"doors_empty_space\" data-heightmobile=\"10\" data-heighttablet=\"40\" data-heightdesktop=\"60\">\r\r\n\r\r\n<\/div>\r\r\n      \r\r\n\r\r\n\r\r\n\r\r\n        \r\r\n      \r\r\n    [\/vc_column][vc_column width=&#8221;1\/2&#8243;]\r\n\r\r\n\r\r\n<div class=\"doors_empty_space\" data-heightmobile=\"10\" data-heighttablet=\"40\" data-heightdesktop=\"60\">\r\r\n\r\r\n<\/div>\r\r\n      \r\r\n\r\r\n\r\r\n\r\r\n        \r\r\n      \r\r\n    \t\t<div class=\"wd-heading  s-behind-t behind-about text-left\" >\r\n\t\t\t\r\n      \r\n      <h2 style=\"margin:0;\" >\r\n\t\t\t\t\tA Empresa\t\t\t\t<\/h2>\r\n\r\n        <div style='margin-top: 10px;'><\/div>      \r\n              <h3 style=\"\" >\r\n\t\t\t\t\tA nossa hist\u00f3ria\t\t\t\t<\/h3>\r\n      \r\n      \r\n    \t\t<\/div>\r\n\r\n\t\t[vc_column_text]<\/p>\n<h2>Inicio<\/h2>\n<p>A Startvita iniciou atividade em 2006 com o foco de contribuir para a Seguran\u00e7a das fam\u00edlias e lares de todos os residentes em Portugal.<\/p>\n<h4>Localiza\u00e7\u00e3o<\/h4>\n<p>Desde ent\u00e3o, temos vindo a progredir e porque estamos sedeados em Quinta do Anjo, alcan\u00e7amos uma vasta \u00e1rea, bem como Margem Sul e Grande Lisboa.<\/p>\n<h4>Atividade<\/h4>\n<p>Primeiramente focamos na comercializa\u00e7\u00e3o de v\u00e1rios produtos de seguran\u00e7a, tais como Portas Blindadas, Port\u00f5es, Automatismos, entre outros.<br \/>\nAl\u00e9m da comercializa\u00e7\u00e3o tamb\u00e9m realizamos a montagem e assist\u00eancia t\u00e9cnica destes produtos de Alta Seguran\u00e7a para dar mais seguran\u00e7a aos nossos clientes.<br \/>\nContudo alguns produtos tais como as Portas Corta-Fogo, Portas Multiuso e mais alguns produtos, n\u00e3o se realiza a montagem somente o fornecimento.<br \/>\nAl\u00e9m disso, em 2024 iniciamos tamb\u00e9m trabalhos de serralharia tais como port\u00f5es, portas met\u00e1licas e gradeamentos met\u00e1licos, por medida e personalizados.<br \/>\nColocamos em primeiro lugar todos as necessidades dos nossos cliente e como resultado, estamos a progredir mediante qualquer obst\u00e1culo que enfrentamos.<br \/>\nDesde j\u00e1 disponibilizamos de uma equipa de t\u00e9cnicos qualificados e dinamicamente especializados assim ir\u00e1 de concretizar todos os trabalhos solicitados.<br \/>\nApostamos acima de tudo na Qualidade, Seguran\u00e7a e Assist\u00eancia, que s\u00e3o valores importantes e fundamentais para uma ben\u00e9fica liga\u00e7\u00e3o com todos os nossos clientes.[\/vc_column_text][\/vc_column][vc_column][vc_row_inner][vc_column_inner width=&#8221;1\/2&#8243;]\t\t<div class=\"wd-heading   text-center\" >\r\n\t\t\t\r\n      \r\n      <h2 style=\"margin:0;\" >\r\n\t\t\t\t\tCertificado IMPIC\t\t\t\t<\/h2>\r\n\r\n        <div style='margin-top: 10px;'><\/div>      \r\n              <h3 style=\"\" >\r\n\t\t\t\t\tLicen\u00e7a de atividade\t\t\t\t<\/h3>\r\n      \r\n      \r\n    \t\t<\/div>\r\n\r\n\t\t[vc_column_text]A Startvita \u00e9 uma empresa certificada pela IMPIC (Instituto dos Mercados P\u00fablicos, do Imobili\u00e1rio e da Constru\u00e7\u00e3o) Alvar\u00e1 de Constru\u00e7\u00e3o \u2013 Decreto-lei n.\u00ba 12\/2004, de 9 Janeiro,<br \/>\nPorque com esta certifica\u00e7\u00e3o habilita a Startvita para a montagem de todos os nossos produtos a n\u00edvel de constru\u00e7\u00e3o, como resultado.<br \/>\nDesta forma trazemos para si um trabalho mais competente e satisfat\u00f3rio.<br \/>\nAl\u00e9m disso a Startvita &#8211; Portas e Automatismos Unipessoal, Lda., \u00e9 uma marca registada que possui um logotipo pr\u00f3prio registado.[\/vc_column_text][\/vc_column_inner][vc_column_inner width=&#8221;1\/2&#8243;]\r\n\r\r\n\r\r\n<div class=\"doors_empty_space\" data-heightmobile=\"10\" data-heighttablet=\"40\" data-heightdesktop=\"60\">\r\r\n\r\r\n<\/div>\r\r\n      \r\r\n\r\r\n\r\r\n\r\r\n        \r\r\n      \r\r\n    [vc_single_image image=&#8221;4314&#8243; title=&#8221;Impic&#8221;][\/vc_column_inner][\/vc_row_inner][\/vc_column][\/vc_row][vc_row][vc_column width=&#8221;1\/2&#8243;]\r\n\r\r\n\r\r\n<div class=\"doors_empty_space\" data-heightmobile=\"10\" data-heighttablet=\"40\" data-heightdesktop=\"60\">\r\r\n\r\r\n<\/div>\r\r\n      \r\r\n\r\r\n\r\r\n\r\r\n        \r\r\n      \r\r\n    \t\t<div class=\"wd-heading  s-behind-t behind-about text-left\" >\r\n\t\t\t\r\n      \r\n      <h2 style=\"margin:0;\" >\r\n\t\t\t\t\tA Equipa\t\t\t\t<\/h2>\r\n\r\n        <div style='margin-top: 10px;'><\/div>      \r\n              <h3 style=\"\" >\r\n\t\t\t\t\tEquipa\t\t\t\t<\/h3>\r\n      \r\n      \r\n    \t\t<\/div>\r\n\r\n\t\t\r\n\r\r\n\r\r\n<div class=\"doors_empty_space\" data-heightmobile=\"10\" data-heighttablet=\"40\" data-heightdesktop=\"60\">\r\r\n\r\r\n<\/div>\r\r\n      \r\r\n\r\r\n\r\r\n\r\r\n        \r\r\n      \r\r\n    [vc_column_text el_id=&#8221;Tecnicos Portas Blindadas&#8221;]A Startvita desde j\u00e1 \u00e9 composta por profissionais altamente qualificados e din\u00e2micos, e, est\u00e3o devidamente identificados.<br \/>\nS\u00e3o colaboradores multidisciplinares, com perfis diferenciados e que aliam um profundo conhecimento nas v\u00e1rias tarefas propostas.<br \/>\nNo entanto a nossa equipa est\u00e1 em constante crescimento e progride mediante todos os obst\u00e1culos enfrentados,[\/vc_column_text][\/vc_column][vc_column width=&#8221;1\/2&#8243;]\r\n\r\r\n\r\r\n<div class=\"doors_empty_space\" data-heightmobile=\"10\" data-heighttablet=\"40\" data-heightdesktop=\"60\">\r\r\n\r\r\n<\/div>\r\r\n      \r\r\n\r\r\n\r\r\n\r\r\n        \r\r\n      \r\r\n    [vc_single_image image=&#8221;4316&#8243; img_size=&#8221;570&#215;370&#8243; alignment=&#8221;center&#8221;]\r\n\r\r\n\r\r\n<div class=\"doors_empty_space\" data-heightmobile=\"10\" data-heighttablet=\"40\" data-heightdesktop=\"60\">\r\r\n\r\r\n<\/div>\r\r\n      \r\r\n\r\r\n\r\r\n\r\r\n        \r\r\n      \r\r\n    [\/vc_column][\/vc_row][vc_row][vc_column]\t\t<div class=\"wd-heading  s-behind-t behind-about text-center\" >\r\n\t\t\t\r\n      \r\n      <h2 style=\"margin:0;\" >\r\n\t\t\t\t\tAs Nossas Marcas\t\t\t\t<\/h2>\r\n\r\n        <div style='margin-top: 10px;'><\/div>      \r\n              <h3 style=\"\" >\r\n\t\t\t\t\tmarcas\t\t\t\t<\/h3>\r\n      \r\n      \r\n    \t\t<\/div>\r\n\r\n\t\t\r\n  <div class=\"carousel_client\">\r\r\n\r\n\r\n<div class=\"wd-item\">\r\r\n\t\r\r\n\t\t\r\r\n\t\t\r\n\t\t<img decoding=\"async\"  class=\"prettyphoto\" src=\"https:\/\/startvita.pt\/site\/wp-content\/uploads\/2022\/01\/logotipo_roger.png\" alt=\"\">\r\r\n\r\r\n\t\r\r\n<\/div>\r\r\n\r\n\r\n<div class=\"wd-item\">\r\r\n\t\r\r\n\t\t\r\r\n\t\t\r\n\t\t<img decoding=\"async\"  class=\"prettyphoto\" src=\"https:\/\/startvita.pt\/site\/wp-content\/uploads\/2022\/01\/logotipo_doorgate.png\" alt=\"\">\r\r\n\r\r\n\t\r\r\n<\/div>\r\r\n\r\n\r\n<div class=\"wd-item\">\r\r\n\t\r\r\n\t\t\r\r\n\t\t\r\n\t\t<img decoding=\"async\"  class=\"prettyphoto\" src=\"https:\/\/startvita.pt\/site\/wp-content\/uploads\/2022\/01\/logotipo_Roper.png\" alt=\"\">\r\r\n\r\r\n\t\r\r\n<\/div>\r\r\n\r\n\r\n<div class=\"wd-item\">\r\r\n\t\r\r\n\t\t\r\r\n\t\t\r\n\t\t<img decoding=\"async\"  class=\"prettyphoto\" src=\"https:\/\/startvita.pt\/site\/wp-content\/uploads\/2021\/09\/dierre.png?v=1641553891\" alt=\"\">\r\r\n\r\r\n\t\r\r\n<\/div>\r\r\n\r\n\r\n<div class=\"wd-item\">\r\r\n\t\r\r\n\t\t\r\r\n\t\t\r\n\t\t<img decoding=\"async\"  class=\"prettyphoto\" src=\"https:\/\/startvita.pt\/site\/wp-content\/uploads\/2021\/09\/multi.png?v=1641554443\" alt=\"\">\r\r\n\r\r\n\t\r\r\n<\/div>\r\r\n\r\n  <\/div>\r\r\n[\/vc_column][\/vc_row][vc_row][vc_column]\t\t<div class=\"wd-heading  s-behind-t behind-about text-center\" >\r\n\t\t\t\r\n      \r\n      <h2 style=\"margin:0;\" >\r\n\t\t\t\t\tLocaliza\u00e7\u00e3o\t\t\t\t<\/h2>\r\n\r\n        <div style='margin-top: 10px;'><\/div>      \r\n              <h3 style=\"\" >\r\n\t\t\t\t\tSede\t\t\t\t<\/h3>\r\n      \r\n      \r\n    \t\t<\/div>\r\n\r\n\t\t[\/vc_column][vc_column width=&#8221;1\/2&#8243;][vc_hoverbox image=&#8221;4373&#8243; primary_title=&#8221;&#8221; hover_title=&#8221;Palmela &#8211; Quinta do Anjo&#8221; el_id=&#8221;Portas Blindadas Startvita&#8221;]Estamos presentes na Margem Sul para dar mais seguran\u00e7a \u00e0s habita\u00e7\u00f5es dos nossos clientes. Pode encontrar a nossa sede e Armaz\u00e9m na Zona Industrial Vila Am\u00e9lia, Quinta do Anjo. Dispomos de portas de seguran\u00e7a de \u00faltima gera\u00e7\u00e3o e de uma equipa de profissionais para montagem e assist\u00eancia t\u00e9cnica.<br \/>\nA Startvita \u00e9 uma marca registada e somos certificados pelo InCI enquanto especialistas na comercializa\u00e7\u00e3o e montagem de portas blindadas. Os nossos valores principais s\u00e3o a Seguran\u00e7a, Qualidade e Assist\u00eancia, fundamentos que permitem uma maior liga\u00e7\u00e3o aos nossos clientes.<br \/>\nSe pensar em adquirir portas blindadas, pense na Startvita e fa\u00e7a-nos uma visita.[\/vc_hoverbox]\t\t<div class=\"wd-heading   text-center\" >\r\n\t\t\t\r\n      \r\n      <h4 style=\"margin:0;\" >\r\n\t\t\t\t\tZona Industrial Vila Am\u00e9lia, Lote 123 - Armaz\u00e9m A\t\t\t\t<\/h4>\r\n\r\n        <div style='margin-top: 10px;'><\/div>      \r\n              <h4 style=\"\" >\r\n\t\t\t\t\t2970-805 Quinta do Anjo\t\t\t\t<\/h4>\r\n      \r\n      \r\n    \t\t<\/div>\r\n\r\n\t\t[vc_column_text]<\/p>\n<h5>Tlf.: 212216028\u00a0 \u2022\u00a0 WhatsApp: 918602894\u00a0 \u2022\u00a0 E-mail: geral@startvita.pt<\/h5>\n<p>[\/vc_column_text][\/vc_column][vc_column width=&#8221;1\/2&#8243;][vc_gmaps link=&#8221;#E-8_JTNDaWZyYW1lJTIwc3JjJTNEJTIyaHR0cHMlM0ElMkYlMkZ3d3cuZ29vZ2xlLmNvbSUyRm1hcHMlMkZlbWJlZCUzRnBiJTNEJTIxMW0xOCUyMTFtMTIlMjExbTMlMjExZDMxMTkuMjIwNTI3OTM5NjgyNiUyMTJkLTkuMDE1NDIzNjg0MzkwNjkyJTIxM2QzOC41NzQ3NjkxNzM1MDEwOCUyMTJtMyUyMTFmMCUyMTJmMCUyMTNmMCUyMTNtMiUyMTFpMTAyNCUyMTJpNzY4JTIxNGYxMy4xJTIxM20zJTIxMW0yJTIxMXMweGQxOTQzYTM1ODQxMjFjZCUyNTNBMHg5NGY1NTEyNzkyZjBhY2QlMjEyc1N0YXJ0Vml0YSUyNTJDJTI1MjBMZGEuJTIxNWUwJTIxM20yJTIxMXNlbiUyMTJzcHQlMjE0djE2MzE3MDYzNTA2MzAlMjE1bTIlMjExc2VuJTIxMnNwdCUyMiUyMHdpZHRoJTNEJTIyNjAwJTIyJTIwaGVpZ2h0JTNEJTIyNDUwJTIyJTIwc3R5bGUlM0QlMjJib3JkZXIlM0EwJTNCJTIyJTIwYWxsb3dmdWxsc2NyZWVuJTNEJTIyJTIyJTIwbG9hZGluZyUzRCUyMmxhenklMjIlM0UlM0MlMkZpZnJhbWUlM0U=&#8221;][\/vc_column][\/vc_row][vc_row][vc_column][\/vc_column][\/vc_row]<\/p>\n","protected":false},"excerpt":{"rendered":"<p>[vc_row][vc_column][\/vc_column][\/vc_row][vc_row][vc_column width=&#8221;1\/2&#8243;][vc_single_image image=&#8221;4327&#8243; img_size=&#8221;570&#215;370&#8243;][vc_single_image image=&#8221;8725&#8243;][\/vc_column][vc_column width=&#8221;1\/2&#8243;][vc_column_text] Inicio A Startvita iniciou atividade em 2006 com o foco de contribuir para a Seguran\u00e7a das fam\u00edlias e lares de todos os residentes em Portugal. Localiza\u00e7\u00e3o Desde ent\u00e3o, temos vindo a progredir e porque estamos sedeados em Quinta do Anjo, alcan\u00e7amos uma vasta \u00e1rea, bem como Margem Sul e [&hellip;]<\/p>\n","protected":false},"author":1,"featured_media":8691,"parent":0,"menu_order":0,"comment_status":"closed","ping_status":"closed","template":"","meta":{"footnotes":""},"class_list":["post-3499","page","type-page","status-publish","has-post-thumbnail","hentry"],"yoast_head":"<!-- This site is optimized with the Yoast SEO Premium plugin v24.1 (Yoast SEO v27.3) - https:\/\/yoast.com\/product\/yoast-seo-premium-wordpress\/ -->\n<title>Empresa Portas Blindadas - Startvita<\/title>\n<meta name=\"description\" content=\"A Startvita comercializa e instala Portas Blindadas, Port\u00f5es de Garagem e Motores. Produz Port\u00f5es e Gradeamentos Met\u00e1licos para o seu Lar.\" \/>\n<meta name=\"robots\" content=\"index, follow, max-snippet:-1, max-image-preview:large, max-video-preview:-1\" \/>\n<link rel=\"canonical\" href=\"https:\/\/startvita.pt\/site\/portas-blindadas\/\" \/>\n<meta property=\"og:locale\" content=\"pt_PT\" \/>\n<meta property=\"og:type\" content=\"article\" \/>\n<meta property=\"og:title\" content=\"Empresa Portas Blindadas Promo\u00e7\u00e3o para apartamento a partir de 999eur\" \/>\n<meta property=\"og:description\" content=\"Aproveite j\u00e1 a nossa promo\u00e7\u00e3o para Portas Blindadas com montagem. Contate-nos atrav\u00e9s do n\u00ba 212216028 ou WhatsApp 918602894.\" \/>\n<meta property=\"og:url\" content=\"https:\/\/startvita.pt\/site\/portas-blindadas\/\" \/>\n<meta property=\"og:site_name\" content=\"Startvita\" \/>\n<meta property=\"article:publisher\" content=\"https:\/\/www.facebook.com\/Startvita.Lda\" \/>\n<meta property=\"article:modified_time\" content=\"2024-11-15T10:36:53+00:00\" \/>\n<meta property=\"og:image\" content=\"https:\/\/startvita.pt\/site\/wp-content\/uploads\/2024\/10\/463451899_122179096646189069_921958071867808906_n.jpg?v=1729072726\" \/>\n\t<meta property=\"og:image:width\" content=\"512\" \/>\n\t<meta property=\"og:image:height\" content=\"640\" \/>\n\t<meta property=\"og:image:type\" content=\"image\/jpeg\" \/>\n<meta name=\"twitter:card\" content=\"summary_large_image\" \/>\n<meta name=\"twitter:title\" content=\"Empresa Portas Blindadas\" \/>\n<meta name=\"twitter:label1\" content=\"Tempo estimado de leitura\" \/>\n\t<meta name=\"twitter:data1\" content=\"4 minutos\" \/>\n<script type=\"application\/ld+json\" class=\"yoast-schema-graph\">{\"@context\":\"https:\\\/\\\/schema.org\",\"@graph\":[{\"@type\":\"WebPage\",\"@id\":\"https:\\\/\\\/startvita.pt\\\/site\\\/portas-blindadas\\\/\",\"url\":\"https:\\\/\\\/startvita.pt\\\/site\\\/portas-blindadas\\\/\",\"name\":\"Empresa Portas Blindadas - Startvita\",\"isPartOf\":{\"@id\":\"https:\\\/\\\/startvita.pt\\\/site\\\/#website\"},\"primaryImageOfPage\":{\"@id\":\"https:\\\/\\\/startvita.pt\\\/site\\\/portas-blindadas\\\/#primaryimage\"},\"image\":{\"@id\":\"https:\\\/\\\/startvita.pt\\\/site\\\/portas-blindadas\\\/#primaryimage\"},\"thumbnailUrl\":\"https:\\\/\\\/startvita.pt\\\/site\\\/wp-content\\\/uploads\\\/2024\\\/10\\\/IMG_20171124_171915-scaled-570x370-1.jpg\",\"datePublished\":\"2021-09-13T14:28:32+00:00\",\"dateModified\":\"2024-11-15T10:36:53+00:00\",\"description\":\"A Startvita comercializa e instala Portas Blindadas, Port\u00f5es de Garagem e Motores. Produz Port\u00f5es e Gradeamentos Met\u00e1licos para o seu Lar.\",\"breadcrumb\":{\"@id\":\"https:\\\/\\\/startvita.pt\\\/site\\\/portas-blindadas\\\/#breadcrumb\"},\"inLanguage\":\"pt-PT\",\"potentialAction\":[{\"@type\":\"ReadAction\",\"target\":[\"https:\\\/\\\/startvita.pt\\\/site\\\/portas-blindadas\\\/\"]}]},{\"@type\":\"ImageObject\",\"inLanguage\":\"pt-PT\",\"@id\":\"https:\\\/\\\/startvita.pt\\\/site\\\/portas-blindadas\\\/#primaryimage\",\"url\":\"https:\\\/\\\/startvita.pt\\\/site\\\/wp-content\\\/uploads\\\/2024\\\/10\\\/IMG_20171124_171915-scaled-570x370-1.jpg\",\"contentUrl\":\"https:\\\/\\\/startvita.pt\\\/site\\\/wp-content\\\/uploads\\\/2024\\\/10\\\/IMG_20171124_171915-scaled-570x370-1.jpg\",\"width\":570,\"height\":370,\"caption\":\"Exposi\u00e7\u00e3o de Portas\"},{\"@type\":\"BreadcrumbList\",\"@id\":\"https:\\\/\\\/startvita.pt\\\/site\\\/portas-blindadas\\\/#breadcrumb\",\"itemListElement\":[{\"@type\":\"ListItem\",\"position\":1,\"name\":\"In\u00edcio\",\"item\":\"https:\\\/\\\/startvita.pt\\\/site\\\/\"},{\"@type\":\"ListItem\",\"position\":2,\"name\":\"Empresa Portas Blindadas\"}]},{\"@type\":\"WebSite\",\"@id\":\"https:\\\/\\\/startvita.pt\\\/site\\\/#website\",\"url\":\"https:\\\/\\\/startvita.pt\\\/site\\\/\",\"name\":\"Startvita Portas Blindadas\",\"description\":\"Portas Blindadas\",\"publisher\":{\"@id\":\"https:\\\/\\\/startvita.pt\\\/site\\\/#organization\"},\"alternateName\":\"Startvita\",\"potentialAction\":[{\"@type\":\"SearchAction\",\"target\":{\"@type\":\"EntryPoint\",\"urlTemplate\":\"https:\\\/\\\/startvita.pt\\\/site\\\/?s={search_term_string}\"},\"query-input\":{\"@type\":\"PropertyValueSpecification\",\"valueRequired\":true,\"valueName\":\"search_term_string\"}}],\"inLanguage\":\"pt-PT\"},{\"@type\":\"Organization\",\"@id\":\"https:\\\/\\\/startvita.pt\\\/site\\\/#organization\",\"name\":\"Startvita Portas Blindadas\",\"alternateName\":\"Startvita, Lda.\",\"url\":\"https:\\\/\\\/startvita.pt\\\/site\\\/\",\"logo\":{\"@type\":\"ImageObject\",\"inLanguage\":\"pt-PT\",\"@id\":\"https:\\\/\\\/startvita.pt\\\/site\\\/#\\\/schema\\\/logo\\\/image\\\/\",\"url\":\"https:\\\/\\\/startvita.pt\\\/site\\\/wp-content\\\/uploads\\\/2014\\\/08\\\/Logo_seo.png\",\"contentUrl\":\"https:\\\/\\\/startvita.pt\\\/site\\\/wp-content\\\/uploads\\\/2014\\\/08\\\/Logo_seo.png\",\"width\":691,\"height\":691,\"caption\":\"Startvita Portas Blindadas\"},\"image\":{\"@id\":\"https:\\\/\\\/startvita.pt\\\/site\\\/#\\\/schema\\\/logo\\\/image\\\/\"},\"sameAs\":[\"https:\\\/\\\/www.facebook.com\\\/Startvita.Lda\",\"https:\\\/\\\/www.instagram.com\\\/startvita_portas\\\/\"],\"description\":\"Com\u00e9rcio e montagem de Portas Blindadas, Port\u00f5es Seccion\u00e1veis e Automatismos, Serralharia Port\u00f5es e Gradeamentos. Temos tamb\u00e9m Portas Corta-Fogo, Portas Multiuso, Portas de Interior, entre outros.\",\"email\":\"geral@startvita.pt\",\"telephone\":\"212216028\",\"legalName\":\"Startvita - Portas e Automatismos Unipessoal, Lda.\",\"foundingDate\":\"2006-02-07\",\"vatID\":\"507634322\",\"numberOfEmployees\":{\"@type\":\"QuantitativeValue\",\"minValue\":\"1\",\"maxValue\":\"10\"},\"publishingPrinciples\":\"https:\\\/\\\/startvita.pt\\\/site\\\/produtos-seguranca-startvita\\\/\"}]}<\/script>\n<!-- \/ Yoast SEO Premium plugin. -->","yoast_head_json":{"title":"Empresa Portas Blindadas - Startvita","description":"A Startvita comercializa e instala Portas Blindadas, Port\u00f5es de Garagem e Motores. Produz Port\u00f5es e Gradeamentos Met\u00e1licos para o seu Lar.","robots":{"index":"index","follow":"follow","max-snippet":"max-snippet:-1","max-image-preview":"max-image-preview:large","max-video-preview":"max-video-preview:-1"},"canonical":"https:\/\/startvita.pt\/site\/portas-blindadas\/","og_locale":"pt_PT","og_type":"article","og_title":"Empresa Portas Blindadas Promo\u00e7\u00e3o para apartamento a partir de 999eur","og_description":"Aproveite j\u00e1 a nossa promo\u00e7\u00e3o para Portas Blindadas com montagem. Contate-nos atrav\u00e9s do n\u00ba 212216028 ou WhatsApp 918602894.","og_url":"https:\/\/startvita.pt\/site\/portas-blindadas\/","og_site_name":"Startvita","article_publisher":"https:\/\/www.facebook.com\/Startvita.Lda","article_modified_time":"2024-11-15T10:36:53+00:00","og_image":[{"width":512,"height":640,"url":"https:\/\/startvita.pt\/site\/wp-content\/uploads\/2024\/10\/463451899_122179096646189069_921958071867808906_n.jpg?v=1729072726","type":"image\/jpeg"}],"twitter_card":"summary_large_image","twitter_title":"Empresa Portas Blindadas","twitter_misc":{"Tempo estimado de leitura":"4 minutos"},"schema":{"@context":"https:\/\/schema.org","@graph":[{"@type":"WebPage","@id":"https:\/\/startvita.pt\/site\/portas-blindadas\/","url":"https:\/\/startvita.pt\/site\/portas-blindadas\/","name":"Empresa Portas Blindadas - Startvita","isPartOf":{"@id":"https:\/\/startvita.pt\/site\/#website"},"primaryImageOfPage":{"@id":"https:\/\/startvita.pt\/site\/portas-blindadas\/#primaryimage"},"image":{"@id":"https:\/\/startvita.pt\/site\/portas-blindadas\/#primaryimage"},"thumbnailUrl":"https:\/\/startvita.pt\/site\/wp-content\/uploads\/2024\/10\/IMG_20171124_171915-scaled-570x370-1.jpg","datePublished":"2021-09-13T14:28:32+00:00","dateModified":"2024-11-15T10:36:53+00:00","description":"A Startvita comercializa e instala Portas Blindadas, Port\u00f5es de Garagem e Motores. Produz Port\u00f5es e Gradeamentos Met\u00e1licos para o seu Lar.","breadcrumb":{"@id":"https:\/\/startvita.pt\/site\/portas-blindadas\/#breadcrumb"},"inLanguage":"pt-PT","potentialAction":[{"@type":"ReadAction","target":["https:\/\/startvita.pt\/site\/portas-blindadas\/"]}]},{"@type":"ImageObject","inLanguage":"pt-PT","@id":"https:\/\/startvita.pt\/site\/portas-blindadas\/#primaryimage","url":"https:\/\/startvita.pt\/site\/wp-content\/uploads\/2024\/10\/IMG_20171124_171915-scaled-570x370-1.jpg","contentUrl":"https:\/\/startvita.pt\/site\/wp-content\/uploads\/2024\/10\/IMG_20171124_171915-scaled-570x370-1.jpg","width":570,"height":370,"caption":"Exposi\u00e7\u00e3o de Portas"},{"@type":"BreadcrumbList","@id":"https:\/\/startvita.pt\/site\/portas-blindadas\/#breadcrumb","itemListElement":[{"@type":"ListItem","position":1,"name":"In\u00edcio","item":"https:\/\/startvita.pt\/site\/"},{"@type":"ListItem","position":2,"name":"Empresa Portas Blindadas"}]},{"@type":"WebSite","@id":"https:\/\/startvita.pt\/site\/#website","url":"https:\/\/startvita.pt\/site\/","name":"Startvita Portas Blindadas","description":"Portas Blindadas","publisher":{"@id":"https:\/\/startvita.pt\/site\/#organization"},"alternateName":"Startvita","potentialAction":[{"@type":"SearchAction","target":{"@type":"EntryPoint","urlTemplate":"https:\/\/startvita.pt\/site\/?s={search_term_string}"},"query-input":{"@type":"PropertyValueSpecification","valueRequired":true,"valueName":"search_term_string"}}],"inLanguage":"pt-PT"},{"@type":"Organization","@id":"https:\/\/startvita.pt\/site\/#organization","name":"Startvita Portas Blindadas","alternateName":"Startvita, Lda.","url":"https:\/\/startvita.pt\/site\/","logo":{"@type":"ImageObject","inLanguage":"pt-PT","@id":"https:\/\/startvita.pt\/site\/#\/schema\/logo\/image\/","url":"https:\/\/startvita.pt\/site\/wp-content\/uploads\/2014\/08\/Logo_seo.png","contentUrl":"https:\/\/startvita.pt\/site\/wp-content\/uploads\/2014\/08\/Logo_seo.png","width":691,"height":691,"caption":"Startvita Portas Blindadas"},"image":{"@id":"https:\/\/startvita.pt\/site\/#\/schema\/logo\/image\/"},"sameAs":["https:\/\/www.facebook.com\/Startvita.Lda","https:\/\/www.instagram.com\/startvita_portas\/"],"description":"Com\u00e9rcio e montagem de Portas Blindadas, Port\u00f5es Seccion\u00e1veis e Automatismos, Serralharia Port\u00f5es e Gradeamentos. Temos tamb\u00e9m Portas Corta-Fogo, Portas Multiuso, Portas de Interior, entre outros.","email":"geral@startvita.pt","telephone":"212216028","legalName":"Startvita - Portas e Automatismos Unipessoal, Lda.","foundingDate":"2006-02-07","vatID":"507634322","numberOfEmployees":{"@type":"QuantitativeValue","minValue":"1","maxValue":"10"},"publishingPrinciples":"https:\/\/startvita.pt\/site\/produtos-seguranca-startvita\/"}]}},"_links":{"self":[{"href":"https:\/\/startvita.pt\/site\/wp-json\/wp\/v2\/pages\/3499","targetHints":{"allow":["GET"]}}],"collection":[{"href":"https:\/\/startvita.pt\/site\/wp-json\/wp\/v2\/pages"}],"about":[{"href":"https:\/\/startvita.pt\/site\/wp-json\/wp\/v2\/types\/page"}],"author":[{"embeddable":true,"href":"https:\/\/startvita.pt\/site\/wp-json\/wp\/v2\/users\/1"}],"replies":[{"embeddable":true,"href":"https:\/\/startvita.pt\/site\/wp-json\/wp\/v2\/comments?post=3499"}],"version-history":[{"count":109,"href":"https:\/\/startvita.pt\/site\/wp-json\/wp\/v2\/pages\/3499\/revisions"}],"predecessor-version":[{"id":8921,"href":"https:\/\/startvita.pt\/site\/wp-json\/wp\/v2\/pages\/3499\/revisions\/8921"}],"wp:featuredmedia":[{"embeddable":true,"href":"https:\/\/startvita.pt\/site\/wp-json\/wp\/v2\/media\/8691"}],"wp:attachment":[{"href":"https:\/\/startvita.pt\/site\/wp-json\/wp\/v2\/media?parent=3499"}],"curies":[{"name":"wp","href":"https:\/\/api.w.org\/{rel}","templated":true}]}}